{"id":36764,"date":"2025-10-19T03:34:15","date_gmt":"2025-10-19T01:34:15","guid":{"rendered":"https:\/\/victorybrandsdz.com\/?post_type=product&#038;p=36764"},"modified":"2025-10-19T03:34:18","modified_gmt":"2025-10-19T01:34:18","slug":"reebok-quick-jogger-2","status":"publish","type":"product","link":"https:\/\/victorybrandsdz.com\/index.php\/product\/reebok-quick-jogger-2\/","title":{"rendered":"REEBOK QUICK JOGGER"},"content":{"rendered":"<p>Confort et l\u00e9geret\u00e9 pour le jogging l\u00e9ger<\/p>\n","protected":false},"excerpt":{"rendered":"<p>Jogging quotidien<\/p>\n","protected":false},"featured_media":36552,"comment_status":"open","ping_status":"closed","template":"","meta":[],"product_brand":[],"product_cat":[383,398],"product_tag":[],"class_list":{"0":"post-36764","1":"product","2":"type-product","3":"status-publish","4":"has-post-thumbnail","6":"product_cat-chaussures-de-running","7":"product_cat-nouveautes","9":"first","10":"instock","11":"shipping-taxable","12":"purchasable","13":"product-type-variable"},"_links":{"self":[{"href":"https:\/\/victorybrandsdz.com\/index.php\/wp-json\/wp\/v2\/product\/36764","targetHints":{"allow":["GET"]}}],"collection":[{"href":"https:\/\/victorybrandsdz.com\/index.php\/wp-json\/wp\/v2\/product"}],"about":[{"href":"https:\/\/victorybrandsdz.com\/index.php\/wp-json\/wp\/v2\/types\/product"}],"replies":[{"embeddable":true,"href":"https:\/\/victorybrandsdz.com\/index.php\/wp-json\/wp\/v2\/comments?post=36764"}],"version-history":[{"count":1,"href":"https:\/\/victorybrandsdz.com\/index.php\/wp-json\/wp\/v2\/product\/36764\/revisions"}],"predecessor-version":[{"id":36783,"href":"https:\/\/victorybrandsdz.com\/index.php\/wp-json\/wp\/v2\/product\/36764\/revisions\/36783"}],"wp:featuredmedia":[{"embeddable":true,"href":"https:\/\/victorybrandsdz.com\/index.php\/wp-json\/wp\/v2\/media\/36552"}],"wp:attachment":[{"href":"https:\/\/victorybrandsdz.com\/index.php\/wp-json\/wp\/v2\/media?parent=36764"}],"wp:term":[{"taxonomy":"product_brand","embeddable":true,"href":"https:\/\/victorybrandsdz.com\/index.php\/wp-json\/wp\/v2\/product_brand?post=36764"},{"taxonomy":"product_cat","embeddable":true,"href":"https:\/\/victorybrandsdz.com\/index.php\/wp-json\/wp\/v2\/product_cat?post=36764"},{"taxonomy":"product_tag","embeddable":true,"href":"https:\/\/victorybrandsdz.com\/index.php\/wp-json\/wp\/v2\/product_tag?post=36764"}],"curies":[{"name":"wp","href":"https:\/\/api.w.org\/{rel}","templated":true}]}}