{"id":36763,"date":"2025-10-19T03:34:15","date_gmt":"2025-10-19T01:34:15","guid":{"rendered":"https:\/\/victorybrandsdz.com\/?post_type=product&#038;p=36763"},"modified":"2025-10-19T03:34:18","modified_gmt":"2025-10-19T01:34:18","slug":"reebok-quick-jogger","status":"publish","type":"product","link":"https:\/\/victorybrandsdz.com\/index.php\/product\/reebok-quick-jogger\/","title":{"rendered":"REEBOK QUICK JOGGER"},"content":{"rendered":"<p>Confort et l\u00e9geret\u00e9 pour le jogging l\u00e9ger<\/p>\n","protected":false},"excerpt":{"rendered":"<p>Jogging quotidien<\/p>\n","protected":false},"featured_media":36547,"comment_status":"open","ping_status":"closed","template":"","meta":[],"product_brand":[],"product_cat":[383,398],"product_tag":[],"class_list":{"0":"post-36763","1":"product","2":"type-product","3":"status-publish","4":"has-post-thumbnail","6":"product_cat-chaussures-de-running","7":"product_cat-nouveautes","9":"first","10":"instock","11":"shipping-taxable","12":"purchasable","13":"product-type-variable"},"_links":{"self":[{"href":"https:\/\/victorybrandsdz.com\/index.php\/wp-json\/wp\/v2\/product\/36763","targetHints":{"allow":["GET"]}}],"collection":[{"href":"https:\/\/victorybrandsdz.com\/index.php\/wp-json\/wp\/v2\/product"}],"about":[{"href":"https:\/\/victorybrandsdz.com\/index.php\/wp-json\/wp\/v2\/types\/product"}],"replies":[{"embeddable":true,"href":"https:\/\/victorybrandsdz.com\/index.php\/wp-json\/wp\/v2\/comments?post=36763"}],"version-history":[{"count":1,"href":"https:\/\/victorybrandsdz.com\/index.php\/wp-json\/wp\/v2\/product\/36763\/revisions"}],"predecessor-version":[{"id":36777,"href":"https:\/\/victorybrandsdz.com\/index.php\/wp-json\/wp\/v2\/product\/36763\/revisions\/36777"}],"wp:featuredmedia":[{"embeddable":true,"href":"https:\/\/victorybrandsdz.com\/index.php\/wp-json\/wp\/v2\/media\/36547"}],"wp:attachment":[{"href":"https:\/\/victorybrandsdz.com\/index.php\/wp-json\/wp\/v2\/media?parent=36763"}],"wp:term":[{"taxonomy":"product_brand","embeddable":true,"href":"https:\/\/victorybrandsdz.com\/index.php\/wp-json\/wp\/v2\/product_brand?post=36763"},{"taxonomy":"product_cat","embeddable":true,"href":"https:\/\/victorybrandsdz.com\/index.php\/wp-json\/wp\/v2\/product_cat?post=36763"},{"taxonomy":"product_tag","embeddable":true,"href":"https:\/\/victorybrandsdz.com\/index.php\/wp-json\/wp\/v2\/product_tag?post=36763"}],"curies":[{"name":"wp","href":"https:\/\/api.w.org\/{rel}","templated":true}]}}