{"id":32618,"date":"2025-06-05T16:11:52","date_gmt":"2025-06-05T14:11:52","guid":{"rendered":"https:\/\/victorybrandsdz.com\/?post_type=product&#038;p=32618"},"modified":"2025-10-16T19:28:44","modified_gmt":"2025-10-16T17:28:44","slug":"slippers-81","status":"publish","type":"product","link":"https:\/\/victorybrandsdz.com\/index.php\/product\/slippers-81\/","title":{"rendered":"SLIPPERS"},"content":{"rendered":"<p>Alliant durabilit\u00e9 et \u00e9l\u00e9gance, les Sandales sont adapt\u00e9es \u00e0 la plage comme \u00e0 la ville.<\/p>\n","protected":false},"excerpt":{"rendered":"<p>Une sandale styl\u00e9e et confortable pour un usage quotidien.<\/p>\n","protected":false},"featured_media":32554,"comment_status":"open","ping_status":"closed","template":"","meta":[],"product_brand":[],"product_cat":[396],"product_tag":[],"class_list":{"0":"post-32618","1":"product","2":"type-product","3":"status-publish","4":"has-post-thumbnail","6":"product_cat-sandales","8":"first","9":"instock","10":"shipping-taxable","11":"purchasable","12":"product-type-variable"},"_links":{"self":[{"href":"https:\/\/victorybrandsdz.com\/index.php\/wp-json\/wp\/v2\/product\/32618","targetHints":{"allow":["GET"]}}],"collection":[{"href":"https:\/\/victorybrandsdz.com\/index.php\/wp-json\/wp\/v2\/product"}],"about":[{"href":"https:\/\/victorybrandsdz.com\/index.php\/wp-json\/wp\/v2\/types\/product"}],"replies":[{"embeddable":true,"href":"https:\/\/victorybrandsdz.com\/index.php\/wp-json\/wp\/v2\/comments?post=32618"}],"version-history":[{"count":1,"href":"https:\/\/victorybrandsdz.com\/index.php\/wp-json\/wp\/v2\/product\/32618\/revisions"}],"predecessor-version":[{"id":32624,"href":"https:\/\/victorybrandsdz.com\/index.php\/wp-json\/wp\/v2\/product\/32618\/revisions\/32624"}],"wp:featuredmedia":[{"embeddable":true,"href":"https:\/\/victorybrandsdz.com\/index.php\/wp-json\/wp\/v2\/media\/32554"}],"wp:attachment":[{"href":"https:\/\/victorybrandsdz.com\/index.php\/wp-json\/wp\/v2\/media?parent=32618"}],"wp:term":[{"taxonomy":"product_brand","embeddable":true,"href":"https:\/\/victorybrandsdz.com\/index.php\/wp-json\/wp\/v2\/product_brand?post=32618"},{"taxonomy":"product_cat","embeddable":true,"href":"https:\/\/victorybrandsdz.com\/index.php\/wp-json\/wp\/v2\/product_cat?post=32618"},{"taxonomy":"product_tag","embeddable":true,"href":"https:\/\/victorybrandsdz.com\/index.php\/wp-json\/wp\/v2\/product_tag?post=32618"}],"curies":[{"name":"wp","href":"https:\/\/api.w.org\/{rel}","templated":true}]}}