{"id":32044,"date":"2025-05-22T13:29:11","date_gmt":"2025-05-22T11:29:11","guid":{"rendered":"https:\/\/victorybrandsdz.com\/?post_type=product&#038;p=32044"},"modified":"2025-10-16T19:28:41","modified_gmt":"2025-10-16T17:28:41","slug":"reebok-court-advance-clip-4","status":"publish","type":"product","link":"https:\/\/victorybrandsdz.com\/index.php\/product\/reebok-court-advance-clip-4\/","title":{"rendered":"REEBOK COURT ADVANCE CLIP"},"content":{"rendered":"<p>Ce mod\u00e8le premium associe des mat\u00e9riaux haut de gamme \u00e0 une semelle flexible, id\u00e9al pour ceux qui allient performance et \u00e9l\u00e9gance.<\/p>\n","protected":false},"excerpt":{"rendered":"<p>Chaussure REEBOK COURT ADVANCE CLIP, fusion de technicit\u00e9 et d&rsquo;esth\u00e9tique urbaine.<\/p>\n","protected":false},"featured_media":32001,"comment_status":"open","ping_status":"closed","template":"","meta":[],"product_brand":[],"product_cat":[382],"product_tag":[242],"class_list":{"0":"post-32044","1":"product","2":"type-product","3":"status-publish","4":"has-post-thumbnail","6":"product_cat-baskets-chaussures-homme","7":"product_tag-242","9":"first","10":"instock","11":"shipping-taxable","12":"purchasable","13":"product-type-variable"},"_links":{"self":[{"href":"https:\/\/victorybrandsdz.com\/index.php\/wp-json\/wp\/v2\/product\/32044","targetHints":{"allow":["GET"]}}],"collection":[{"href":"https:\/\/victorybrandsdz.com\/index.php\/wp-json\/wp\/v2\/product"}],"about":[{"href":"https:\/\/victorybrandsdz.com\/index.php\/wp-json\/wp\/v2\/types\/product"}],"replies":[{"embeddable":true,"href":"https:\/\/victorybrandsdz.com\/index.php\/wp-json\/wp\/v2\/comments?post=32044"}],"version-history":[{"count":1,"href":"https:\/\/victorybrandsdz.com\/index.php\/wp-json\/wp\/v2\/product\/32044\/revisions"}],"predecessor-version":[{"id":32071,"href":"https:\/\/victorybrandsdz.com\/index.php\/wp-json\/wp\/v2\/product\/32044\/revisions\/32071"}],"wp:featuredmedia":[{"embeddable":true,"href":"https:\/\/victorybrandsdz.com\/index.php\/wp-json\/wp\/v2\/media\/32001"}],"wp:attachment":[{"href":"https:\/\/victorybrandsdz.com\/index.php\/wp-json\/wp\/v2\/media?parent=32044"}],"wp:term":[{"taxonomy":"product_brand","embeddable":true,"href":"https:\/\/victorybrandsdz.com\/index.php\/wp-json\/wp\/v2\/product_brand?post=32044"},{"taxonomy":"product_cat","embeddable":true,"href":"https:\/\/victorybrandsdz.com\/index.php\/wp-json\/wp\/v2\/product_cat?post=32044"},{"taxonomy":"product_tag","embeddable":true,"href":"https:\/\/victorybrandsdz.com\/index.php\/wp-json\/wp\/v2\/product_tag?post=32044"}],"curies":[{"name":"wp","href":"https:\/\/api.w.org\/{rel}","templated":true}]}}