{"id":32043,"date":"2025-05-22T13:29:11","date_gmt":"2025-05-22T11:29:11","guid":{"rendered":"https:\/\/victorybrandsdz.com\/?post_type=product&#038;p=32043"},"modified":"2025-10-27T13:20:42","modified_gmt":"2025-10-27T12:20:42","slug":"reebok-court-advance-clip-3","status":"publish","type":"product","link":"https:\/\/victorybrandsdz.com\/index.php\/product\/reebok-court-advance-clip-3\/","title":{"rendered":"REEBOK COURT ADVANCE CLIP"},"content":{"rendered":"<p>La COURT ADVANCE CLIP int\u00e8gre des \u00e9l\u00e9ments modulables pour un ajustement sur mesure, tout en conservant le confort et le design embl\u00e9matique de la gamme.<\/p>\n","protected":false},"excerpt":{"rendered":"<p>Version CLIP de la REEBOK COURT ADVANCE, avec d\u00e9tails ajustables pour un style personnalis\u00e9.<\/p>\n","protected":false},"featured_media":31996,"comment_status":"open","ping_status":"closed","template":"","meta":[],"product_brand":[],"product_cat":[382],"product_tag":[242],"class_list":{"0":"post-32043","1":"product","2":"type-product","3":"status-publish","4":"has-post-thumbnail","6":"product_cat-baskets-chaussures-homme","7":"product_tag-242","9":"first","10":"instock","11":"shipping-taxable","12":"purchasable","13":"product-type-variable"},"_links":{"self":[{"href":"https:\/\/victorybrandsdz.com\/index.php\/wp-json\/wp\/v2\/product\/32043","targetHints":{"allow":["GET"]}}],"collection":[{"href":"https:\/\/victorybrandsdz.com\/index.php\/wp-json\/wp\/v2\/product"}],"about":[{"href":"https:\/\/victorybrandsdz.com\/index.php\/wp-json\/wp\/v2\/types\/product"}],"replies":[{"embeddable":true,"href":"https:\/\/victorybrandsdz.com\/index.php\/wp-json\/wp\/v2\/comments?post=32043"}],"version-history":[{"count":1,"href":"https:\/\/victorybrandsdz.com\/index.php\/wp-json\/wp\/v2\/product\/32043\/revisions"}],"predecessor-version":[{"id":32063,"href":"https:\/\/victorybrandsdz.com\/index.php\/wp-json\/wp\/v2\/product\/32043\/revisions\/32063"}],"wp:featuredmedia":[{"embeddable":true,"href":"https:\/\/victorybrandsdz.com\/index.php\/wp-json\/wp\/v2\/media\/31996"}],"wp:attachment":[{"href":"https:\/\/victorybrandsdz.com\/index.php\/wp-json\/wp\/v2\/media?parent=32043"}],"wp:term":[{"taxonomy":"product_brand","embeddable":true,"href":"https:\/\/victorybrandsdz.com\/index.php\/wp-json\/wp\/v2\/product_brand?post=32043"},{"taxonomy":"product_cat","embeddable":true,"href":"https:\/\/victorybrandsdz.com\/index.php\/wp-json\/wp\/v2\/product_cat?post=32043"},{"taxonomy":"product_tag","embeddable":true,"href":"https:\/\/victorybrandsdz.com\/index.php\/wp-json\/wp\/v2\/product_tag?post=32043"}],"curies":[{"name":"wp","href":"https:\/\/api.w.org\/{rel}","templated":true}]}}