{"id":32042,"date":"2025-05-22T13:29:10","date_gmt":"2025-05-22T11:29:10","guid":{"rendered":"https:\/\/victorybrandsdz.com\/?post_type=product&#038;p=32042"},"modified":"2025-10-16T19:28:41","modified_gmt":"2025-10-16T17:28:41","slug":"zig-dynamica-str-4","status":"publish","type":"product","link":"https:\/\/victorybrandsdz.com\/index.php\/product\/zig-dynamica-str-4\/","title":{"rendered":"ZIG DYNAMICA STR"},"content":{"rendered":"<p>Alliant innovation et style, cette chaussure assure un amorti r\u00e9actif et un maintien renforc\u00e9, parfaite pour les athl\u00e8tes exigeants.<\/p>\n","protected":false},"excerpt":{"rendered":"<p>Mod\u00e8le ZIG DYNAMICA STR, design audacieux et amorti haute performance.<\/p>\n","protected":false},"featured_media":31991,"comment_status":"open","ping_status":"closed","template":"","meta":[],"product_brand":[],"product_cat":[383],"product_tag":[242],"class_list":{"0":"post-32042","1":"product","2":"type-product","3":"status-publish","4":"has-post-thumbnail","6":"product_cat-chaussures-de-running","7":"product_tag-242","9":"first","10":"instock","11":"shipping-taxable","12":"purchasable","13":"product-type-variable"},"_links":{"self":[{"href":"https:\/\/victorybrandsdz.com\/index.php\/wp-json\/wp\/v2\/product\/32042","targetHints":{"allow":["GET"]}}],"collection":[{"href":"https:\/\/victorybrandsdz.com\/index.php\/wp-json\/wp\/v2\/product"}],"about":[{"href":"https:\/\/victorybrandsdz.com\/index.php\/wp-json\/wp\/v2\/types\/product"}],"replies":[{"embeddable":true,"href":"https:\/\/victorybrandsdz.com\/index.php\/wp-json\/wp\/v2\/comments?post=32042"}],"version-history":[{"count":1,"href":"https:\/\/victorybrandsdz.com\/index.php\/wp-json\/wp\/v2\/product\/32042\/revisions"}],"predecessor-version":[{"id":32054,"href":"https:\/\/victorybrandsdz.com\/index.php\/wp-json\/wp\/v2\/product\/32042\/revisions\/32054"}],"wp:featuredmedia":[{"embeddable":true,"href":"https:\/\/victorybrandsdz.com\/index.php\/wp-json\/wp\/v2\/media\/31991"}],"wp:attachment":[{"href":"https:\/\/victorybrandsdz.com\/index.php\/wp-json\/wp\/v2\/media?parent=32042"}],"wp:term":[{"taxonomy":"product_brand","embeddable":true,"href":"https:\/\/victorybrandsdz.com\/index.php\/wp-json\/wp\/v2\/product_brand?post=32042"},{"taxonomy":"product_cat","embeddable":true,"href":"https:\/\/victorybrandsdz.com\/index.php\/wp-json\/wp\/v2\/product_cat?post=32042"},{"taxonomy":"product_tag","embeddable":true,"href":"https:\/\/victorybrandsdz.com\/index.php\/wp-json\/wp\/v2\/product_tag?post=32042"}],"curies":[{"name":"wp","href":"https:\/\/api.w.org\/{rel}","templated":true}]}}