{"id":32010,"date":"2025-05-22T13:29:04","date_gmt":"2025-05-22T11:29:04","guid":{"rendered":"https:\/\/victorybrandsdz.com\/?post_type=product&#038;p=32010"},"modified":"2025-12-30T23:51:00","modified_gmt":"2025-12-30T22:51:00","slug":"at-craze-3-2","status":"publish","type":"product","link":"https:\/\/victorybrandsdz.com\/index.php\/product\/at-craze-3-2\/","title":{"rendered":"AT CRAZE 3"},"content":{"rendered":"<p>Le mod\u00e8le AT CRAZE 3 offre une respirabilit\u00e9 am\u00e9lior\u00e9e et un soutien dynamique, id\u00e9al pour les coureurs recherchant vitesse et stabilit\u00e9.<\/p>\n","protected":false},"excerpt":{"rendered":"<p>Chaussure de running REEBOK AT CRAZE 3, l\u00e9g\u00e8re et r\u00e9active pour des performances optimales.<\/p>\n","protected":false},"featured_media":31981,"comment_status":"open","ping_status":"closed","template":"","meta":[],"product_brand":[],"product_cat":[383],"product_tag":[242],"class_list":{"0":"post-32010","1":"product","2":"type-product","3":"status-publish","4":"has-post-thumbnail","6":"product_cat-chaussures-de-running","7":"product_tag-242","9":"first","10":"instock","11":"shipping-taxable","12":"purchasable","13":"product-type-variable"},"_links":{"self":[{"href":"https:\/\/victorybrandsdz.com\/index.php\/wp-json\/wp\/v2\/product\/32010","targetHints":{"allow":["GET"]}}],"collection":[{"href":"https:\/\/victorybrandsdz.com\/index.php\/wp-json\/wp\/v2\/product"}],"about":[{"href":"https:\/\/victorybrandsdz.com\/index.php\/wp-json\/wp\/v2\/types\/product"}],"replies":[{"embeddable":true,"href":"https:\/\/victorybrandsdz.com\/index.php\/wp-json\/wp\/v2\/comments?post=32010"}],"version-history":[{"count":1,"href":"https:\/\/victorybrandsdz.com\/index.php\/wp-json\/wp\/v2\/product\/32010\/revisions"}],"predecessor-version":[{"id":32035,"href":"https:\/\/victorybrandsdz.com\/index.php\/wp-json\/wp\/v2\/product\/32010\/revisions\/32035"}],"wp:featuredmedia":[{"embeddable":true,"href":"https:\/\/victorybrandsdz.com\/index.php\/wp-json\/wp\/v2\/media\/31981"}],"wp:attachment":[{"href":"https:\/\/victorybrandsdz.com\/index.php\/wp-json\/wp\/v2\/media?parent=32010"}],"wp:term":[{"taxonomy":"product_brand","embeddable":true,"href":"https:\/\/victorybrandsdz.com\/index.php\/wp-json\/wp\/v2\/product_brand?post=32010"},{"taxonomy":"product_cat","embeddable":true,"href":"https:\/\/victorybrandsdz.com\/index.php\/wp-json\/wp\/v2\/product_cat?post=32010"},{"taxonomy":"product_tag","embeddable":true,"href":"https:\/\/victorybrandsdz.com\/index.php\/wp-json\/wp\/v2\/product_tag?post=32010"}],"curies":[{"name":"wp","href":"https:\/\/api.w.org\/{rel}","templated":true}]}}