{"id":31542,"date":"2025-05-11T13:52:46","date_gmt":"2025-05-11T11:52:46","guid":{"rendered":"https:\/\/victorybrandsdz.com\/?post_type=product&#038;p=31542"},"modified":"2025-10-29T11:11:40","modified_gmt":"2025-10-29T10:11:40","slug":"zig-dynamica-str-2","status":"publish","type":"product","link":"https:\/\/victorybrandsdz.com\/index.php\/product\/zig-dynamica-str-2\/","title":{"rendered":"ZIG DYNAMICA"},"content":{"rendered":"<p>Les ZIG DYNAMICA STR offrent un excellent retour d&rsquo;\u00e9nergie gr\u00e2ce \u00e0 leur semelle innovante. Con\u00e7ues pour les coureurs recherchant performance et style.<\/p>\n","protected":false},"excerpt":{"rendered":"<p>Chaussures de running ZIG DYNAMICA STR pour une foul\u00e9e dynamique<\/p>\n","protected":false},"featured_media":31486,"comment_status":"open","ping_status":"closed","template":"","meta":[],"product_brand":[],"product_cat":[382],"product_tag":[],"class_list":{"0":"post-31542","1":"product","2":"type-product","3":"status-publish","4":"has-post-thumbnail","6":"product_cat-baskets-chaussures-homme","8":"first","9":"instock","10":"shipping-taxable","11":"purchasable","12":"product-type-variable"},"_links":{"self":[{"href":"https:\/\/victorybrandsdz.com\/index.php\/wp-json\/wp\/v2\/product\/31542","targetHints":{"allow":["GET"]}}],"collection":[{"href":"https:\/\/victorybrandsdz.com\/index.php\/wp-json\/wp\/v2\/product"}],"about":[{"href":"https:\/\/victorybrandsdz.com\/index.php\/wp-json\/wp\/v2\/types\/product"}],"replies":[{"embeddable":true,"href":"https:\/\/victorybrandsdz.com\/index.php\/wp-json\/wp\/v2\/comments?post=31542"}],"version-history":[{"count":2,"href":"https:\/\/victorybrandsdz.com\/index.php\/wp-json\/wp\/v2\/product\/31542\/revisions"}],"predecessor-version":[{"id":31635,"href":"https:\/\/victorybrandsdz.com\/index.php\/wp-json\/wp\/v2\/product\/31542\/revisions\/31635"}],"wp:featuredmedia":[{"embeddable":true,"href":"https:\/\/victorybrandsdz.com\/index.php\/wp-json\/wp\/v2\/media\/31486"}],"wp:attachment":[{"href":"https:\/\/victorybrandsdz.com\/index.php\/wp-json\/wp\/v2\/media?parent=31542"}],"wp:term":[{"taxonomy":"product_brand","embeddable":true,"href":"https:\/\/victorybrandsdz.com\/index.php\/wp-json\/wp\/v2\/product_brand?post=31542"},{"taxonomy":"product_cat","embeddable":true,"href":"https:\/\/victorybrandsdz.com\/index.php\/wp-json\/wp\/v2\/product_cat?post=31542"},{"taxonomy":"product_tag","embeddable":true,"href":"https:\/\/victorybrandsdz.com\/index.php\/wp-json\/wp\/v2\/product_tag?post=31542"}],"curies":[{"name":"wp","href":"https:\/\/api.w.org\/{rel}","templated":true}]}}