{"id":31493,"date":"2025-05-11T13:52:38","date_gmt":"2025-05-11T11:52:38","guid":{"rendered":"https:\/\/victorybrandsdz.com\/?post_type=product&#038;p=31493"},"modified":"2025-10-16T19:28:14","modified_gmt":"2025-10-16T17:28:14","slug":"at-craze-3","status":"publish","type":"product","link":"https:\/\/victorybrandsdz.com\/index.php\/product\/at-craze-3\/","title":{"rendered":"AT CRAZE 3"},"content":{"rendered":"<p>Les AT CRAZE 3 allient l\u00e9g\u00e8ret\u00e9 et respirabilit\u00e9 pour des performances optimales. Semelle flexible et conception ergonomique.<\/p>\n","protected":false},"excerpt":{"rendered":"<p>Chaussures de sport AT CRAZE 3 pour performance et style<\/p>\n","protected":false},"featured_media":31451,"comment_status":"open","ping_status":"closed","template":"","meta":[],"product_brand":[],"product_cat":[383],"product_tag":[],"class_list":{"0":"post-31493","1":"product","2":"type-product","3":"status-publish","4":"has-post-thumbnail","6":"product_cat-chaussures-de-running","8":"first","9":"instock","10":"shipping-taxable","11":"purchasable","12":"product-type-variable"},"_links":{"self":[{"href":"https:\/\/victorybrandsdz.com\/index.php\/wp-json\/wp\/v2\/product\/31493","targetHints":{"allow":["GET"]}}],"collection":[{"href":"https:\/\/victorybrandsdz.com\/index.php\/wp-json\/wp\/v2\/product"}],"about":[{"href":"https:\/\/victorybrandsdz.com\/index.php\/wp-json\/wp\/v2\/types\/product"}],"replies":[{"embeddable":true,"href":"https:\/\/victorybrandsdz.com\/index.php\/wp-json\/wp\/v2\/comments?post=31493"}],"version-history":[{"count":1,"href":"https:\/\/victorybrandsdz.com\/index.php\/wp-json\/wp\/v2\/product\/31493\/revisions"}],"predecessor-version":[{"id":31501,"href":"https:\/\/victorybrandsdz.com\/index.php\/wp-json\/wp\/v2\/product\/31493\/revisions\/31501"}],"wp:featuredmedia":[{"embeddable":true,"href":"https:\/\/victorybrandsdz.com\/index.php\/wp-json\/wp\/v2\/media\/31451"}],"wp:attachment":[{"href":"https:\/\/victorybrandsdz.com\/index.php\/wp-json\/wp\/v2\/media?parent=31493"}],"wp:term":[{"taxonomy":"product_brand","embeddable":true,"href":"https:\/\/victorybrandsdz.com\/index.php\/wp-json\/wp\/v2\/product_brand?post=31493"},{"taxonomy":"product_cat","embeddable":true,"href":"https:\/\/victorybrandsdz.com\/index.php\/wp-json\/wp\/v2\/product_cat?post=31493"},{"taxonomy":"product_tag","embeddable":true,"href":"https:\/\/victorybrandsdz.com\/index.php\/wp-json\/wp\/v2\/product_tag?post=31493"}],"curies":[{"name":"wp","href":"https:\/\/api.w.org\/{rel}","templated":true}]}}