{"id":31440,"date":"2025-05-11T13:07:43","date_gmt":"2025-05-11T11:07:43","guid":{"rendered":"https:\/\/victorybrandsdz.com\/index.php\/product\/athlete-cap-2\/"},"modified":"2025-10-16T19:28:31","modified_gmt":"2025-10-16T17:28:31","slug":"athlete-cap-2","status":"publish","type":"product","link":"https:\/\/victorybrandsdz.com\/index.php\/product\/athlete-cap-2\/","title":{"rendered":"ATHLETE CAP"},"content":{"rendered":"<p>Con\u00e7ue pour les athl\u00e8tes, cette casquette offre un excellent maintien et une respirabilit\u00e9 optimale pendant l&rsquo;effort.<\/p>\n","protected":false},"excerpt":{"rendered":"<p>Casquette ATHLETE, performance et style<\/p>\n","protected":false},"featured_media":31281,"comment_status":"open","ping_status":"closed","template":"","meta":[],"product_brand":[],"product_cat":[443],"product_tag":[],"class_list":{"0":"post-31440","1":"product","2":"type-product","3":"status-publish","4":"has-post-thumbnail","6":"product_cat-casquettes","8":"first","9":"instock","10":"shipping-taxable","11":"purchasable","12":"product-type-simple"},"_links":{"self":[{"href":"https:\/\/victorybrandsdz.com\/index.php\/wp-json\/wp\/v2\/product\/31440","targetHints":{"allow":["GET"]}}],"collection":[{"href":"https:\/\/victorybrandsdz.com\/index.php\/wp-json\/wp\/v2\/product"}],"about":[{"href":"https:\/\/victorybrandsdz.com\/index.php\/wp-json\/wp\/v2\/types\/product"}],"replies":[{"embeddable":true,"href":"https:\/\/victorybrandsdz.com\/index.php\/wp-json\/wp\/v2\/comments?post=31440"}],"version-history":[{"count":2,"href":"https:\/\/victorybrandsdz.com\/index.php\/wp-json\/wp\/v2\/product\/31440\/revisions"}],"predecessor-version":[{"id":32786,"href":"https:\/\/victorybrandsdz.com\/index.php\/wp-json\/wp\/v2\/product\/31440\/revisions\/32786"}],"wp:featuredmedia":[{"embeddable":true,"href":"https:\/\/victorybrandsdz.com\/index.php\/wp-json\/wp\/v2\/media\/31281"}],"wp:attachment":[{"href":"https:\/\/victorybrandsdz.com\/index.php\/wp-json\/wp\/v2\/media?parent=31440"}],"wp:term":[{"taxonomy":"product_brand","embeddable":true,"href":"https:\/\/victorybrandsdz.com\/index.php\/wp-json\/wp\/v2\/product_brand?post=31440"},{"taxonomy":"product_cat","embeddable":true,"href":"https:\/\/victorybrandsdz.com\/index.php\/wp-json\/wp\/v2\/product_cat?post=31440"},{"taxonomy":"product_tag","embeddable":true,"href":"https:\/\/victorybrandsdz.com\/index.php\/wp-json\/wp\/v2\/product_tag?post=31440"}],"curies":[{"name":"wp","href":"https:\/\/api.w.org\/{rel}","templated":true}]}}