{"id":31436,"date":"2025-05-11T13:07:41","date_gmt":"2025-05-11T11:07:41","guid":{"rendered":"https:\/\/victorybrandsdz.com\/index.php\/product\/aero-cap-2\/"},"modified":"2025-10-16T19:28:31","modified_gmt":"2025-10-16T17:28:31","slug":"aero-cap-2","status":"publish","type":"product","link":"https:\/\/victorybrandsdz.com\/index.php\/product\/aero-cap-2\/","title":{"rendered":"AERO CAP"},"content":{"rendered":"<p>La casquette AERO allie style et fonctionnalit\u00e9 avec son design profil\u00e9 et ses mat\u00e9riaux l\u00e9gers.<\/p>\n","protected":false},"excerpt":{"rendered":"<p>Casquette AERO, design a\u00e9rodynamique<\/p>\n","protected":false},"featured_media":31269,"comment_status":"open","ping_status":"closed","template":"","meta":[],"product_brand":[],"product_cat":[443],"product_tag":[],"class_list":{"0":"post-31436","1":"product","2":"type-product","3":"status-publish","4":"has-post-thumbnail","6":"product_cat-casquettes","8":"first","9":"instock","10":"shipping-taxable","11":"purchasable","12":"product-type-simple"},"_links":{"self":[{"href":"https:\/\/victorybrandsdz.com\/index.php\/wp-json\/wp\/v2\/product\/31436","targetHints":{"allow":["GET"]}}],"collection":[{"href":"https:\/\/victorybrandsdz.com\/index.php\/wp-json\/wp\/v2\/product"}],"about":[{"href":"https:\/\/victorybrandsdz.com\/index.php\/wp-json\/wp\/v2\/types\/product"}],"replies":[{"embeddable":true,"href":"https:\/\/victorybrandsdz.com\/index.php\/wp-json\/wp\/v2\/comments?post=31436"}],"version-history":[{"count":1,"href":"https:\/\/victorybrandsdz.com\/index.php\/wp-json\/wp\/v2\/product\/31436\/revisions"}],"predecessor-version":[{"id":31711,"href":"https:\/\/victorybrandsdz.com\/index.php\/wp-json\/wp\/v2\/product\/31436\/revisions\/31711"}],"wp:featuredmedia":[{"embeddable":true,"href":"https:\/\/victorybrandsdz.com\/index.php\/wp-json\/wp\/v2\/media\/31269"}],"wp:attachment":[{"href":"https:\/\/victorybrandsdz.com\/index.php\/wp-json\/wp\/v2\/media?parent=31436"}],"wp:term":[{"taxonomy":"product_brand","embeddable":true,"href":"https:\/\/victorybrandsdz.com\/index.php\/wp-json\/wp\/v2\/product_brand?post=31436"},{"taxonomy":"product_cat","embeddable":true,"href":"https:\/\/victorybrandsdz.com\/index.php\/wp-json\/wp\/v2\/product_cat?post=31436"},{"taxonomy":"product_tag","embeddable":true,"href":"https:\/\/victorybrandsdz.com\/index.php\/wp-json\/wp\/v2\/product_tag?post=31436"}],"curies":[{"name":"wp","href":"https:\/\/api.w.org\/{rel}","templated":true}]}}