{"id":31408,"date":"2025-05-11T13:07:34","date_gmt":"2025-05-11T11:07:34","guid":{"rendered":"https:\/\/victorybrandsdz.com\/index.php\/product\/clsc-bp-bts-2\/"},"modified":"2025-10-16T19:28:25","modified_gmt":"2025-10-16T17:28:25","slug":"clsc-bp-bts-2","status":"publish","type":"product","link":"https:\/\/victorybrandsdz.com\/index.php\/product\/clsc-bp-bts-2\/","title":{"rendered":"CLSC BP BTS"},"content":{"rendered":"<p>\u00c9dition limit\u00e9e du sac \u00e0 dos CLSC BTS avec des d\u00e9tails exclusifs et des mat\u00e9riaux premium.<\/p>\n","protected":false},"excerpt":{"rendered":"<p>Sac \u00e0 dos CLSC BTS, \u00e9dition limit\u00e9e<\/p>\n","protected":false},"featured_media":31224,"comment_status":"open","ping_status":"closed","template":"","meta":[],"product_brand":[],"product_cat":[427],"product_tag":[],"class_list":{"0":"post-31408","1":"product","2":"type-product","3":"status-publish","4":"has-post-thumbnail","6":"product_cat-sacs-a-dos","8":"first","9":"instock","10":"shipping-taxable","11":"purchasable","12":"product-type-simple"},"_links":{"self":[{"href":"https:\/\/victorybrandsdz.com\/index.php\/wp-json\/wp\/v2\/product\/31408","targetHints":{"allow":["GET"]}}],"collection":[{"href":"https:\/\/victorybrandsdz.com\/index.php\/wp-json\/wp\/v2\/product"}],"about":[{"href":"https:\/\/victorybrandsdz.com\/index.php\/wp-json\/wp\/v2\/types\/product"}],"replies":[{"embeddable":true,"href":"https:\/\/victorybrandsdz.com\/index.php\/wp-json\/wp\/v2\/comments?post=31408"}],"version-history":[{"count":1,"href":"https:\/\/victorybrandsdz.com\/index.php\/wp-json\/wp\/v2\/product\/31408\/revisions"}],"predecessor-version":[{"id":31683,"href":"https:\/\/victorybrandsdz.com\/index.php\/wp-json\/wp\/v2\/product\/31408\/revisions\/31683"}],"wp:featuredmedia":[{"embeddable":true,"href":"https:\/\/victorybrandsdz.com\/index.php\/wp-json\/wp\/v2\/media\/31224"}],"wp:attachment":[{"href":"https:\/\/victorybrandsdz.com\/index.php\/wp-json\/wp\/v2\/media?parent=31408"}],"wp:term":[{"taxonomy":"product_brand","embeddable":true,"href":"https:\/\/victorybrandsdz.com\/index.php\/wp-json\/wp\/v2\/product_brand?post=31408"},{"taxonomy":"product_cat","embeddable":true,"href":"https:\/\/victorybrandsdz.com\/index.php\/wp-json\/wp\/v2\/product_cat?post=31408"},{"taxonomy":"product_tag","embeddable":true,"href":"https:\/\/victorybrandsdz.com\/index.php\/wp-json\/wp\/v2\/product_tag?post=31408"}],"curies":[{"name":"wp","href":"https:\/\/api.w.org\/{rel}","templated":true}]}}