{"id":31404,"date":"2025-05-11T13:07:32","date_gmt":"2025-05-11T11:07:32","guid":{"rendered":"https:\/\/victorybrandsdz.com\/index.php\/product\/linear-bp-2\/"},"modified":"2025-10-16T19:28:24","modified_gmt":"2025-10-16T17:28:24","slug":"linear-bp-2","status":"publish","type":"product","link":"https:\/\/victorybrandsdz.com\/index.php\/product\/linear-bp-2\/","title":{"rendered":"LINEAR BP"},"content":{"rendered":"<p>Le sac \u00e0 dos LINEAR se distingue par ses lignes \u00e9pur\u00e9es et ses mat\u00e9riaux l\u00e9gers mais r\u00e9sistants.<\/p>\n","protected":false},"excerpt":{"rendered":"<p>Sac \u00e0 dos LINEAR, design moderne<\/p>\n","protected":false},"featured_media":31212,"comment_status":"open","ping_status":"closed","template":"","meta":[],"product_brand":[],"product_cat":[427],"product_tag":[],"class_list":{"0":"post-31404","1":"product","2":"type-product","3":"status-publish","4":"has-post-thumbnail","6":"product_cat-sacs-a-dos","8":"first","9":"instock","10":"shipping-taxable","11":"purchasable","12":"product-type-simple"},"_links":{"self":[{"href":"https:\/\/victorybrandsdz.com\/index.php\/wp-json\/wp\/v2\/product\/31404","targetHints":{"allow":["GET"]}}],"collection":[{"href":"https:\/\/victorybrandsdz.com\/index.php\/wp-json\/wp\/v2\/product"}],"about":[{"href":"https:\/\/victorybrandsdz.com\/index.php\/wp-json\/wp\/v2\/types\/product"}],"replies":[{"embeddable":true,"href":"https:\/\/victorybrandsdz.com\/index.php\/wp-json\/wp\/v2\/comments?post=31404"}],"version-history":[{"count":1,"href":"https:\/\/victorybrandsdz.com\/index.php\/wp-json\/wp\/v2\/product\/31404\/revisions"}],"predecessor-version":[{"id":31679,"href":"https:\/\/victorybrandsdz.com\/index.php\/wp-json\/wp\/v2\/product\/31404\/revisions\/31679"}],"wp:featuredmedia":[{"embeddable":true,"href":"https:\/\/victorybrandsdz.com\/index.php\/wp-json\/wp\/v2\/media\/31212"}],"wp:attachment":[{"href":"https:\/\/victorybrandsdz.com\/index.php\/wp-json\/wp\/v2\/media?parent=31404"}],"wp:term":[{"taxonomy":"product_brand","embeddable":true,"href":"https:\/\/victorybrandsdz.com\/index.php\/wp-json\/wp\/v2\/product_brand?post=31404"},{"taxonomy":"product_cat","embeddable":true,"href":"https:\/\/victorybrandsdz.com\/index.php\/wp-json\/wp\/v2\/product_cat?post=31404"},{"taxonomy":"product_tag","embeddable":true,"href":"https:\/\/victorybrandsdz.com\/index.php\/wp-json\/wp\/v2\/product_tag?post=31404"}],"curies":[{"name":"wp","href":"https:\/\/api.w.org\/{rel}","templated":true}]}}