{"id":31400,"date":"2025-05-11T13:07:31","date_gmt":"2025-05-11T11:07:31","guid":{"rendered":"https:\/\/victorybrandsdz.com\/index.php\/product\/bp-46cm-sally\/"},"modified":"2025-10-16T19:28:23","modified_gmt":"2025-10-16T17:28:23","slug":"bp-46cm-sally","status":"publish","type":"product","link":"https:\/\/victorybrandsdz.com\/index.php\/product\/bp-46cm-sally\/","title":{"rendered":"BP 46CM SALLY"},"content":{"rendered":"<p>Ce sac \u00e0 dos SALLY 46cm offre un espace bien organis\u00e9 avec un style \u00e9l\u00e9gant et f\u00e9minin. Parfait pour la ville.<\/p>\n","protected":false},"excerpt":{"rendered":"<p>Sac \u00e0 dos SALLY 46cm, design f\u00e9minin<\/p>\n","protected":false},"featured_media":31198,"comment_status":"open","ping_status":"closed","template":"","meta":[],"product_brand":[],"product_cat":[427],"product_tag":[],"class_list":{"0":"post-31400","1":"product","2":"type-product","3":"status-publish","4":"has-post-thumbnail","6":"product_cat-sacs-a-dos","8":"first","9":"instock","10":"shipping-taxable","11":"purchasable","12":"product-type-simple"},"_links":{"self":[{"href":"https:\/\/victorybrandsdz.com\/index.php\/wp-json\/wp\/v2\/product\/31400","targetHints":{"allow":["GET"]}}],"collection":[{"href":"https:\/\/victorybrandsdz.com\/index.php\/wp-json\/wp\/v2\/product"}],"about":[{"href":"https:\/\/victorybrandsdz.com\/index.php\/wp-json\/wp\/v2\/types\/product"}],"replies":[{"embeddable":true,"href":"https:\/\/victorybrandsdz.com\/index.php\/wp-json\/wp\/v2\/comments?post=31400"}],"version-history":[{"count":1,"href":"https:\/\/victorybrandsdz.com\/index.php\/wp-json\/wp\/v2\/product\/31400\/revisions"}],"predecessor-version":[{"id":31674,"href":"https:\/\/victorybrandsdz.com\/index.php\/wp-json\/wp\/v2\/product\/31400\/revisions\/31674"}],"wp:featuredmedia":[{"embeddable":true,"href":"https:\/\/victorybrandsdz.com\/index.php\/wp-json\/wp\/v2\/media\/31198"}],"wp:attachment":[{"href":"https:\/\/victorybrandsdz.com\/index.php\/wp-json\/wp\/v2\/media?parent=31400"}],"wp:term":[{"taxonomy":"product_brand","embeddable":true,"href":"https:\/\/victorybrandsdz.com\/index.php\/wp-json\/wp\/v2\/product_brand?post=31400"},{"taxonomy":"product_cat","embeddable":true,"href":"https:\/\/victorybrandsdz.com\/index.php\/wp-json\/wp\/v2\/product_cat?post=31400"},{"taxonomy":"product_tag","embeddable":true,"href":"https:\/\/victorybrandsdz.com\/index.php\/wp-json\/wp\/v2\/product_tag?post=31400"}],"curies":[{"name":"wp","href":"https:\/\/api.w.org\/{rel}","templated":true}]}}