{"id":31399,"date":"2025-05-11T13:07:30","date_gmt":"2025-05-11T11:07:30","guid":{"rendered":"https:\/\/victorybrandsdz.com\/index.php\/product\/backpack-45cm-reebok-brooklyn-black\/"},"modified":"2025-10-16T19:28:23","modified_gmt":"2025-10-16T17:28:23","slug":"backpack-45cm-reebok-brooklyn-black","status":"publish","type":"product","link":"https:\/\/victorybrandsdz.com\/index.php\/product\/backpack-45cm-reebok-brooklyn-black\/","title":{"rendered":"BACKPACK 45CM REEBOK BROOKLYN BLACK"},"content":{"rendered":"<p>Le BROOKLYN 45cm en noir combine style urbain et fonctionnalit\u00e9 avec ses multiples poches et son design \u00e9pur\u00e9.<\/p>\n","protected":false},"excerpt":{"rendered":"<p>Sac \u00e0 dos REEBOK BROOKLYN 45cm noir<\/p>\n","protected":false},"featured_media":31195,"comment_status":"open","ping_status":"closed","template":"","meta":[],"product_brand":[],"product_cat":[427],"product_tag":[],"class_list":{"0":"post-31399","1":"product","2":"type-product","3":"status-publish","4":"has-post-thumbnail","6":"product_cat-sacs-a-dos","8":"first","9":"instock","10":"shipping-taxable","11":"purchasable","12":"product-type-simple"},"_links":{"self":[{"href":"https:\/\/victorybrandsdz.com\/index.php\/wp-json\/wp\/v2\/product\/31399","targetHints":{"allow":["GET"]}}],"collection":[{"href":"https:\/\/victorybrandsdz.com\/index.php\/wp-json\/wp\/v2\/product"}],"about":[{"href":"https:\/\/victorybrandsdz.com\/index.php\/wp-json\/wp\/v2\/types\/product"}],"replies":[{"embeddable":true,"href":"https:\/\/victorybrandsdz.com\/index.php\/wp-json\/wp\/v2\/comments?post=31399"}],"version-history":[{"count":1,"href":"https:\/\/victorybrandsdz.com\/index.php\/wp-json\/wp\/v2\/product\/31399\/revisions"}],"predecessor-version":[{"id":31673,"href":"https:\/\/victorybrandsdz.com\/index.php\/wp-json\/wp\/v2\/product\/31399\/revisions\/31673"}],"wp:featuredmedia":[{"embeddable":true,"href":"https:\/\/victorybrandsdz.com\/index.php\/wp-json\/wp\/v2\/media\/31195"}],"wp:attachment":[{"href":"https:\/\/victorybrandsdz.com\/index.php\/wp-json\/wp\/v2\/media?parent=31399"}],"wp:term":[{"taxonomy":"product_brand","embeddable":true,"href":"https:\/\/victorybrandsdz.com\/index.php\/wp-json\/wp\/v2\/product_brand?post=31399"},{"taxonomy":"product_cat","embeddable":true,"href":"https:\/\/victorybrandsdz.com\/index.php\/wp-json\/wp\/v2\/product_cat?post=31399"},{"taxonomy":"product_tag","embeddable":true,"href":"https:\/\/victorybrandsdz.com\/index.php\/wp-json\/wp\/v2\/product_tag?post=31399"}],"curies":[{"name":"wp","href":"https:\/\/api.w.org\/{rel}","templated":true}]}}