{"id":31397,"date":"2025-05-11T13:07:30","date_gmt":"2025-05-11T11:07:30","guid":{"rendered":"https:\/\/victorybrandsdz.com\/index.php\/product\/bp-48cm-2c-rockport\/"},"modified":"2025-10-16T19:28:23","modified_gmt":"2025-10-16T17:28:23","slug":"bp-48cm-2c-rockport","status":"publish","type":"product","link":"https:\/\/victorybrandsdz.com\/index.php\/product\/bp-48cm-2c-rockport\/","title":{"rendered":"BP 48CM 2C ROCKPORT"},"content":{"rendered":"<p>Ce sac \u00e0 dos ROCKPORT 48cm se distingue par son design deux couleurs et ses mat\u00e9riaux r\u00e9sistants. Parfait pour le quotidien.<\/p>\n","protected":false},"excerpt":{"rendered":"<p>Sac \u00e0 dos ROCKPORT 48cm deux couleurs<\/p>\n","protected":false},"featured_media":31189,"comment_status":"open","ping_status":"closed","template":"","meta":[],"product_brand":[],"product_cat":[427],"product_tag":[],"class_list":{"0":"post-31397","1":"product","2":"type-product","3":"status-publish","4":"has-post-thumbnail","6":"product_cat-sacs-a-dos","8":"first","9":"instock","10":"shipping-taxable","11":"purchasable","12":"product-type-simple"},"_links":{"self":[{"href":"https:\/\/victorybrandsdz.com\/index.php\/wp-json\/wp\/v2\/product\/31397","targetHints":{"allow":["GET"]}}],"collection":[{"href":"https:\/\/victorybrandsdz.com\/index.php\/wp-json\/wp\/v2\/product"}],"about":[{"href":"https:\/\/victorybrandsdz.com\/index.php\/wp-json\/wp\/v2\/types\/product"}],"replies":[{"embeddable":true,"href":"https:\/\/victorybrandsdz.com\/index.php\/wp-json\/wp\/v2\/comments?post=31397"}],"version-history":[{"count":1,"href":"https:\/\/victorybrandsdz.com\/index.php\/wp-json\/wp\/v2\/product\/31397\/revisions"}],"predecessor-version":[{"id":31671,"href":"https:\/\/victorybrandsdz.com\/index.php\/wp-json\/wp\/v2\/product\/31397\/revisions\/31671"}],"wp:featuredmedia":[{"embeddable":true,"href":"https:\/\/victorybrandsdz.com\/index.php\/wp-json\/wp\/v2\/media\/31189"}],"wp:attachment":[{"href":"https:\/\/victorybrandsdz.com\/index.php\/wp-json\/wp\/v2\/media?parent=31397"}],"wp:term":[{"taxonomy":"product_brand","embeddable":true,"href":"https:\/\/victorybrandsdz.com\/index.php\/wp-json\/wp\/v2\/product_brand?post=31397"},{"taxonomy":"product_cat","embeddable":true,"href":"https:\/\/victorybrandsdz.com\/index.php\/wp-json\/wp\/v2\/product_cat?post=31397"},{"taxonomy":"product_tag","embeddable":true,"href":"https:\/\/victorybrandsdz.com\/index.php\/wp-json\/wp\/v2\/product_tag?post=31397"}],"curies":[{"name":"wp","href":"https:\/\/api.w.org\/{rel}","templated":true}]}}