{"id":31395,"date":"2025-05-11T13:07:29","date_gmt":"2025-05-11T11:07:29","guid":{"rendered":"https:\/\/victorybrandsdz.com\/index.php\/product\/rionera-wayland\/"},"modified":"2025-10-16T19:28:22","modified_gmt":"2025-10-16T17:28:22","slug":"rionera-wayland","status":"publish","type":"product","link":"https:\/\/victorybrandsdz.com\/index.php\/product\/rionera-wayland\/","title":{"rendered":"RIONERA WAYLAND"},"content":{"rendered":"<p>Cette banane WAYLAND est parfaite pour garder vos essentiels \u00e0 port\u00e9e de main lors de vos d\u00e9placements. Design compact et fonctionnel.<\/p>\n","protected":false},"excerpt":{"rendered":"<p>Banane RIONERA WAYLAND, pratique et styl\u00e9e<\/p>\n","protected":false},"featured_media":31183,"comment_status":"open","ping_status":"closed","template":"","meta":[],"product_brand":[],"product_cat":[500],"product_tag":[],"class_list":{"0":"post-31395","1":"product","2":"type-product","3":"status-publish","4":"has-post-thumbnail","6":"product_cat-bananes","8":"first","9":"instock","10":"shipping-taxable","11":"purchasable","12":"product-type-simple"},"_links":{"self":[{"href":"https:\/\/victorybrandsdz.com\/index.php\/wp-json\/wp\/v2\/product\/31395","targetHints":{"allow":["GET"]}}],"collection":[{"href":"https:\/\/victorybrandsdz.com\/index.php\/wp-json\/wp\/v2\/product"}],"about":[{"href":"https:\/\/victorybrandsdz.com\/index.php\/wp-json\/wp\/v2\/types\/product"}],"replies":[{"embeddable":true,"href":"https:\/\/victorybrandsdz.com\/index.php\/wp-json\/wp\/v2\/comments?post=31395"}],"version-history":[{"count":1,"href":"https:\/\/victorybrandsdz.com\/index.php\/wp-json\/wp\/v2\/product\/31395\/revisions"}],"predecessor-version":[{"id":31669,"href":"https:\/\/victorybrandsdz.com\/index.php\/wp-json\/wp\/v2\/product\/31395\/revisions\/31669"}],"wp:featuredmedia":[{"embeddable":true,"href":"https:\/\/victorybrandsdz.com\/index.php\/wp-json\/wp\/v2\/media\/31183"}],"wp:attachment":[{"href":"https:\/\/victorybrandsdz.com\/index.php\/wp-json\/wp\/v2\/media?parent=31395"}],"wp:term":[{"taxonomy":"product_brand","embeddable":true,"href":"https:\/\/victorybrandsdz.com\/index.php\/wp-json\/wp\/v2\/product_brand?post=31395"},{"taxonomy":"product_cat","embeddable":true,"href":"https:\/\/victorybrandsdz.com\/index.php\/wp-json\/wp\/v2\/product_cat?post=31395"},{"taxonomy":"product_tag","embeddable":true,"href":"https:\/\/victorybrandsdz.com\/index.php\/wp-json\/wp\/v2\/product_tag?post=31395"}],"curies":[{"name":"wp","href":"https:\/\/api.w.org\/{rel}","templated":true}]}}