{"id":31394,"date":"2025-05-11T13:07:28","date_gmt":"2025-05-11T11:07:28","guid":{"rendered":"https:\/\/victorybrandsdz.com\/index.php\/product\/backpack-48cm-reebok-wayland-navy-blue\/"},"modified":"2025-10-16T19:28:22","modified_gmt":"2025-10-16T17:28:22","slug":"backpack-48cm-reebok-wayland-navy-blue","status":"publish","type":"product","link":"https:\/\/victorybrandsdz.com\/index.php\/product\/backpack-48cm-reebok-wayland-navy-blue\/","title":{"rendered":"BACKPACK 48CM REEBOK WAYLAND NAVY BLUE"},"content":{"rendered":"<p>Version navy blue du sac \u00e0 dos WAYLAND 48cm, alliant fonctionnalit\u00e9 et style sportif \u00e9l\u00e9gant.<\/p>\n","protected":false},"excerpt":{"rendered":"<p>Sac \u00e0 dos REEBOK WAYLAND 48cm en navy blue<\/p>\n","protected":false},"featured_media":31180,"comment_status":"open","ping_status":"closed","template":"","meta":[],"product_brand":[],"product_cat":[427],"product_tag":[],"class_list":{"0":"post-31394","1":"product","2":"type-product","3":"status-publish","4":"has-post-thumbnail","6":"product_cat-sacs-a-dos","8":"first","9":"instock","10":"shipping-taxable","11":"purchasable","12":"product-type-simple"},"_links":{"self":[{"href":"https:\/\/victorybrandsdz.com\/index.php\/wp-json\/wp\/v2\/product\/31394","targetHints":{"allow":["GET"]}}],"collection":[{"href":"https:\/\/victorybrandsdz.com\/index.php\/wp-json\/wp\/v2\/product"}],"about":[{"href":"https:\/\/victorybrandsdz.com\/index.php\/wp-json\/wp\/v2\/types\/product"}],"replies":[{"embeddable":true,"href":"https:\/\/victorybrandsdz.com\/index.php\/wp-json\/wp\/v2\/comments?post=31394"}],"version-history":[{"count":1,"href":"https:\/\/victorybrandsdz.com\/index.php\/wp-json\/wp\/v2\/product\/31394\/revisions"}],"predecessor-version":[{"id":31668,"href":"https:\/\/victorybrandsdz.com\/index.php\/wp-json\/wp\/v2\/product\/31394\/revisions\/31668"}],"wp:featuredmedia":[{"embeddable":true,"href":"https:\/\/victorybrandsdz.com\/index.php\/wp-json\/wp\/v2\/media\/31180"}],"wp:attachment":[{"href":"https:\/\/victorybrandsdz.com\/index.php\/wp-json\/wp\/v2\/media?parent=31394"}],"wp:term":[{"taxonomy":"product_brand","embeddable":true,"href":"https:\/\/victorybrandsdz.com\/index.php\/wp-json\/wp\/v2\/product_brand?post=31394"},{"taxonomy":"product_cat","embeddable":true,"href":"https:\/\/victorybrandsdz.com\/index.php\/wp-json\/wp\/v2\/product_cat?post=31394"},{"taxonomy":"product_tag","embeddable":true,"href":"https:\/\/victorybrandsdz.com\/index.php\/wp-json\/wp\/v2\/product_tag?post=31394"}],"curies":[{"name":"wp","href":"https:\/\/api.w.org\/{rel}","templated":true}]}}