{"id":31390,"date":"2025-05-11T13:07:27","date_gmt":"2025-05-11T11:07:27","guid":{"rendered":"https:\/\/victorybrandsdz.com\/index.php\/product\/bp-45cm-berlin\/"},"modified":"2025-10-16T19:28:22","modified_gmt":"2025-10-16T17:28:22","slug":"bp-45cm-berlin","status":"publish","type":"product","link":"https:\/\/victorybrandsdz.com\/index.php\/product\/bp-45cm-berlin\/","title":{"rendered":"BP 45CM. BERLIN"},"content":{"rendered":"<p>Le sac \u00e0 dos BERLIN 45cm se distingue par son design minimaliste et ses mat\u00e9riaux durables. Id\u00e9al pour la ville.<\/p>\n","protected":false},"excerpt":{"rendered":"<p>Sac \u00e0 dos BERLIN 45cm, design \u00e9pur\u00e9<\/p>\n","protected":false},"featured_media":31168,"comment_status":"open","ping_status":"closed","template":"","meta":[],"product_brand":[],"product_cat":[427],"product_tag":[],"class_list":{"0":"post-31390","1":"product","2":"type-product","3":"status-publish","4":"has-post-thumbnail","6":"product_cat-sacs-a-dos","8":"first","9":"instock","10":"shipping-taxable","11":"purchasable","12":"product-type-simple"},"_links":{"self":[{"href":"https:\/\/victorybrandsdz.com\/index.php\/wp-json\/wp\/v2\/product\/31390","targetHints":{"allow":["GET"]}}],"collection":[{"href":"https:\/\/victorybrandsdz.com\/index.php\/wp-json\/wp\/v2\/product"}],"about":[{"href":"https:\/\/victorybrandsdz.com\/index.php\/wp-json\/wp\/v2\/types\/product"}],"replies":[{"embeddable":true,"href":"https:\/\/victorybrandsdz.com\/index.php\/wp-json\/wp\/v2\/comments?post=31390"}],"version-history":[{"count":1,"href":"https:\/\/victorybrandsdz.com\/index.php\/wp-json\/wp\/v2\/product\/31390\/revisions"}],"predecessor-version":[{"id":31664,"href":"https:\/\/victorybrandsdz.com\/index.php\/wp-json\/wp\/v2\/product\/31390\/revisions\/31664"}],"wp:featuredmedia":[{"embeddable":true,"href":"https:\/\/victorybrandsdz.com\/index.php\/wp-json\/wp\/v2\/media\/31168"}],"wp:attachment":[{"href":"https:\/\/victorybrandsdz.com\/index.php\/wp-json\/wp\/v2\/media?parent=31390"}],"wp:term":[{"taxonomy":"product_brand","embeddable":true,"href":"https:\/\/victorybrandsdz.com\/index.php\/wp-json\/wp\/v2\/product_brand?post=31390"},{"taxonomy":"product_cat","embeddable":true,"href":"https:\/\/victorybrandsdz.com\/index.php\/wp-json\/wp\/v2\/product_cat?post=31390"},{"taxonomy":"product_tag","embeddable":true,"href":"https:\/\/victorybrandsdz.com\/index.php\/wp-json\/wp\/v2\/product_tag?post=31390"}],"curies":[{"name":"wp","href":"https:\/\/api.w.org\/{rel}","templated":true}]}}