{"id":30467,"date":"2025-04-13T15:45:13","date_gmt":"2025-04-13T13:45:13","guid":{"rendered":"https:\/\/victorybrandsdz.com\/?post_type=product&#038;p=30467"},"modified":"2025-10-16T19:27:49","modified_gmt":"2025-10-16T17:27:49","slug":"runfalcon-4-w-2","status":"publish","type":"product","link":"https:\/\/victorybrandsdz.com\/index.php\/product\/runfalcon-4-w-2\/","title":{"rendered":"RUNFALCON 4 W"},"content":{"rendered":"<p>Les RUNFALCON 4 W allient l\u00e9g\u00e8ret\u00e9 et stabilit\u00e9, parfaites pour les coureuses occasionnelles ou r\u00e9guli\u00e8res.<\/p>\n","protected":false},"excerpt":{"rendered":"<p>Chaussures de running f\u00e9minines pour une foul\u00e9e fluide<\/p>\n","protected":false},"featured_media":29454,"comment_status":"open","ping_status":"closed","template":"","meta":[],"product_brand":[],"product_cat":[385],"product_tag":[242],"class_list":{"0":"post-30467","1":"product","2":"type-product","3":"status-publish","4":"has-post-thumbnail","6":"product_cat-chaussures-de-running-chaussures-femme","7":"product_tag-242","9":"first","10":"instock","11":"shipping-taxable","12":"purchasable","13":"product-type-variable"},"_links":{"self":[{"href":"https:\/\/victorybrandsdz.com\/index.php\/wp-json\/wp\/v2\/product\/30467","targetHints":{"allow":["GET"]}}],"collection":[{"href":"https:\/\/victorybrandsdz.com\/index.php\/wp-json\/wp\/v2\/product"}],"about":[{"href":"https:\/\/victorybrandsdz.com\/index.php\/wp-json\/wp\/v2\/types\/product"}],"replies":[{"embeddable":true,"href":"https:\/\/victorybrandsdz.com\/index.php\/wp-json\/wp\/v2\/comments?post=30467"}],"version-history":[{"count":1,"href":"https:\/\/victorybrandsdz.com\/index.php\/wp-json\/wp\/v2\/product\/30467\/revisions"}],"predecessor-version":[{"id":30475,"href":"https:\/\/victorybrandsdz.com\/index.php\/wp-json\/wp\/v2\/product\/30467\/revisions\/30475"}],"wp:featuredmedia":[{"embeddable":true,"href":"https:\/\/victorybrandsdz.com\/index.php\/wp-json\/wp\/v2\/media\/29454"}],"wp:attachment":[{"href":"https:\/\/victorybrandsdz.com\/index.php\/wp-json\/wp\/v2\/media?parent=30467"}],"wp:term":[{"taxonomy":"product_brand","embeddable":true,"href":"https:\/\/victorybrandsdz.com\/index.php\/wp-json\/wp\/v2\/product_brand?post=30467"},{"taxonomy":"product_cat","embeddable":true,"href":"https:\/\/victorybrandsdz.com\/index.php\/wp-json\/wp\/v2\/product_cat?post=30467"},{"taxonomy":"product_tag","embeddable":true,"href":"https:\/\/victorybrandsdz.com\/index.php\/wp-json\/wp\/v2\/product_tag?post=30467"}],"curies":[{"name":"wp","href":"https:\/\/api.w.org\/{rel}","templated":true}]}}