{"id":30466,"date":"2025-04-13T15:45:12","date_gmt":"2025-04-13T13:45:12","guid":{"rendered":"https:\/\/victorybrandsdz.com\/index.php\/product\/runfalcon-4-w\/"},"modified":"2025-10-16T19:27:46","modified_gmt":"2025-10-16T17:27:46","slug":"runfalcon-4-w","status":"publish","type":"product","link":"https:\/\/victorybrandsdz.com\/index.php\/product\/runfalcon-4-w\/","title":{"rendered":"RUNFALCON 4 W"},"content":{"rendered":"<p>Con\u00e7ues sp\u00e9cifiquement pour les femmes, les RUNFALCON 4 W offrent un maintien pr\u00e9cis et un confort durable.<\/p>\n","protected":false},"excerpt":{"rendered":"<p>Running shoes pour femmes, l\u00e9g\u00e8res et adapt\u00e9es \u00e0 la course<\/p>\n","protected":false},"featured_media":29449,"comment_status":"open","ping_status":"closed","template":"","meta":[],"product_brand":[],"product_cat":[385],"product_tag":[242],"class_list":{"0":"post-30466","1":"product","2":"type-product","3":"status-publish","4":"has-post-thumbnail","6":"product_cat-chaussures-de-running-chaussures-femme","7":"product_tag-242","9":"first","10":"instock","11":"shipping-taxable","12":"purchasable","13":"product-type-variable"},"_links":{"self":[{"href":"https:\/\/victorybrandsdz.com\/index.php\/wp-json\/wp\/v2\/product\/30466","targetHints":{"allow":["GET"]}}],"collection":[{"href":"https:\/\/victorybrandsdz.com\/index.php\/wp-json\/wp\/v2\/product"}],"about":[{"href":"https:\/\/victorybrandsdz.com\/index.php\/wp-json\/wp\/v2\/types\/product"}],"replies":[{"embeddable":true,"href":"https:\/\/victorybrandsdz.com\/index.php\/wp-json\/wp\/v2\/comments?post=30466"}],"version-history":[{"count":0,"href":"https:\/\/victorybrandsdz.com\/index.php\/wp-json\/wp\/v2\/product\/30466\/revisions"}],"wp:featuredmedia":[{"embeddable":true,"href":"https:\/\/victorybrandsdz.com\/index.php\/wp-json\/wp\/v2\/media\/29449"}],"wp:attachment":[{"href":"https:\/\/victorybrandsdz.com\/index.php\/wp-json\/wp\/v2\/media?parent=30466"}],"wp:term":[{"taxonomy":"product_brand","embeddable":true,"href":"https:\/\/victorybrandsdz.com\/index.php\/wp-json\/wp\/v2\/product_brand?post=30466"},{"taxonomy":"product_cat","embeddable":true,"href":"https:\/\/victorybrandsdz.com\/index.php\/wp-json\/wp\/v2\/product_cat?post=30466"},{"taxonomy":"product_tag","embeddable":true,"href":"https:\/\/victorybrandsdz.com\/index.php\/wp-json\/wp\/v2\/product_tag?post=30466"}],"curies":[{"name":"wp","href":"https:\/\/api.w.org\/{rel}","templated":true}]}}