{"id":30436,"date":"2025-04-13T15:45:02","date_gmt":"2025-04-13T13:45:02","guid":{"rendered":"https:\/\/victorybrandsdz.com\/?post_type=product&#038;p=30436"},"modified":"2025-10-16T19:27:46","modified_gmt":"2025-10-16T17:27:46","slug":"runfalcon-4","status":"publish","type":"product","link":"https:\/\/victorybrandsdz.com\/index.php\/product\/runfalcon-4\/","title":{"rendered":"RUNFALCON 4"},"content":{"rendered":"<p>Les RUNFALCON 4 sont con\u00e7ues pour les coureurs recherchant l\u00e9g\u00e8ret\u00e9 et dynamisme, avec une semelle flexible.<\/p>\n","protected":false},"excerpt":{"rendered":"<p>Running shoes l\u00e9g\u00e8res et r\u00e9actives pour une foul\u00e9e naturelle<\/p>\n","protected":false},"featured_media":29444,"comment_status":"open","ping_status":"closed","template":"","meta":[],"product_brand":[],"product_cat":[383],"product_tag":[242],"class_list":{"0":"post-30436","1":"product","2":"type-product","3":"status-publish","4":"has-post-thumbnail","6":"product_cat-chaussures-de-running","7":"product_tag-242","9":"first","10":"instock","11":"shipping-taxable","12":"purchasable","13":"product-type-variable"},"_links":{"self":[{"href":"https:\/\/victorybrandsdz.com\/index.php\/wp-json\/wp\/v2\/product\/30436","targetHints":{"allow":["GET"]}}],"collection":[{"href":"https:\/\/victorybrandsdz.com\/index.php\/wp-json\/wp\/v2\/product"}],"about":[{"href":"https:\/\/victorybrandsdz.com\/index.php\/wp-json\/wp\/v2\/types\/product"}],"replies":[{"embeddable":true,"href":"https:\/\/victorybrandsdz.com\/index.php\/wp-json\/wp\/v2\/comments?post=30436"}],"version-history":[{"count":1,"href":"https:\/\/victorybrandsdz.com\/index.php\/wp-json\/wp\/v2\/product\/30436\/revisions"}],"predecessor-version":[{"id":30458,"href":"https:\/\/victorybrandsdz.com\/index.php\/wp-json\/wp\/v2\/product\/30436\/revisions\/30458"}],"wp:featuredmedia":[{"embeddable":true,"href":"https:\/\/victorybrandsdz.com\/index.php\/wp-json\/wp\/v2\/media\/29444"}],"wp:attachment":[{"href":"https:\/\/victorybrandsdz.com\/index.php\/wp-json\/wp\/v2\/media?parent=30436"}],"wp:term":[{"taxonomy":"product_brand","embeddable":true,"href":"https:\/\/victorybrandsdz.com\/index.php\/wp-json\/wp\/v2\/product_brand?post=30436"},{"taxonomy":"product_cat","embeddable":true,"href":"https:\/\/victorybrandsdz.com\/index.php\/wp-json\/wp\/v2\/product_cat?post=30436"},{"taxonomy":"product_tag","embeddable":true,"href":"https:\/\/victorybrandsdz.com\/index.php\/wp-json\/wp\/v2\/product_tag?post=30436"}],"curies":[{"name":"wp","href":"https:\/\/api.w.org\/{rel}","templated":true}]}}