{"id":30285,"date":"2025-04-13T15:34:48","date_gmt":"2025-04-13T13:34:48","guid":{"rendered":"https:\/\/victorybrandsdz.com\/?post_type=product&#038;p=30285"},"modified":"2025-10-16T19:28:11","modified_gmt":"2025-10-16T17:28:11","slug":"adilette-aqua-9","status":"publish","type":"product","link":"https:\/\/victorybrandsdz.com\/index.php\/product\/adilette-aqua-9\/","title":{"rendered":"ADILETTE AQUA"},"content":{"rendered":"<p>Les ADILETTE AQUA sont con\u00e7ues pour les activit\u00e9s aquatiques, avec un s\u00e9chage rapide et un maintien s\u00fbr.<\/p>\n","protected":false},"excerpt":{"rendered":"<p>Sandales aquatiques pour un confort et une r\u00e9sistance optimaux<\/p>\n","protected":false},"featured_media":29754,"comment_status":"open","ping_status":"closed","template":"","meta":[],"product_brand":[],"product_cat":[392],"product_tag":[245],"class_list":{"0":"post-30285","1":"product","2":"type-product","3":"status-publish","4":"has-post-thumbnail","6":"product_cat-claquettes","7":"product_tag-245","9":"first","10":"instock","11":"shipping-taxable","12":"purchasable","13":"product-type-variable"},"_links":{"self":[{"href":"https:\/\/victorybrandsdz.com\/index.php\/wp-json\/wp\/v2\/product\/30285","targetHints":{"allow":["GET"]}}],"collection":[{"href":"https:\/\/victorybrandsdz.com\/index.php\/wp-json\/wp\/v2\/product"}],"about":[{"href":"https:\/\/victorybrandsdz.com\/index.php\/wp-json\/wp\/v2\/types\/product"}],"replies":[{"embeddable":true,"href":"https:\/\/victorybrandsdz.com\/index.php\/wp-json\/wp\/v2\/comments?post=30285"}],"version-history":[{"count":1,"href":"https:\/\/victorybrandsdz.com\/index.php\/wp-json\/wp\/v2\/product\/30285\/revisions"}],"predecessor-version":[{"id":30313,"href":"https:\/\/victorybrandsdz.com\/index.php\/wp-json\/wp\/v2\/product\/30285\/revisions\/30313"}],"wp:featuredmedia":[{"embeddable":true,"href":"https:\/\/victorybrandsdz.com\/index.php\/wp-json\/wp\/v2\/media\/29754"}],"wp:attachment":[{"href":"https:\/\/victorybrandsdz.com\/index.php\/wp-json\/wp\/v2\/media?parent=30285"}],"wp:term":[{"taxonomy":"product_brand","embeddable":true,"href":"https:\/\/victorybrandsdz.com\/index.php\/wp-json\/wp\/v2\/product_brand?post=30285"},{"taxonomy":"product_cat","embeddable":true,"href":"https:\/\/victorybrandsdz.com\/index.php\/wp-json\/wp\/v2\/product_cat?post=30285"},{"taxonomy":"product_tag","embeddable":true,"href":"https:\/\/victorybrandsdz.com\/index.php\/wp-json\/wp\/v2\/product_tag?post=30285"}],"curies":[{"name":"wp","href":"https:\/\/api.w.org\/{rel}","templated":true}]}}