{"id":30231,"date":"2025-04-13T15:34:37","date_gmt":"2025-04-13T13:34:37","guid":{"rendered":"https:\/\/victorybrandsdz.com\/?post_type=product&#038;p=30231"},"modified":"2025-10-16T19:28:01","modified_gmt":"2025-10-16T17:28:01","slug":"adilette-comfort-2","status":"publish","type":"product","link":"https:\/\/victorybrandsdz.com\/index.php\/product\/adilette-comfort-2\/","title":{"rendered":"ADILETTE COMFORT"},"content":{"rendered":"<p>Con\u00e7ues pour \u00e9pouser la forme du pied, les ADILETTE COMFORT offrent un confort in\u00e9gal\u00e9 toute la journ\u00e9e.<\/p>\n","protected":false},"excerpt":{"rendered":"<p>Sandales ergonomiques pour un soutien optimal du pied<\/p>\n","protected":false},"featured_media":29751,"comment_status":"open","ping_status":"closed","template":"","meta":[],"product_brand":[],"product_cat":[392],"product_tag":[245],"class_list":{"0":"post-30231","1":"product","2":"type-product","3":"status-publish","4":"has-post-thumbnail","6":"product_cat-claquettes","7":"product_tag-245","9":"first","10":"instock","11":"shipping-taxable","12":"purchasable","13":"product-type-variable"},"_links":{"self":[{"href":"https:\/\/victorybrandsdz.com\/index.php\/wp-json\/wp\/v2\/product\/30231","targetHints":{"allow":["GET"]}}],"collection":[{"href":"https:\/\/victorybrandsdz.com\/index.php\/wp-json\/wp\/v2\/product"}],"about":[{"href":"https:\/\/victorybrandsdz.com\/index.php\/wp-json\/wp\/v2\/types\/product"}],"replies":[{"embeddable":true,"href":"https:\/\/victorybrandsdz.com\/index.php\/wp-json\/wp\/v2\/comments?post=30231"}],"version-history":[{"count":2,"href":"https:\/\/victorybrandsdz.com\/index.php\/wp-json\/wp\/v2\/product\/30231\/revisions"}],"predecessor-version":[{"id":32936,"href":"https:\/\/victorybrandsdz.com\/index.php\/wp-json\/wp\/v2\/product\/30231\/revisions\/32936"}],"wp:featuredmedia":[{"embeddable":true,"href":"https:\/\/victorybrandsdz.com\/index.php\/wp-json\/wp\/v2\/media\/29751"}],"wp:attachment":[{"href":"https:\/\/victorybrandsdz.com\/index.php\/wp-json\/wp\/v2\/media?parent=30231"}],"wp:term":[{"taxonomy":"product_brand","embeddable":true,"href":"https:\/\/victorybrandsdz.com\/index.php\/wp-json\/wp\/v2\/product_brand?post=30231"},{"taxonomy":"product_cat","embeddable":true,"href":"https:\/\/victorybrandsdz.com\/index.php\/wp-json\/wp\/v2\/product_cat?post=30231"},{"taxonomy":"product_tag","embeddable":true,"href":"https:\/\/victorybrandsdz.com\/index.php\/wp-json\/wp\/v2\/product_tag?post=30231"}],"curies":[{"name":"wp","href":"https:\/\/api.w.org\/{rel}","templated":true}]}}