{"id":30214,"date":"2025-04-13T15:34:32","date_gmt":"2025-04-13T13:34:32","guid":{"rendered":"https:\/\/victorybrandsdz.com\/?post_type=product&#038;p=30214"},"modified":"2025-10-16T19:27:58","modified_gmt":"2025-10-16T17:27:58","slug":"adilette-shower-4","status":"publish","type":"product","link":"https:\/\/victorybrandsdz.com\/index.php\/product\/adilette-shower-4\/","title":{"rendered":"ADILETTE SHOWER"},"content":{"rendered":"<p>Les ADILETTE SHOWER garantissent une adh\u00e9rence maximale et un s\u00e9chage rapide, id\u00e9ales pour les vestiaires.<\/p>\n","protected":false},"excerpt":{"rendered":"<p>Sandales antid\u00e9rapantes pour la douche ou les espaces humides<\/p>\n","protected":false},"featured_media":29742,"comment_status":"open","ping_status":"closed","template":"","meta":[],"product_brand":[],"product_cat":[392],"product_tag":[245],"class_list":{"0":"post-30214","1":"product","2":"type-product","3":"status-publish","4":"has-post-thumbnail","6":"product_cat-claquettes","7":"product_tag-245","9":"first","10":"instock","11":"shipping-taxable","12":"purchasable","13":"product-type-variable"},"_links":{"self":[{"href":"https:\/\/victorybrandsdz.com\/index.php\/wp-json\/wp\/v2\/product\/30214","targetHints":{"allow":["GET"]}}],"collection":[{"href":"https:\/\/victorybrandsdz.com\/index.php\/wp-json\/wp\/v2\/product"}],"about":[{"href":"https:\/\/victorybrandsdz.com\/index.php\/wp-json\/wp\/v2\/types\/product"}],"replies":[{"embeddable":true,"href":"https:\/\/victorybrandsdz.com\/index.php\/wp-json\/wp\/v2\/comments?post=30214"}],"version-history":[{"count":1,"href":"https:\/\/victorybrandsdz.com\/index.php\/wp-json\/wp\/v2\/product\/30214\/revisions"}],"predecessor-version":[{"id":30221,"href":"https:\/\/victorybrandsdz.com\/index.php\/wp-json\/wp\/v2\/product\/30214\/revisions\/30221"}],"wp:featuredmedia":[{"embeddable":true,"href":"https:\/\/victorybrandsdz.com\/index.php\/wp-json\/wp\/v2\/media\/29742"}],"wp:attachment":[{"href":"https:\/\/victorybrandsdz.com\/index.php\/wp-json\/wp\/v2\/media?parent=30214"}],"wp:term":[{"taxonomy":"product_brand","embeddable":true,"href":"https:\/\/victorybrandsdz.com\/index.php\/wp-json\/wp\/v2\/product_brand?post=30214"},{"taxonomy":"product_cat","embeddable":true,"href":"https:\/\/victorybrandsdz.com\/index.php\/wp-json\/wp\/v2\/product_cat?post=30214"},{"taxonomy":"product_tag","embeddable":true,"href":"https:\/\/victorybrandsdz.com\/index.php\/wp-json\/wp\/v2\/product_tag?post=30214"}],"curies":[{"name":"wp","href":"https:\/\/api.w.org\/{rel}","templated":true}]}}