{"id":30183,"date":"2025-04-13T15:34:24","date_gmt":"2025-04-13T13:34:24","guid":{"rendered":"https:\/\/victorybrandsdz.com\/?post_type=product&#038;p=30183"},"modified":"2025-10-16T19:27:58","modified_gmt":"2025-10-16T17:27:58","slug":"eezay-flip-flop","status":"publish","type":"product","link":"https:\/\/victorybrandsdz.com\/index.php\/product\/eezay-flip-flop\/","title":{"rendered":"EEZAY FLIP FLOP"},"content":{"rendered":"<p>Les EEZAY FLIP FLOP offrent une libert\u00e9 de mouvement et un style d\u00e9contract\u00e9, parfaites pour l&rsquo;\u00e9t\u00e9.<\/p>\n","protected":false},"excerpt":{"rendered":"<p>Tongues l\u00e9g\u00e8res et respirantes pour un confort quotidien<\/p>\n","protected":false},"featured_media":29729,"comment_status":"open","ping_status":"closed","template":"","meta":[],"product_brand":[],"product_cat":[392],"product_tag":[407],"class_list":{"0":"post-30183","1":"product","2":"type-product","3":"status-publish","4":"has-post-thumbnail","6":"product_cat-claquettes","7":"product_tag-407","9":"first","10":"instock","11":"shipping-taxable","12":"purchasable","13":"product-type-variable"},"_links":{"self":[{"href":"https:\/\/victorybrandsdz.com\/index.php\/wp-json\/wp\/v2\/product\/30183","targetHints":{"allow":["GET"]}}],"collection":[{"href":"https:\/\/victorybrandsdz.com\/index.php\/wp-json\/wp\/v2\/product"}],"about":[{"href":"https:\/\/victorybrandsdz.com\/index.php\/wp-json\/wp\/v2\/types\/product"}],"replies":[{"embeddable":true,"href":"https:\/\/victorybrandsdz.com\/index.php\/wp-json\/wp\/v2\/comments?post=30183"}],"version-history":[{"count":1,"href":"https:\/\/victorybrandsdz.com\/index.php\/wp-json\/wp\/v2\/product\/30183\/revisions"}],"predecessor-version":[{"id":30212,"href":"https:\/\/victorybrandsdz.com\/index.php\/wp-json\/wp\/v2\/product\/30183\/revisions\/30212"}],"wp:featuredmedia":[{"embeddable":true,"href":"https:\/\/victorybrandsdz.com\/index.php\/wp-json\/wp\/v2\/media\/29729"}],"wp:attachment":[{"href":"https:\/\/victorybrandsdz.com\/index.php\/wp-json\/wp\/v2\/media?parent=30183"}],"wp:term":[{"taxonomy":"product_brand","embeddable":true,"href":"https:\/\/victorybrandsdz.com\/index.php\/wp-json\/wp\/v2\/product_brand?post=30183"},{"taxonomy":"product_cat","embeddable":true,"href":"https:\/\/victorybrandsdz.com\/index.php\/wp-json\/wp\/v2\/product_cat?post=30183"},{"taxonomy":"product_tag","embeddable":true,"href":"https:\/\/victorybrandsdz.com\/index.php\/wp-json\/wp\/v2\/product_tag?post=30183"}],"curies":[{"name":"wp","href":"https:\/\/api.w.org\/{rel}","templated":true}]}}