{"id":30181,"date":"2025-04-13T15:34:24","date_gmt":"2025-04-13T13:34:24","guid":{"rendered":"https:\/\/victorybrandsdz.com\/?post_type=product&#038;p=30181"},"modified":"2025-10-16T19:27:54","modified_gmt":"2025-10-16T17:27:54","slug":"slides-sandales","status":"publish","type":"product","link":"https:\/\/victorybrandsdz.com\/index.php\/product\/slides-sandales\/","title":{"rendered":"SLIDES SANDALES"},"content":{"rendered":"<p>Les SLIDES SANDALES combinent style et praticit\u00e9, id\u00e9ales pour les sorties estivales. Mati\u00e8re durable et semelle souple.<\/p>\n","protected":false},"excerpt":{"rendered":"<p>Sandales d\u00e9contract\u00e9es pour un style urbain et confortable<\/p>\n","protected":false},"featured_media":29723,"comment_status":"open","ping_status":"closed","template":"","meta":[],"product_brand":[],"product_cat":[396],"product_tag":[245],"class_list":{"0":"post-30181","1":"product","2":"type-product","3":"status-publish","4":"has-post-thumbnail","6":"product_cat-sandales","7":"product_tag-245","9":"first","10":"instock","11":"shipping-taxable","12":"purchasable","13":"product-type-variable"},"_links":{"self":[{"href":"https:\/\/victorybrandsdz.com\/index.php\/wp-json\/wp\/v2\/product\/30181","targetHints":{"allow":["GET"]}}],"collection":[{"href":"https:\/\/victorybrandsdz.com\/index.php\/wp-json\/wp\/v2\/product"}],"about":[{"href":"https:\/\/victorybrandsdz.com\/index.php\/wp-json\/wp\/v2\/types\/product"}],"replies":[{"embeddable":true,"href":"https:\/\/victorybrandsdz.com\/index.php\/wp-json\/wp\/v2\/comments?post=30181"}],"version-history":[{"count":1,"href":"https:\/\/victorybrandsdz.com\/index.php\/wp-json\/wp\/v2\/product\/30181\/revisions"}],"predecessor-version":[{"id":30198,"href":"https:\/\/victorybrandsdz.com\/index.php\/wp-json\/wp\/v2\/product\/30181\/revisions\/30198"}],"wp:featuredmedia":[{"embeddable":true,"href":"https:\/\/victorybrandsdz.com\/index.php\/wp-json\/wp\/v2\/media\/29723"}],"wp:attachment":[{"href":"https:\/\/victorybrandsdz.com\/index.php\/wp-json\/wp\/v2\/media?parent=30181"}],"wp:term":[{"taxonomy":"product_brand","embeddable":true,"href":"https:\/\/victorybrandsdz.com\/index.php\/wp-json\/wp\/v2\/product_brand?post=30181"},{"taxonomy":"product_cat","embeddable":true,"href":"https:\/\/victorybrandsdz.com\/index.php\/wp-json\/wp\/v2\/product_cat?post=30181"},{"taxonomy":"product_tag","embeddable":true,"href":"https:\/\/victorybrandsdz.com\/index.php\/wp-json\/wp\/v2\/product_tag?post=30181"}],"curies":[{"name":"wp","href":"https:\/\/api.w.org\/{rel}","templated":true}]}}