{"id":30179,"date":"2025-04-13T15:34:24","date_gmt":"2025-04-13T13:34:24","guid":{"rendered":"https:\/\/victorybrandsdz.com\/?post_type=product&#038;p=30179"},"modified":"2025-10-16T19:27:54","modified_gmt":"2025-10-16T17:27:54","slug":"adilette-aqua-3","status":"publish","type":"product","link":"https:\/\/victorybrandsdz.com\/index.php\/product\/adilette-aqua-3\/","title":{"rendered":"ADILETTE AQUA"},"content":{"rendered":"<p>Les sandales ADILETTE AQUA allient l\u00e9g\u00e8ret\u00e9 et confort, id\u00e9ales pour la d\u00e9tente ou les activit\u00e9s aquatiques. Semelle antid\u00e9rapante.<\/p>\n","protected":false},"excerpt":{"rendered":"<p>Sandales de sport l\u00e9g\u00e8res et confortables pour un usage quotidien<\/p>\n","protected":false},"featured_media":29717,"comment_status":"open","ping_status":"closed","template":"","meta":[],"product_brand":[],"product_cat":[392],"product_tag":[245],"class_list":{"0":"post-30179","1":"product","2":"type-product","3":"status-publish","4":"has-post-thumbnail","6":"product_cat-claquettes","7":"product_tag-245","9":"first","10":"instock","11":"shipping-taxable","12":"purchasable","13":"product-type-variable"},"_links":{"self":[{"href":"https:\/\/victorybrandsdz.com\/index.php\/wp-json\/wp\/v2\/product\/30179","targetHints":{"allow":["GET"]}}],"collection":[{"href":"https:\/\/victorybrandsdz.com\/index.php\/wp-json\/wp\/v2\/product"}],"about":[{"href":"https:\/\/victorybrandsdz.com\/index.php\/wp-json\/wp\/v2\/types\/product"}],"replies":[{"embeddable":true,"href":"https:\/\/victorybrandsdz.com\/index.php\/wp-json\/wp\/v2\/comments?post=30179"}],"version-history":[{"count":1,"href":"https:\/\/victorybrandsdz.com\/index.php\/wp-json\/wp\/v2\/product\/30179\/revisions"}],"predecessor-version":[{"id":30184,"href":"https:\/\/victorybrandsdz.com\/index.php\/wp-json\/wp\/v2\/product\/30179\/revisions\/30184"}],"wp:featuredmedia":[{"embeddable":true,"href":"https:\/\/victorybrandsdz.com\/index.php\/wp-json\/wp\/v2\/media\/29717"}],"wp:attachment":[{"href":"https:\/\/victorybrandsdz.com\/index.php\/wp-json\/wp\/v2\/media?parent=30179"}],"wp:term":[{"taxonomy":"product_brand","embeddable":true,"href":"https:\/\/victorybrandsdz.com\/index.php\/wp-json\/wp\/v2\/product_brand?post=30179"},{"taxonomy":"product_cat","embeddable":true,"href":"https:\/\/victorybrandsdz.com\/index.php\/wp-json\/wp\/v2\/product_cat?post=30179"},{"taxonomy":"product_tag","embeddable":true,"href":"https:\/\/victorybrandsdz.com\/index.php\/wp-json\/wp\/v2\/product_tag?post=30179"}],"curies":[{"name":"wp","href":"https:\/\/api.w.org\/{rel}","templated":true}]}}