{"id":30145,"date":"2025-04-13T12:24:52","date_gmt":"2025-04-13T10:24:52","guid":{"rendered":"https:\/\/victorybrandsdz.com\/?post_type=product&#038;p=30145"},"modified":"2025-10-16T19:27:52","modified_gmt":"2025-10-16T17:27:52","slug":"runfalcon-5","status":"publish","type":"product","link":"https:\/\/victorybrandsdz.com\/index.php\/product\/runfalcon-5\/","title":{"rendered":"RUNFALCON 5"},"content":{"rendered":"<p>Les RUNFALCON 5 int\u00e8grent des innovations technologiques pour un confort et une performance in\u00e9gal\u00e9s.<\/p>\n","protected":false},"excerpt":{"rendered":"<p>Running shoes nouvelle g\u00e9n\u00e9ration pour une exp\u00e9rience de course am\u00e9lior\u00e9e<\/p>\n","protected":false},"featured_media":29489,"comment_status":"open","ping_status":"closed","template":"","meta":[],"product_brand":[],"product_cat":[383],"product_tag":[242],"class_list":{"0":"post-30145","1":"product","2":"type-product","3":"status-publish","4":"has-post-thumbnail","6":"product_cat-chaussures-de-running","7":"product_tag-242","9":"first","10":"instock","11":"shipping-taxable","12":"purchasable","13":"product-type-variable"},"_links":{"self":[{"href":"https:\/\/victorybrandsdz.com\/index.php\/wp-json\/wp\/v2\/product\/30145","targetHints":{"allow":["GET"]}}],"collection":[{"href":"https:\/\/victorybrandsdz.com\/index.php\/wp-json\/wp\/v2\/product"}],"about":[{"href":"https:\/\/victorybrandsdz.com\/index.php\/wp-json\/wp\/v2\/types\/product"}],"replies":[{"embeddable":true,"href":"https:\/\/victorybrandsdz.com\/index.php\/wp-json\/wp\/v2\/comments?post=30145"}],"version-history":[{"count":1,"href":"https:\/\/victorybrandsdz.com\/index.php\/wp-json\/wp\/v2\/product\/30145\/revisions"}],"predecessor-version":[{"id":30169,"href":"https:\/\/victorybrandsdz.com\/index.php\/wp-json\/wp\/v2\/product\/30145\/revisions\/30169"}],"wp:featuredmedia":[{"embeddable":true,"href":"https:\/\/victorybrandsdz.com\/index.php\/wp-json\/wp\/v2\/media\/29489"}],"wp:attachment":[{"href":"https:\/\/victorybrandsdz.com\/index.php\/wp-json\/wp\/v2\/media?parent=30145"}],"wp:term":[{"taxonomy":"product_brand","embeddable":true,"href":"https:\/\/victorybrandsdz.com\/index.php\/wp-json\/wp\/v2\/product_brand?post=30145"},{"taxonomy":"product_cat","embeddable":true,"href":"https:\/\/victorybrandsdz.com\/index.php\/wp-json\/wp\/v2\/product_cat?post=30145"},{"taxonomy":"product_tag","embeddable":true,"href":"https:\/\/victorybrandsdz.com\/index.php\/wp-json\/wp\/v2\/product_tag?post=30145"}],"curies":[{"name":"wp","href":"https:\/\/api.w.org\/{rel}","templated":true}]}}