{"id":29824,"date":"2025-04-13T11:54:17","date_gmt":"2025-04-13T09:54:17","guid":{"rendered":"https:\/\/victorybrandsdz.com\/?post_type=product&#038;p=29824"},"modified":"2025-10-16T19:27:58","modified_gmt":"2025-10-16T17:27:58","slug":"runfalcon-5-2","status":"publish","type":"product","link":"https:\/\/victorybrandsdz.com\/index.php\/product\/runfalcon-5-2\/","title":{"rendered":"RUNFALCON 5"},"content":{"rendered":"<p>Les RUNFALCON 5 int\u00e8grent des technologies avanc\u00e9es pour un amorti et une respirabilit\u00e9 exceptionnels.<\/p>\n","protected":false},"excerpt":{"rendered":"<p>Chaussures de running nouvelle g\u00e9n\u00e9ration pour une performance optimale<\/p>\n","protected":false},"featured_media":29737,"comment_status":"open","ping_status":"closed","template":"","meta":[],"product_brand":[],"product_cat":[383],"product_tag":[242],"class_list":{"0":"post-29824","1":"product","2":"type-product","3":"status-publish","4":"has-post-thumbnail","6":"product_cat-chaussures-de-running","7":"product_tag-242","9":"first","10":"instock","11":"shipping-taxable","12":"purchasable","13":"product-type-variable"},"_links":{"self":[{"href":"https:\/\/victorybrandsdz.com\/index.php\/wp-json\/wp\/v2\/product\/29824","targetHints":{"allow":["GET"]}}],"collection":[{"href":"https:\/\/victorybrandsdz.com\/index.php\/wp-json\/wp\/v2\/product"}],"about":[{"href":"https:\/\/victorybrandsdz.com\/index.php\/wp-json\/wp\/v2\/types\/product"}],"replies":[{"embeddable":true,"href":"https:\/\/victorybrandsdz.com\/index.php\/wp-json\/wp\/v2\/comments?post=29824"}],"version-history":[{"count":1,"href":"https:\/\/victorybrandsdz.com\/index.php\/wp-json\/wp\/v2\/product\/29824\/revisions"}],"predecessor-version":[{"id":29840,"href":"https:\/\/victorybrandsdz.com\/index.php\/wp-json\/wp\/v2\/product\/29824\/revisions\/29840"}],"wp:featuredmedia":[{"embeddable":true,"href":"https:\/\/victorybrandsdz.com\/index.php\/wp-json\/wp\/v2\/media\/29737"}],"wp:attachment":[{"href":"https:\/\/victorybrandsdz.com\/index.php\/wp-json\/wp\/v2\/media?parent=29824"}],"wp:term":[{"taxonomy":"product_brand","embeddable":true,"href":"https:\/\/victorybrandsdz.com\/index.php\/wp-json\/wp\/v2\/product_brand?post=29824"},{"taxonomy":"product_cat","embeddable":true,"href":"https:\/\/victorybrandsdz.com\/index.php\/wp-json\/wp\/v2\/product_cat?post=29824"},{"taxonomy":"product_tag","embeddable":true,"href":"https:\/\/victorybrandsdz.com\/index.php\/wp-json\/wp\/v2\/product_tag?post=29824"}],"curies":[{"name":"wp","href":"https:\/\/api.w.org\/{rel}","templated":true}]}}