{"id":27771,"date":"2025-03-10T01:19:01","date_gmt":"2025-03-10T00:19:01","guid":{"rendered":"https:\/\/victorybrandsdz.com\/?post_type=product&#038;p=27771"},"modified":"2025-10-16T19:27:04","modified_gmt":"2025-10-16T17:27:04","slug":"fluxlite-3","status":"publish","type":"product","link":"https:\/\/victorybrandsdz.com\/index.php\/product\/fluxlite-3\/","title":{"rendered":"FLUXLITE"},"content":{"rendered":"<p>La FLUXLITE associe l\u00e9g\u00e8ret\u00e9 et flexibilit\u00e9 avec une semelle interm\u00e9diaire amortissante et une tige respirante. Son design minimaliste et sa souplesse en font un choix id\u00e9al pour une utilisation quotidienne.<\/p>\n","protected":false},"excerpt":{"rendered":"<p>Une sneaker ultra-l\u00e9g\u00e8re avec un design moderne et un confort optimal.<\/p>\n","protected":false},"featured_media":27681,"comment_status":"open","ping_status":"closed","template":"","meta":[],"product_brand":[],"product_cat":[383],"product_tag":[245],"class_list":{"0":"post-27771","1":"product","2":"type-product","3":"status-publish","4":"has-post-thumbnail","6":"product_cat-chaussures-de-running","7":"product_tag-245","9":"first","10":"instock","11":"shipping-taxable","12":"purchasable","13":"product-type-variable"},"_links":{"self":[{"href":"https:\/\/victorybrandsdz.com\/index.php\/wp-json\/wp\/v2\/product\/27771","targetHints":{"allow":["GET"]}}],"collection":[{"href":"https:\/\/victorybrandsdz.com\/index.php\/wp-json\/wp\/v2\/product"}],"about":[{"href":"https:\/\/victorybrandsdz.com\/index.php\/wp-json\/wp\/v2\/types\/product"}],"replies":[{"embeddable":true,"href":"https:\/\/victorybrandsdz.com\/index.php\/wp-json\/wp\/v2\/comments?post=27771"}],"version-history":[{"count":1,"href":"https:\/\/victorybrandsdz.com\/index.php\/wp-json\/wp\/v2\/product\/27771\/revisions"}],"predecessor-version":[{"id":27794,"href":"https:\/\/victorybrandsdz.com\/index.php\/wp-json\/wp\/v2\/product\/27771\/revisions\/27794"}],"wp:featuredmedia":[{"embeddable":true,"href":"https:\/\/victorybrandsdz.com\/index.php\/wp-json\/wp\/v2\/media\/27681"}],"wp:attachment":[{"href":"https:\/\/victorybrandsdz.com\/index.php\/wp-json\/wp\/v2\/media?parent=27771"}],"wp:term":[{"taxonomy":"product_brand","embeddable":true,"href":"https:\/\/victorybrandsdz.com\/index.php\/wp-json\/wp\/v2\/product_brand?post=27771"},{"taxonomy":"product_cat","embeddable":true,"href":"https:\/\/victorybrandsdz.com\/index.php\/wp-json\/wp\/v2\/product_cat?post=27771"},{"taxonomy":"product_tag","embeddable":true,"href":"https:\/\/victorybrandsdz.com\/index.php\/wp-json\/wp\/v2\/product_tag?post=27771"}],"curies":[{"name":"wp","href":"https:\/\/api.w.org\/{rel}","templated":true}]}}