{"id":27736,"date":"2025-03-10T01:18:54","date_gmt":"2025-03-10T00:18:54","guid":{"rendered":"https:\/\/victorybrandsdz.com\/?post_type=product&#038;p=27736"},"modified":"2025-10-16T19:26:57","modified_gmt":"2025-10-16T17:26:57","slug":"classic-leather-clip","status":"publish","type":"product","link":"https:\/\/victorybrandsdz.com\/index.php\/product\/classic-leather-clip\/","title":{"rendered":"CLASSIC LEATHER CLIP"},"content":{"rendered":"<p>La CLASSIC LEATHER CLIP revisite un classique avec des mat\u00e9riaux premium et une semelle amortissante. Son design \u00e9l\u00e9gant et \u00e9pur\u00e9 s\u2019adapte \u00e0 toutes les occasions, du casual au streetwear.<\/p>\n","protected":false},"excerpt":{"rendered":"<p>Une sneaker intemporelle avec une touche moderne et un confort exceptionnel.<\/p>\n","protected":false},"featured_media":27697,"comment_status":"open","ping_status":"closed","template":"","meta":[],"product_brand":[],"product_cat":[382],"product_tag":[245],"class_list":{"0":"post-27736","1":"product","2":"type-product","3":"status-publish","4":"has-post-thumbnail","6":"product_cat-baskets-chaussures-homme","7":"product_tag-245","9":"first","10":"instock","11":"shipping-taxable","12":"purchasable","13":"product-type-variable"},"_links":{"self":[{"href":"https:\/\/victorybrandsdz.com\/index.php\/wp-json\/wp\/v2\/product\/27736","targetHints":{"allow":["GET"]}}],"collection":[{"href":"https:\/\/victorybrandsdz.com\/index.php\/wp-json\/wp\/v2\/product"}],"about":[{"href":"https:\/\/victorybrandsdz.com\/index.php\/wp-json\/wp\/v2\/types\/product"}],"replies":[{"embeddable":true,"href":"https:\/\/victorybrandsdz.com\/index.php\/wp-json\/wp\/v2\/comments?post=27736"}],"version-history":[{"count":1,"href":"https:\/\/victorybrandsdz.com\/index.php\/wp-json\/wp\/v2\/product\/27736\/revisions"}],"predecessor-version":[{"id":27748,"href":"https:\/\/victorybrandsdz.com\/index.php\/wp-json\/wp\/v2\/product\/27736\/revisions\/27748"}],"wp:featuredmedia":[{"embeddable":true,"href":"https:\/\/victorybrandsdz.com\/index.php\/wp-json\/wp\/v2\/media\/27697"}],"wp:attachment":[{"href":"https:\/\/victorybrandsdz.com\/index.php\/wp-json\/wp\/v2\/media?parent=27736"}],"wp:term":[{"taxonomy":"product_brand","embeddable":true,"href":"https:\/\/victorybrandsdz.com\/index.php\/wp-json\/wp\/v2\/product_brand?post=27736"},{"taxonomy":"product_cat","embeddable":true,"href":"https:\/\/victorybrandsdz.com\/index.php\/wp-json\/wp\/v2\/product_cat?post=27736"},{"taxonomy":"product_tag","embeddable":true,"href":"https:\/\/victorybrandsdz.com\/index.php\/wp-json\/wp\/v2\/product_tag?post=27736"}],"curies":[{"name":"wp","href":"https:\/\/api.w.org\/{rel}","templated":true}]}}