{"id":27705,"date":"2025-03-10T01:18:47","date_gmt":"2025-03-10T00:18:47","guid":{"rendered":"https:\/\/victorybrandsdz.com\/?post_type=product&#038;p=27705"},"modified":"2025-10-16T19:26:57","modified_gmt":"2025-10-16T17:26:57","slug":"adilette-shower","status":"publish","type":"product","link":"https:\/\/victorybrandsdz.com\/index.php\/product\/adilette-shower\/","title":{"rendered":"ADILETTE SHOWER"},"content":{"rendered":"<p>L&rsquo;ADILETTE SHOWER est dot\u00e9e d\u2019une semelle en EVA douce et d\u2019une bride r\u00e9sistante orn\u00e9e du logo adidas. Elle assure un confort optimal et un s\u00e9chage rapide, id\u00e9ale pour les vestiaires et les sorties estivales.<\/p>\n","protected":false},"excerpt":{"rendered":"<p>Une sandale ultra-confortable avec une semelle moelleuse et un design \u00e9pur\u00e9.<\/p>\n","protected":false},"featured_media":30779,"comment_status":"open","ping_status":"closed","template":"","meta":[],"product_brand":[],"product_cat":[392],"product_tag":[407],"class_list":{"0":"post-27705","1":"product","2":"type-product","3":"status-publish","4":"has-post-thumbnail","6":"product_cat-claquettes","7":"product_tag-407","9":"first","10":"instock","11":"shipping-taxable","12":"purchasable","13":"product-type-variable"},"_links":{"self":[{"href":"https:\/\/victorybrandsdz.com\/index.php\/wp-json\/wp\/v2\/product\/27705","targetHints":{"allow":["GET"]}}],"collection":[{"href":"https:\/\/victorybrandsdz.com\/index.php\/wp-json\/wp\/v2\/product"}],"about":[{"href":"https:\/\/victorybrandsdz.com\/index.php\/wp-json\/wp\/v2\/types\/product"}],"replies":[{"embeddable":true,"href":"https:\/\/victorybrandsdz.com\/index.php\/wp-json\/wp\/v2\/comments?post=27705"}],"version-history":[{"count":2,"href":"https:\/\/victorybrandsdz.com\/index.php\/wp-json\/wp\/v2\/product\/27705\/revisions"}],"predecessor-version":[{"id":29084,"href":"https:\/\/victorybrandsdz.com\/index.php\/wp-json\/wp\/v2\/product\/27705\/revisions\/29084"}],"wp:featuredmedia":[{"embeddable":true,"href":"https:\/\/victorybrandsdz.com\/index.php\/wp-json\/wp\/v2\/media\/30779"}],"wp:attachment":[{"href":"https:\/\/victorybrandsdz.com\/index.php\/wp-json\/wp\/v2\/media?parent=27705"}],"wp:term":[{"taxonomy":"product_brand","embeddable":true,"href":"https:\/\/victorybrandsdz.com\/index.php\/wp-json\/wp\/v2\/product_brand?post=27705"},{"taxonomy":"product_cat","embeddable":true,"href":"https:\/\/victorybrandsdz.com\/index.php\/wp-json\/wp\/v2\/product_cat?post=27705"},{"taxonomy":"product_tag","embeddable":true,"href":"https:\/\/victorybrandsdz.com\/index.php\/wp-json\/wp\/v2\/product_tag?post=27705"}],"curies":[{"name":"wp","href":"https:\/\/api.w.org\/{rel}","templated":true}]}}