{"id":27704,"date":"2025-03-10T01:18:47","date_gmt":"2025-03-10T00:18:47","guid":{"rendered":"https:\/\/victorybrandsdz.com\/?post_type=product&#038;p=27704"},"modified":"2025-10-16T19:26:57","modified_gmt":"2025-10-16T17:26:57","slug":"adilette-comfort","status":"publish","type":"product","link":"https:\/\/victorybrandsdz.com\/index.php\/product\/adilette-comfort\/","title":{"rendered":"ADILETTE COMFORT"},"content":{"rendered":"<p>L&rsquo;ADILETTE COMFORT est con\u00e7ue pour un confort sup\u00e9rieur gr\u00e2ce \u00e0 sa semelle souple en Cloudfoam. Son design minimaliste et sa large bride garantissent un maintien parfait, id\u00e9al pour la d\u00e9tente apr\u00e8s le sport.<\/p>\n","protected":false},"excerpt":{"rendered":"<p>Une sandale ultra-confortable avec une semelle moelleuse et un design \u00e9pur\u00e9.<\/p>\n","protected":false},"featured_media":30776,"comment_status":"open","ping_status":"closed","template":"","meta":[],"product_brand":[],"product_cat":[392],"product_tag":[407],"class_list":{"0":"post-27704","1":"product","2":"type-product","3":"status-publish","4":"has-post-thumbnail","6":"product_cat-claquettes","7":"product_tag-407","9":"first","10":"instock","11":"shipping-taxable","12":"purchasable","13":"product-type-variable"},"_links":{"self":[{"href":"https:\/\/victorybrandsdz.com\/index.php\/wp-json\/wp\/v2\/product\/27704","targetHints":{"allow":["GET"]}}],"collection":[{"href":"https:\/\/victorybrandsdz.com\/index.php\/wp-json\/wp\/v2\/product"}],"about":[{"href":"https:\/\/victorybrandsdz.com\/index.php\/wp-json\/wp\/v2\/types\/product"}],"replies":[{"embeddable":true,"href":"https:\/\/victorybrandsdz.com\/index.php\/wp-json\/wp\/v2\/comments?post=27704"}],"version-history":[{"count":2,"href":"https:\/\/victorybrandsdz.com\/index.php\/wp-json\/wp\/v2\/product\/27704\/revisions"}],"predecessor-version":[{"id":28908,"href":"https:\/\/victorybrandsdz.com\/index.php\/wp-json\/wp\/v2\/product\/27704\/revisions\/28908"}],"wp:featuredmedia":[{"embeddable":true,"href":"https:\/\/victorybrandsdz.com\/index.php\/wp-json\/wp\/v2\/media\/30776"}],"wp:attachment":[{"href":"https:\/\/victorybrandsdz.com\/index.php\/wp-json\/wp\/v2\/media?parent=27704"}],"wp:term":[{"taxonomy":"product_brand","embeddable":true,"href":"https:\/\/victorybrandsdz.com\/index.php\/wp-json\/wp\/v2\/product_brand?post=27704"},{"taxonomy":"product_cat","embeddable":true,"href":"https:\/\/victorybrandsdz.com\/index.php\/wp-json\/wp\/v2\/product_cat?post=27704"},{"taxonomy":"product_tag","embeddable":true,"href":"https:\/\/victorybrandsdz.com\/index.php\/wp-json\/wp\/v2\/product_tag?post=27704"}],"curies":[{"name":"wp","href":"https:\/\/api.w.org\/{rel}","templated":true}]}}