{"id":27392,"date":"2025-03-09T12:03:55","date_gmt":"2025-03-09T11:03:55","guid":{"rendered":"https:\/\/victorybrandsdz.com\/?post_type=product&#038;p=27392"},"modified":"2025-10-16T19:26:48","modified_gmt":"2025-10-16T17:26:48","slug":"x-ray-3-lt","status":"publish","type":"product","link":"https:\/\/victorybrandsdz.com\/index.php\/product\/x-ray-3-lt\/","title":{"rendered":"X-Ray 3 LT"},"content":{"rendered":"<p>La Puma X-Ray 3 LT reprend l\u2019ADN de la X-Ray avec une structure all\u00e9g\u00e9e et un confort accru. Son m\u00e9lange de mati\u00e8res premium, combin\u00e9 \u00e0 une semelle EVA moelleuse, garantit un amorti exceptionnel et un look moderne qui s\u2019adapte \u00e0 toutes les occasions.<\/p>\n","protected":false},"excerpt":{"rendered":"<p>Une version revisit\u00e9e de la X-Ray 3, avec des mat\u00e9riaux l\u00e9gers et un design dynamique.<\/p>\n","protected":false},"featured_media":30752,"comment_status":"open","ping_status":"closed","template":"","meta":[],"product_brand":[],"product_cat":[382],"product_tag":[],"class_list":{"0":"post-27392","1":"product","2":"type-product","3":"status-publish","4":"has-post-thumbnail","6":"product_cat-baskets-chaussures-homme","8":"first","9":"instock","10":"shipping-taxable","11":"purchasable","12":"product-type-variable"},"_links":{"self":[{"href":"https:\/\/victorybrandsdz.com\/index.php\/wp-json\/wp\/v2\/product\/27392","targetHints":{"allow":["GET"]}}],"collection":[{"href":"https:\/\/victorybrandsdz.com\/index.php\/wp-json\/wp\/v2\/product"}],"about":[{"href":"https:\/\/victorybrandsdz.com\/index.php\/wp-json\/wp\/v2\/types\/product"}],"replies":[{"embeddable":true,"href":"https:\/\/victorybrandsdz.com\/index.php\/wp-json\/wp\/v2\/comments?post=27392"}],"version-history":[{"count":1,"href":"https:\/\/victorybrandsdz.com\/index.php\/wp-json\/wp\/v2\/product\/27392\/revisions"}],"predecessor-version":[{"id":27408,"href":"https:\/\/victorybrandsdz.com\/index.php\/wp-json\/wp\/v2\/product\/27392\/revisions\/27408"}],"wp:featuredmedia":[{"embeddable":true,"href":"https:\/\/victorybrandsdz.com\/index.php\/wp-json\/wp\/v2\/media\/30752"}],"wp:attachment":[{"href":"https:\/\/victorybrandsdz.com\/index.php\/wp-json\/wp\/v2\/media?parent=27392"}],"wp:term":[{"taxonomy":"product_brand","embeddable":true,"href":"https:\/\/victorybrandsdz.com\/index.php\/wp-json\/wp\/v2\/product_brand?post=27392"},{"taxonomy":"product_cat","embeddable":true,"href":"https:\/\/victorybrandsdz.com\/index.php\/wp-json\/wp\/v2\/product_cat?post=27392"},{"taxonomy":"product_tag","embeddable":true,"href":"https:\/\/victorybrandsdz.com\/index.php\/wp-json\/wp\/v2\/product_tag?post=27392"}],"curies":[{"name":"wp","href":"https:\/\/api.w.org\/{rel}","templated":true}]}}