{"id":27390,"date":"2025-03-09T12:03:55","date_gmt":"2025-03-09T11:03:55","guid":{"rendered":"https:\/\/victorybrandsdz.com\/?post_type=product&#038;p=27390"},"modified":"2025-10-16T19:26:42","modified_gmt":"2025-10-16T17:26:42","slug":"puma-rickie-jr","status":"publish","type":"product","link":"https:\/\/victorybrandsdz.com\/index.php\/product\/puma-rickie-jr\/","title":{"rendered":"Puma Rickie Jr"},"content":{"rendered":"<p>La Puma Rickie Jr allie style et confort avec une silhouette moderne et une semelle amortissante. Son design l\u00e9ger assure un port agr\u00e9able tout au long de la journ\u00e9e, id\u00e9al pour les jeunes actifs en qu\u00eate de style et de performance.<\/p>\n","protected":false},"excerpt":{"rendered":"<p>Une sneaker l\u00e9g\u00e8re et confortable, parfaite pour le quotidien des plus jeunes.<\/p>\n","protected":false},"featured_media":30717,"comment_status":"open","ping_status":"closed","template":"","meta":[],"product_brand":[],"product_cat":[378],"product_tag":[],"class_list":{"0":"post-27390","1":"product","2":"type-product","3":"status-publish","4":"has-post-thumbnail","6":"product_cat-baskets-chaussures-garcon","8":"first","9":"instock","10":"shipping-taxable","11":"purchasable","12":"product-type-variable"},"_links":{"self":[{"href":"https:\/\/victorybrandsdz.com\/index.php\/wp-json\/wp\/v2\/product\/27390","targetHints":{"allow":["GET"]}}],"collection":[{"href":"https:\/\/victorybrandsdz.com\/index.php\/wp-json\/wp\/v2\/product"}],"about":[{"href":"https:\/\/victorybrandsdz.com\/index.php\/wp-json\/wp\/v2\/types\/product"}],"replies":[{"embeddable":true,"href":"https:\/\/victorybrandsdz.com\/index.php\/wp-json\/wp\/v2\/comments?post=27390"}],"version-history":[{"count":1,"href":"https:\/\/victorybrandsdz.com\/index.php\/wp-json\/wp\/v2\/product\/27390\/revisions"}],"predecessor-version":[{"id":27394,"href":"https:\/\/victorybrandsdz.com\/index.php\/wp-json\/wp\/v2\/product\/27390\/revisions\/27394"}],"wp:featuredmedia":[{"embeddable":true,"href":"https:\/\/victorybrandsdz.com\/index.php\/wp-json\/wp\/v2\/media\/30717"}],"wp:attachment":[{"href":"https:\/\/victorybrandsdz.com\/index.php\/wp-json\/wp\/v2\/media?parent=27390"}],"wp:term":[{"taxonomy":"product_brand","embeddable":true,"href":"https:\/\/victorybrandsdz.com\/index.php\/wp-json\/wp\/v2\/product_brand?post=27390"},{"taxonomy":"product_cat","embeddable":true,"href":"https:\/\/victorybrandsdz.com\/index.php\/wp-json\/wp\/v2\/product_cat?post=27390"},{"taxonomy":"product_tag","embeddable":true,"href":"https:\/\/victorybrandsdz.com\/index.php\/wp-json\/wp\/v2\/product_tag?post=27390"}],"curies":[{"name":"wp","href":"https:\/\/api.w.org\/{rel}","templated":true}]}}