{"id":24566,"date":"2024-10-16T10:18:33","date_gmt":"2024-10-16T08:18:33","guid":{"rendered":"https:\/\/victorybrandsdz.com\/?post_type=product&#038;p=24566"},"modified":"2025-10-16T19:26:03","modified_gmt":"2025-10-16T17:26:03","slug":"gel-contend-8","status":"publish","type":"product","link":"https:\/\/victorybrandsdz.com\/index.php\/product\/gel-contend-8\/","title":{"rendered":"Gel-Contend 8"},"content":{"rendered":"<p>&#8211; Technologie LITETRUSS\u2122<br \/>\n&#8211; Amorti GEL\u2122 au talon<br \/>\n&#8211; Semelle FlyteFoam\u2122 pour un retour d&rsquo;\u00e9nergie optimal\u200b<\/p>\n","protected":false},"excerpt":{"rendered":"<p>GT-1000 12 &#8211; Stabilit\u00e9 et confort pour chaque pas Cette chaussure stabilise votre foul\u00e9e tout en offrant un excellent amorti, id\u00e9ale pour les coureurs recherchant un soutien accru.<\/p>\n","protected":false},"featured_media":24483,"comment_status":"open","ping_status":"closed","template":"","meta":[],"product_brand":[],"product_cat":[385],"product_tag":[],"class_list":{"0":"post-24566","1":"product","2":"type-product","3":"status-publish","4":"has-post-thumbnail","6":"product_cat-chaussures-de-running-chaussures-femme","8":"first","9":"instock","10":"shipping-taxable","11":"purchasable","12":"product-type-variable"},"_links":{"self":[{"href":"https:\/\/victorybrandsdz.com\/index.php\/wp-json\/wp\/v2\/product\/24566","targetHints":{"allow":["GET"]}}],"collection":[{"href":"https:\/\/victorybrandsdz.com\/index.php\/wp-json\/wp\/v2\/product"}],"about":[{"href":"https:\/\/victorybrandsdz.com\/index.php\/wp-json\/wp\/v2\/types\/product"}],"replies":[{"embeddable":true,"href":"https:\/\/victorybrandsdz.com\/index.php\/wp-json\/wp\/v2\/comments?post=24566"}],"version-history":[{"count":26,"href":"https:\/\/victorybrandsdz.com\/index.php\/wp-json\/wp\/v2\/product\/24566\/revisions"}],"predecessor-version":[{"id":29115,"href":"https:\/\/victorybrandsdz.com\/index.php\/wp-json\/wp\/v2\/product\/24566\/revisions\/29115"}],"wp:featuredmedia":[{"embeddable":true,"href":"https:\/\/victorybrandsdz.com\/index.php\/wp-json\/wp\/v2\/media\/24483"}],"wp:attachment":[{"href":"https:\/\/victorybrandsdz.com\/index.php\/wp-json\/wp\/v2\/media?parent=24566"}],"wp:term":[{"taxonomy":"product_brand","embeddable":true,"href":"https:\/\/victorybrandsdz.com\/index.php\/wp-json\/wp\/v2\/product_brand?post=24566"},{"taxonomy":"product_cat","embeddable":true,"href":"https:\/\/victorybrandsdz.com\/index.php\/wp-json\/wp\/v2\/product_cat?post=24566"},{"taxonomy":"product_tag","embeddable":true,"href":"https:\/\/victorybrandsdz.com\/index.php\/wp-json\/wp\/v2\/product_tag?post=24566"}],"curies":[{"name":"wp","href":"https:\/\/api.w.org\/{rel}","templated":true}]}}