{"id":24565,"date":"2024-10-16T10:18:33","date_gmt":"2024-10-16T08:18:33","guid":{"rendered":"https:\/\/victorybrandsdz.com\/?post_type=product&#038;p=24565"},"modified":"2025-10-16T19:26:03","modified_gmt":"2025-10-16T17:26:03","slug":"patriot-13-2","status":"publish","type":"product","link":"https:\/\/victorybrandsdz.com\/index.php\/product\/patriot-13-2\/","title":{"rendered":"Patriot 13"},"content":{"rendered":"<p>&#8211; Semelle AMPLIFOAM\u2122 PLUS<br \/>\n&#8211; Empeigne en maille jacquard<br \/>\n&#8211; Amorti suppl\u00e9mentaire au talon\u200b<\/p>\n","protected":false},"excerpt":{"rendered":"<p>GEL-EXCITE 10 &#8211; Confort et respirabilit\u00e9 pour vos entra\u00eenements Profitez d&rsquo;une meilleure a\u00e9ration et d&rsquo;un amorti renforc\u00e9 avec la GEL-EXCITE 10, id\u00e9ale pour des courses plus longues.<\/p>\n","protected":false},"featured_media":24478,"comment_status":"open","ping_status":"closed","template":"","meta":[],"product_brand":[],"product_cat":[385],"product_tag":[],"class_list":{"0":"post-24565","1":"product","2":"type-product","3":"status-publish","4":"has-post-thumbnail","6":"product_cat-chaussures-de-running-chaussures-femme","8":"first","9":"instock","10":"shipping-taxable","11":"purchasable","12":"product-type-variable"},"_links":{"self":[{"href":"https:\/\/victorybrandsdz.com\/index.php\/wp-json\/wp\/v2\/product\/24565","targetHints":{"allow":["GET"]}}],"collection":[{"href":"https:\/\/victorybrandsdz.com\/index.php\/wp-json\/wp\/v2\/product"}],"about":[{"href":"https:\/\/victorybrandsdz.com\/index.php\/wp-json\/wp\/v2\/types\/product"}],"replies":[{"embeddable":true,"href":"https:\/\/victorybrandsdz.com\/index.php\/wp-json\/wp\/v2\/comments?post=24565"}],"version-history":[{"count":40,"href":"https:\/\/victorybrandsdz.com\/index.php\/wp-json\/wp\/v2\/product\/24565\/revisions"}],"predecessor-version":[{"id":30669,"href":"https:\/\/victorybrandsdz.com\/index.php\/wp-json\/wp\/v2\/product\/24565\/revisions\/30669"}],"wp:featuredmedia":[{"embeddable":true,"href":"https:\/\/victorybrandsdz.com\/index.php\/wp-json\/wp\/v2\/media\/24478"}],"wp:attachment":[{"href":"https:\/\/victorybrandsdz.com\/index.php\/wp-json\/wp\/v2\/media?parent=24565"}],"wp:term":[{"taxonomy":"product_brand","embeddable":true,"href":"https:\/\/victorybrandsdz.com\/index.php\/wp-json\/wp\/v2\/product_brand?post=24565"},{"taxonomy":"product_cat","embeddable":true,"href":"https:\/\/victorybrandsdz.com\/index.php\/wp-json\/wp\/v2\/product_cat?post=24565"},{"taxonomy":"product_tag","embeddable":true,"href":"https:\/\/victorybrandsdz.com\/index.php\/wp-json\/wp\/v2\/product_tag?post=24565"}],"curies":[{"name":"wp","href":"https:\/\/api.w.org\/{rel}","templated":true}]}}