{"id":24532,"date":"2024-10-16T10:18:25","date_gmt":"2024-10-16T08:18:25","guid":{"rendered":"https:\/\/victorybrandsdz.com\/?post_type=product&#038;p=24532"},"modified":"2025-10-16T19:26:02","modified_gmt":"2025-10-16T17:26:02","slug":"gel-pulse-15","status":"publish","type":"product","link":"https:\/\/victorybrandsdz.com\/index.php\/product\/gel-pulse-15\/","title":{"rendered":"Gel-Pulse 15"},"content":{"rendered":"<p>&#8211; Semelle interm\u00e9diaire FlyteFoam\u2122<br \/>\n&#8211; Amorti GEL\u2122 au talon<br \/>\n&#8211; Empeigne en mesh respirant\u200b<\/p>\n","protected":false},"excerpt":{"rendered":"<p>D\u00e9couvrez la GEL-PULSE 15 &#8211; Amorti et stabilit\u00e9 pour tous vos d\u00e9fis ! Con\u00e7ue pour offrir un confort optimal, cette chaussure de course assure un maintien parfait tout en restant l\u00e9g\u00e8re et respirante.<\/p>\n","protected":false},"featured_media":24463,"comment_status":"open","ping_status":"closed","template":"","meta":[],"product_brand":[],"product_cat":[383],"product_tag":[],"class_list":{"0":"post-24532","1":"product","2":"type-product","3":"status-publish","4":"has-post-thumbnail","6":"product_cat-chaussures-de-running","8":"first","9":"instock","10":"shipping-taxable","11":"purchasable","12":"product-type-variable"},"_links":{"self":[{"href":"https:\/\/victorybrandsdz.com\/index.php\/wp-json\/wp\/v2\/product\/24532","targetHints":{"allow":["GET"]}}],"collection":[{"href":"https:\/\/victorybrandsdz.com\/index.php\/wp-json\/wp\/v2\/product"}],"about":[{"href":"https:\/\/victorybrandsdz.com\/index.php\/wp-json\/wp\/v2\/types\/product"}],"replies":[{"embeddable":true,"href":"https:\/\/victorybrandsdz.com\/index.php\/wp-json\/wp\/v2\/comments?post=24532"}],"version-history":[{"count":2,"href":"https:\/\/victorybrandsdz.com\/index.php\/wp-json\/wp\/v2\/product\/24532\/revisions"}],"predecessor-version":[{"id":25446,"href":"https:\/\/victorybrandsdz.com\/index.php\/wp-json\/wp\/v2\/product\/24532\/revisions\/25446"}],"wp:featuredmedia":[{"embeddable":true,"href":"https:\/\/victorybrandsdz.com\/index.php\/wp-json\/wp\/v2\/media\/24463"}],"wp:attachment":[{"href":"https:\/\/victorybrandsdz.com\/index.php\/wp-json\/wp\/v2\/media?parent=24532"}],"wp:term":[{"taxonomy":"product_brand","embeddable":true,"href":"https:\/\/victorybrandsdz.com\/index.php\/wp-json\/wp\/v2\/product_brand?post=24532"},{"taxonomy":"product_cat","embeddable":true,"href":"https:\/\/victorybrandsdz.com\/index.php\/wp-json\/wp\/v2\/product_cat?post=24532"},{"taxonomy":"product_tag","embeddable":true,"href":"https:\/\/victorybrandsdz.com\/index.php\/wp-json\/wp\/v2\/product_tag?post=24532"}],"curies":[{"name":"wp","href":"https:\/\/api.w.org\/{rel}","templated":true}]}}