{"id":24531,"date":"2024-10-16T10:18:24","date_gmt":"2024-10-16T08:18:24","guid":{"rendered":"https:\/\/victorybrandsdz.com\/?post_type=product&#038;p=24531"},"modified":"2025-10-16T19:25:59","modified_gmt":"2025-10-16T17:25:59","slug":"novablast-4","status":"publish","type":"product","link":"https:\/\/victorybrandsdz.com\/index.php\/product\/novablast-4\/","title":{"rendered":"Novablast 4"},"content":{"rendered":"<p>&#8211; Amorti GEL\u2122 dans la semelle interm\u00e9diaire<br \/>\n&#8211; Empeigne respirante en mesh<br \/>\n&#8211; Stabilit\u00e9 accrue avec LITETRUSS\u2122<\/p>\n","protected":false},"excerpt":{"rendered":"<p>GT-1000 12 &#8211; Con\u00e7ue pour des performances de haut niveau Confort et performance se rencontrent dans cette chaussure pour une exp\u00e9rience de course am\u00e9lior\u00e9e.<\/p>\n","protected":false},"featured_media":24458,"comment_status":"open","ping_status":"closed","template":"","meta":[],"product_brand":[],"product_cat":[383],"product_tag":[],"class_list":{"0":"post-24531","1":"product","2":"type-product","3":"status-publish","4":"has-post-thumbnail","6":"product_cat-chaussures-de-running","8":"first","9":"instock","10":"shipping-taxable","11":"purchasable","12":"product-type-variable"},"_links":{"self":[{"href":"https:\/\/victorybrandsdz.com\/index.php\/wp-json\/wp\/v2\/product\/24531","targetHints":{"allow":["GET"]}}],"collection":[{"href":"https:\/\/victorybrandsdz.com\/index.php\/wp-json\/wp\/v2\/product"}],"about":[{"href":"https:\/\/victorybrandsdz.com\/index.php\/wp-json\/wp\/v2\/types\/product"}],"replies":[{"embeddable":true,"href":"https:\/\/victorybrandsdz.com\/index.php\/wp-json\/wp\/v2\/comments?post=24531"}],"version-history":[{"count":40,"href":"https:\/\/victorybrandsdz.com\/index.php\/wp-json\/wp\/v2\/product\/24531\/revisions"}],"predecessor-version":[{"id":30668,"href":"https:\/\/victorybrandsdz.com\/index.php\/wp-json\/wp\/v2\/product\/24531\/revisions\/30668"}],"wp:featuredmedia":[{"embeddable":true,"href":"https:\/\/victorybrandsdz.com\/index.php\/wp-json\/wp\/v2\/media\/24458"}],"wp:attachment":[{"href":"https:\/\/victorybrandsdz.com\/index.php\/wp-json\/wp\/v2\/media?parent=24531"}],"wp:term":[{"taxonomy":"product_brand","embeddable":true,"href":"https:\/\/victorybrandsdz.com\/index.php\/wp-json\/wp\/v2\/product_brand?post=24531"},{"taxonomy":"product_cat","embeddable":true,"href":"https:\/\/victorybrandsdz.com\/index.php\/wp-json\/wp\/v2\/product_cat?post=24531"},{"taxonomy":"product_tag","embeddable":true,"href":"https:\/\/victorybrandsdz.com\/index.php\/wp-json\/wp\/v2\/product_tag?post=24531"}],"curies":[{"name":"wp","href":"https:\/\/api.w.org\/{rel}","templated":true}]}}