{"id":24499,"date":"2024-10-16T10:18:16","date_gmt":"2024-10-16T08:18:16","guid":{"rendered":"https:\/\/victorybrandsdz.com\/?post_type=product&#038;p=24499"},"modified":"2025-10-16T19:25:58","modified_gmt":"2025-10-16T17:25:58","slug":"gt-1000-12","status":"publish","type":"product","link":"https:\/\/victorybrandsdz.com\/index.php\/product\/gt-1000-12\/","title":{"rendered":"Gt-1000 12"},"content":{"rendered":"<p>&#8211; LITETRUSS\u2122 pour contr\u00f4ler la pronation<br \/>\n&#8211; Empeigne l\u00e9g\u00e8re et respirante<br \/>\n&#8211; Technologie FlyteFoam\u2122\u200b<\/p>\n","protected":false},"excerpt":{"rendered":"<p>GT-1000 12 &#8211; La stabilit\u00e9 ultime pour les coureurs exigeants Am\u00e9liorez vos performances avec la GT-1000 12, con\u00e7ue pour stabiliser chaque pas.<\/p>\n","protected":false},"featured_media":24448,"comment_status":"open","ping_status":"closed","template":"","meta":[],"product_brand":[],"product_cat":[383],"product_tag":[],"class_list":{"0":"post-24499","1":"product","2":"type-product","3":"status-publish","4":"has-post-thumbnail","6":"product_cat-chaussures-de-running","8":"first","9":"instock","10":"shipping-taxable","11":"purchasable","12":"product-type-variable"},"_links":{"self":[{"href":"https:\/\/victorybrandsdz.com\/index.php\/wp-json\/wp\/v2\/product\/24499","targetHints":{"allow":["GET"]}}],"collection":[{"href":"https:\/\/victorybrandsdz.com\/index.php\/wp-json\/wp\/v2\/product"}],"about":[{"href":"https:\/\/victorybrandsdz.com\/index.php\/wp-json\/wp\/v2\/types\/product"}],"replies":[{"embeddable":true,"href":"https:\/\/victorybrandsdz.com\/index.php\/wp-json\/wp\/v2\/comments?post=24499"}],"version-history":[{"count":40,"href":"https:\/\/victorybrandsdz.com\/index.php\/wp-json\/wp\/v2\/product\/24499\/revisions"}],"predecessor-version":[{"id":30667,"href":"https:\/\/victorybrandsdz.com\/index.php\/wp-json\/wp\/v2\/product\/24499\/revisions\/30667"}],"wp:featuredmedia":[{"embeddable":true,"href":"https:\/\/victorybrandsdz.com\/index.php\/wp-json\/wp\/v2\/media\/24448"}],"wp:attachment":[{"href":"https:\/\/victorybrandsdz.com\/index.php\/wp-json\/wp\/v2\/media?parent=24499"}],"wp:term":[{"taxonomy":"product_brand","embeddable":true,"href":"https:\/\/victorybrandsdz.com\/index.php\/wp-json\/wp\/v2\/product_brand?post=24499"},{"taxonomy":"product_cat","embeddable":true,"href":"https:\/\/victorybrandsdz.com\/index.php\/wp-json\/wp\/v2\/product_cat?post=24499"},{"taxonomy":"product_tag","embeddable":true,"href":"https:\/\/victorybrandsdz.com\/index.php\/wp-json\/wp\/v2\/product_tag?post=24499"}],"curies":[{"name":"wp","href":"https:\/\/api.w.org\/{rel}","templated":true}]}}