{"id":24242,"date":"2024-10-09T10:21:58","date_gmt":"2024-10-09T08:21:58","guid":{"rendered":"https:\/\/victorybrandsdz.com\/?post_type=product&#038;p=24242"},"modified":"2025-10-16T19:25:50","modified_gmt":"2025-10-16T17:25:50","slug":"puma-caven-2-0","status":"publish","type":"product","link":"https:\/\/victorybrandsdz.com\/index.php\/product\/puma-caven-2-0\/","title":{"rendered":"Puma Caven 2.0"},"content":{"rendered":"<p>&#8211; Mat\u00e9riaux : cuir synth\u00e9tique<br \/>\n&#8211; Semelle en caoutchouc<br \/>\n&#8211; Fermeture : lacets<br \/>\n&#8211; Technologie : Softfoam+<\/p>\n","protected":false},"excerpt":{"rendered":"<p>Red\u00e9couvrez le style football avec Puma Club 5v5. Sneakers inspir\u00e9es du football avec un style r\u00e9tro et des mat\u00e9riaux recycl\u00e9s.<\/p>\n","protected":false},"featured_media":30737,"comment_status":"open","ping_status":"closed","template":"","meta":[],"product_brand":[],"product_cat":[382],"product_tag":[242],"class_list":{"0":"post-24242","1":"product","2":"type-product","3":"status-publish","4":"has-post-thumbnail","6":"product_cat-baskets-chaussures-homme","7":"product_tag-242","9":"first","10":"instock","11":"shipping-taxable","12":"purchasable","13":"product-type-variable"},"_links":{"self":[{"href":"https:\/\/victorybrandsdz.com\/index.php\/wp-json\/wp\/v2\/product\/24242","targetHints":{"allow":["GET"]}}],"collection":[{"href":"https:\/\/victorybrandsdz.com\/index.php\/wp-json\/wp\/v2\/product"}],"about":[{"href":"https:\/\/victorybrandsdz.com\/index.php\/wp-json\/wp\/v2\/types\/product"}],"replies":[{"embeddable":true,"href":"https:\/\/victorybrandsdz.com\/index.php\/wp-json\/wp\/v2\/comments?post=24242"}],"version-history":[{"count":1,"href":"https:\/\/victorybrandsdz.com\/index.php\/wp-json\/wp\/v2\/product\/24242\/revisions"}],"predecessor-version":[{"id":24249,"href":"https:\/\/victorybrandsdz.com\/index.php\/wp-json\/wp\/v2\/product\/24242\/revisions\/24249"}],"wp:featuredmedia":[{"embeddable":true,"href":"https:\/\/victorybrandsdz.com\/index.php\/wp-json\/wp\/v2\/media\/30737"}],"wp:attachment":[{"href":"https:\/\/victorybrandsdz.com\/index.php\/wp-json\/wp\/v2\/media?parent=24242"}],"wp:term":[{"taxonomy":"product_brand","embeddable":true,"href":"https:\/\/victorybrandsdz.com\/index.php\/wp-json\/wp\/v2\/product_brand?post=24242"},{"taxonomy":"product_cat","embeddable":true,"href":"https:\/\/victorybrandsdz.com\/index.php\/wp-json\/wp\/v2\/product_cat?post=24242"},{"taxonomy":"product_tag","embeddable":true,"href":"https:\/\/victorybrandsdz.com\/index.php\/wp-json\/wp\/v2\/product_tag?post=24242"}],"curies":[{"name":"wp","href":"https:\/\/api.w.org\/{rel}","templated":true}]}}