{"id":24211,"date":"2024-10-09T10:21:52","date_gmt":"2024-10-09T08:21:52","guid":{"rendered":"https:\/\/victorybrandsdz.com\/?post_type=product&#038;p=24211"},"modified":"2025-10-16T19:25:50","modified_gmt":"2025-10-16T17:25:50","slug":"puma-smash-3-0-l","status":"publish","type":"product","link":"https:\/\/victorybrandsdz.com\/index.php\/product\/puma-smash-3-0-l\/","title":{"rendered":"Puma Smash 3.0 L"},"content":{"rendered":"<p>&#8211; Mat\u00e9riaux : synth\u00e9tique<br \/>\n&#8211; Semelle ext\u00e9rieure en caoutchouc<br \/>\n&#8211; Fermeture : lacets<\/p>\n","protected":false},"excerpt":{"rendered":"<p>Poussez vos limites avec les chaussures Puma pour les athl\u00e8tes. Chaussures de running l\u00e9g\u00e8res avec une traction am\u00e9lior\u00e9e et un amorti r\u00e9actif.<\/p>\n","protected":false},"featured_media":23941,"comment_status":"open","ping_status":"closed","template":"","meta":[],"product_brand":[],"product_cat":[382],"product_tag":[242],"class_list":{"0":"post-24211","1":"product","2":"type-product","3":"status-publish","4":"has-post-thumbnail","6":"product_cat-baskets-chaussures-homme","7":"product_tag-242","9":"first","10":"instock","11":"shipping-taxable","12":"purchasable","13":"product-type-variable"},"_links":{"self":[{"href":"https:\/\/victorybrandsdz.com\/index.php\/wp-json\/wp\/v2\/product\/24211","targetHints":{"allow":["GET"]}}],"collection":[{"href":"https:\/\/victorybrandsdz.com\/index.php\/wp-json\/wp\/v2\/product"}],"about":[{"href":"https:\/\/victorybrandsdz.com\/index.php\/wp-json\/wp\/v2\/types\/product"}],"replies":[{"embeddable":true,"href":"https:\/\/victorybrandsdz.com\/index.php\/wp-json\/wp\/v2\/comments?post=24211"}],"version-history":[{"count":2,"href":"https:\/\/victorybrandsdz.com\/index.php\/wp-json\/wp\/v2\/product\/24211\/revisions"}],"predecessor-version":[{"id":34475,"href":"https:\/\/victorybrandsdz.com\/index.php\/wp-json\/wp\/v2\/product\/24211\/revisions\/34475"}],"wp:featuredmedia":[{"embeddable":true,"href":"https:\/\/victorybrandsdz.com\/index.php\/wp-json\/wp\/v2\/media\/23941"}],"wp:attachment":[{"href":"https:\/\/victorybrandsdz.com\/index.php\/wp-json\/wp\/v2\/media?parent=24211"}],"wp:term":[{"taxonomy":"product_brand","embeddable":true,"href":"https:\/\/victorybrandsdz.com\/index.php\/wp-json\/wp\/v2\/product_brand?post=24211"},{"taxonomy":"product_cat","embeddable":true,"href":"https:\/\/victorybrandsdz.com\/index.php\/wp-json\/wp\/v2\/product_cat?post=24211"},{"taxonomy":"product_tag","embeddable":true,"href":"https:\/\/victorybrandsdz.com\/index.php\/wp-json\/wp\/v2\/product_tag?post=24211"}],"curies":[{"name":"wp","href":"https:\/\/api.w.org\/{rel}","templated":true}]}}