{"id":24210,"date":"2024-10-09T10:21:52","date_gmt":"2024-10-09T08:21:52","guid":{"rendered":"https:\/\/victorybrandsdz.com\/?post_type=product&#038;p=24210"},"modified":"2025-10-16T19:25:49","modified_gmt":"2025-10-16T17:25:49","slug":"x-ray-2-square-puma-black-dark-myrtle-fl","status":"publish","type":"product","link":"https:\/\/victorybrandsdz.com\/index.php\/product\/x-ray-2-square-puma-black-dark-myrtle-fl\/","title":{"rendered":"X-Ray 2 Square Puma Black-Dark Myrtle-Fl"},"content":{"rendered":"<p>&#8211; Mesh respirant<br \/>\n&#8211; Technologie d\u2019amorti EVA<br \/>\n&#8211; Semelle en caoutchouc pour une meilleure traction<\/p>\n","protected":false},"excerpt":{"rendered":"<p>Courez avec confort et style gr\u00e2ce \u00e0 Puma. Sneakers avec amorti renforc\u00e9 et design sportif pour des performances optimales.<\/p>\n","protected":false},"featured_media":23936,"comment_status":"open","ping_status":"closed","template":"","meta":[],"product_brand":[],"product_cat":[382],"product_tag":[242],"class_list":{"0":"post-24210","1":"product","2":"type-product","3":"status-publish","4":"has-post-thumbnail","6":"product_cat-baskets-chaussures-homme","7":"product_tag-242","9":"first","10":"instock","11":"shipping-taxable","12":"purchasable","13":"product-type-variable"},"_links":{"self":[{"href":"https:\/\/victorybrandsdz.com\/index.php\/wp-json\/wp\/v2\/product\/24210","targetHints":{"allow":["GET"]}}],"collection":[{"href":"https:\/\/victorybrandsdz.com\/index.php\/wp-json\/wp\/v2\/product"}],"about":[{"href":"https:\/\/victorybrandsdz.com\/index.php\/wp-json\/wp\/v2\/types\/product"}],"replies":[{"embeddable":true,"href":"https:\/\/victorybrandsdz.com\/index.php\/wp-json\/wp\/v2\/comments?post=24210"}],"version-history":[{"count":2,"href":"https:\/\/victorybrandsdz.com\/index.php\/wp-json\/wp\/v2\/product\/24210\/revisions"}],"predecessor-version":[{"id":25429,"href":"https:\/\/victorybrandsdz.com\/index.php\/wp-json\/wp\/v2\/product\/24210\/revisions\/25429"}],"wp:featuredmedia":[{"embeddable":true,"href":"https:\/\/victorybrandsdz.com\/index.php\/wp-json\/wp\/v2\/media\/23936"}],"wp:attachment":[{"href":"https:\/\/victorybrandsdz.com\/index.php\/wp-json\/wp\/v2\/media?parent=24210"}],"wp:term":[{"taxonomy":"product_brand","embeddable":true,"href":"https:\/\/victorybrandsdz.com\/index.php\/wp-json\/wp\/v2\/product_brand?post=24210"},{"taxonomy":"product_cat","embeddable":true,"href":"https:\/\/victorybrandsdz.com\/index.php\/wp-json\/wp\/v2\/product_cat?post=24210"},{"taxonomy":"product_tag","embeddable":true,"href":"https:\/\/victorybrandsdz.com\/index.php\/wp-json\/wp\/v2\/product_tag?post=24210"}],"curies":[{"name":"wp","href":"https:\/\/api.w.org\/{rel}","templated":true}]}}