{"id":3,"date":"2023-08-31T18:36:57","date_gmt":"2023-08-31T16:36:57","guid":{"rendered":"http:\/\/victorybrandsdz.com\/?page_id=3"},"modified":"2023-12-05T09:49:18","modified_gmt":"2023-12-05T08:49:18","slug":"politique-de-confidentialite","status":"publish","type":"page","link":"https:\/\/victorybrandsdz.com\/index.php\/politique-de-confidentialite\/","title":{"rendered":"Politique de confidentialit\u00e9"},"content":{"rendered":"\t\t<div data-elementor-type=\"wp-page\" data-elementor-id=\"3\" class=\"elementor elementor-3\">\n\t\t\t\t\t\t<section class=\"wd-negative-gap elementor-section elementor-top-section elementor-element elementor-element-310247ad elementor-section-boxed elementor-section-height-default elementor-section-height-default\" data-id=\"310247ad\" data-element_type=\"section\">\n\t\t\t\t\t\t<div class=\"elementor-container elementor-column-gap-default\">\n\t\t\t\t\t<div class=\"elementor-column elementor-col-100 elementor-top-column elementor-element elementor-element-5edfe32e\" data-id=\"5edfe32e\" data-element_type=\"column\">\n\t\t\t<div class=\"elementor-widget-wrap elementor-element-populated\">\n\t\t\t\t\t\t<div class=\"elementor-element elementor-element-5ed28ec1 color-scheme-inherit text-left elementor-widget elementor-widget-text-editor\" data-id=\"5ed28ec1\" data-element_type=\"widget\" data-widget_type=\"text-editor.default\">\n\t\t\t\t<div class=\"elementor-widget-container\">\n\t\t\t\t\t\t\t\t\t<p><strong>POLITIQUE DE CONFIDENTIALIT\u00c9<\/strong><\/p>\n<p>Publi\u00e9 le 29 ao\u00fbt 2023 \u00e0 13 :10.<\/p>\n<p>\u00a0<\/p>\n<p>\u00a0<\/p>\n<p>La pr\u00e9sente politique de confidentialit\u00e9 a pour objet principal d\u2019exposer les engagements de l\u2019entreprise en mati\u00e8re de traitement des donn\u00e9es \u00e0 caract\u00e8res personnels qui sont collect\u00e9es lorsque vous utilisez le site web de la boutique VICTORY BRANDS depuis le lien <a href=\"https:\/\/victorybrandsdz.com\">https:\/\/victorybrandsdz.com<\/a>, et ce, en respectant la Loi alg\u00e9rienne n\u00b0 18-07 du 25 Ramadhan 1439 correspondant au 10 juin 2018 relative \u00e0 la protection des personnes physiques dans le traitement des donn\u00e9es \u00e0 caract\u00e8re personnel.<\/p>\n<p>A ce titre, le document pr\u00e9sent a pour ambition de permettre aux utilisateurs de savoir quelles sont les informations collect\u00e9es, l\u2019usage qu\u2019il en est fait, leurs modalit\u00e9s de traitement ou encore sur l\u2019exercice de leurs droits.<\/p>\n<p>Cette politique ne couvre pas les services propos\u00e9s hors ligne.<\/p>\n<p>__________________________________________________________________________________<\/p>\n<p>Le terme \u00ab <em>VB<\/em> \u00bb fait r\u00e9f\u00e9rence \u00e0 la soci\u00e9t\u00e9 VICTORY BRANDS.<\/p>\n<p>Le terme \u00ab\u00a0Responsable\u00a0\u00bb fait r\u00e9f\u00e9rence \u00e0 la soci\u00e9t\u00e9 VICTORY BRANDS.<\/p>\n<p>Le terme \u00ab\u00a0Client \/ Utilisateur\u00a0\u00bb fait r\u00e9f\u00e9rence \u00e0 toute personne qui navigue, utilise ou effectue un achat sur le site Web <a href=\"https:\/\/victorybrandsdz.com\">https:\/\/victorybrandsdz.com<\/a>.<\/p>\n<p>Le terme \u00ab\u00a0Site\u00a0\u00bb fait r\u00e9f\u00e9rence au site Web <a href=\"https:\/\/victorybrandsdz.com\">https:\/\/victorybrandsdz.com<\/a>.<\/p>\n<p>Le terme \u00ab\u00a0Donn\u00e9es \u00bb fait r\u00e9f\u00e9rence aux Donn\u00e9es \u00e0 caract\u00e8res personnels\u00a0de l\u2019Utilisateur de notre Site Web.<\/p>\n<p>__________________________________________________________________________________<\/p>\n<p><strong>VEUILLEZ LIRE ATTENTIVEMENT LA PRESENTE POLITIQUE DE CONFIDENTIALITE AVANT D\u2019UTILISER NOTRE SITE WEB.<\/strong><\/p>\n<p><strong>__________________________________________________________________________________<\/strong><\/p>\n<p><strong>\u00a0<\/strong><\/p>\n<p>\u00a0<\/p>\n<ol>\n<li>RESPONSABLE DU TRAITEMENT<\/li>\n<\/ol>\n<p>L\u2019entit\u00e9 responsable des activit\u00e9s de traitement de Donn\u00e9es est <em>VB<\/em> (Num\u00e9ro d&rsquo;identification fiscal 00763670155 et num\u00e9ro de TVA 00691110969), ayant son si\u00e8ge \u00e0 Alger, Bab Ezzouar, n\u00b03, adresse e-mail victorybrandz@gmail.com.<\/p>\n<p>\u00a0<\/p>\n<ol start=\"2\">\n<li>RESPONSABLE DE LA PROTECTION DES DONN\u00c9ES<\/li>\n<\/ol>\n<p>Le Responsable de la protection des Donn\u00e9es d\u00e9sign\u00e9 par <em>VB<\/em> est l&rsquo;avocat ALI CHERROUANA, dont le cabinet est bas\u00e9 \u00e0 Alger, b\u00e2timent D3, n\u00b031, et peut \u00eatre contact\u00e9 en envoyant un e-mail \u00e0 l&rsquo;adresse <a href=\"mailto:alich@gmail.com\">alich@gmail.com<\/a>.<\/p>\n<p>\u00a0<\/p>\n<ol start=\"3\">\n<li>TYPE DE DONN\u00c9ES PERSONNELLES TRAIT\u00c9ES<\/li>\n<\/ol>\n<p>Le terme Donn\u00e9es personnelles fait r\u00e9f\u00e9rence \u00e0 toute information concernant l&rsquo;utilisateur.<\/p>\n<p>Afin de faciliter la navigation sur le Site et l&rsquo;utilisation des services associ\u00e9s (tels que la cr\u00e9ation d&rsquo;un espace personnel, la r\u00e9alisation d&rsquo;achats et la prise de contact avec <em>VB<\/em>, le traitement peut inclure :<\/p>\n<p>\u00a0<\/p>\n<ul>\n<li>Vos donn\u00e9es de navigation<\/li>\n<\/ul>\n<p>Lorsque vous acc\u00e9dez et naviguez sur le site de VB, des informations de navigation sont g\u00e9n\u00e9ralement recueillies par diff\u00e9rentes technologies, telles que les cookies. Les syst\u00e8mes informatiques et les logiciels utilis\u00e9s pour faire fonctionner le site collectent automatiquement certaines donn\u00e9es personnelles de navigation pendant son utilisation courante, qui sont ensuite transmises de mani\u00e8re implicite conform\u00e9ment aux protocoles de communication sur Internet.<\/p>\n<p>Cette cat\u00e9gorie de Donn\u00e9es comprend notamment\u00a0:<\/p>\n<ul>\n<li>Les adresses IP ou les noms de domaine des ordinateurs utilis\u00e9s pour se connecter au site ;<\/li>\n<li>Les adresses en notation URI (Uniform Resource Identifier) des ressources demand\u00e9es ;<\/li>\n<li>L&rsquo;heure \u00e0 laquelle la demande a \u00e9t\u00e9 faite ;<\/li>\n<li>La m\u00e9thode utilis\u00e9e pour soumettre la demande au serveur ;<\/li>\n<li>La taille du fichier obtenu en r\u00e9ponse ;<\/li>\n<li>Le code num\u00e9rique indiquant l&rsquo;\u00e9tat de la r\u00e9ponse donn\u00e9e par le serveur (r\u00e9ussite, erreur, etc.) ;<\/li>\n<li>D&rsquo;autres param\u00e8tres li\u00e9s au syst\u00e8me d&rsquo;exploitation et \u00e0 l&rsquo;environnement informatique de l&rsquo;utilisateur.<\/li>\n<\/ul>\n<p>\u00a0<\/p>\n<p>Ces donn\u00e9es, qui sont essentielles pour l&rsquo;acc\u00e8s et l&rsquo;utilisation du site, sont trait\u00e9es de mani\u00e8re anonyme dans le seul but d&rsquo;obtenir des statistiques sur l&rsquo;utilisation des services, tels que les pages les plus consult\u00e9es, le nombre de visiteurs par heure ou par jour, les origines g\u00e9ographiques, etc. Cette collecte est effectu\u00e9e en conformit\u00e9 avec la Loi n\u00b0 18-07 du 25 Ramadhan 1439, correspondant au 10 juin 2018, relative \u00e0 la protection des personnes physiques dans le traitement des donn\u00e9es \u00e0 caract\u00e8re personnel.<\/p>\n<p>Conform\u00e9ment \u00e0 l&rsquo;article 9 de cette m\u00eame loi (n\u00b018-07), les donn\u00e9es de navigation des utilisateurs du site seront conserv\u00e9es pendant la dur\u00e9e jug\u00e9e n\u00e9cessaire pour atteindre les objectifs pour lesquels elles ont \u00e9t\u00e9 collect\u00e9es ou trait\u00e9es, et seront imm\u00e9diatement supprim\u00e9es sauf en cas de n\u00e9cessit\u00e9 potentielle.<\/p>\n<p>\u00a0<\/p>\n<ul>\n<li>Vos Donn\u00e9es personnelles transmises volontairement<\/li>\n<\/ul>\n<p>Le responsable du traitement de vos donn\u00e9es, en l&rsquo;occurrence VB, supervise \u00e9galement les donn\u00e9es personnelles que l&rsquo;utilisateur fournit volontairement lors de son interaction avec les services offerts par le site. Dans des sections sp\u00e9cifiques du site o\u00f9 les donn\u00e9es de l&rsquo;utilisateur sont collect\u00e9es, telles que \u00ab\u00a0Newsletter\u00a0\u00bb et \u00ab\u00a0Programme de fid\u00e9lit\u00e9\u00a0\u00bb, des informations d\u00e9taill\u00e9es sur le traitement des donn\u00e9es sont fournies conform\u00e9ment \u00e0 l&rsquo;article 3 de la loi n\u00b018-07 relative \u00e0 la protection des donn\u00e9es \u00e0 caract\u00e8re personnel. Les donn\u00e9es fournies volontairement par l&rsquo;utilisateur comprennent :<\/p>\n<ul>\n<li>Nom, pr\u00e9nom, adresse e-mail, date de naissance, ainsi que toutes les informations suppl\u00e9mentaires fournies lors de la cr\u00e9ation du profil personnel.<\/li>\n<li>Nom, pr\u00e9nom, date de naissance, informations li\u00e9es au sexe biologique, num\u00e9ros de t\u00e9l\u00e9phone, adresse e-mail, mot de passe, et toutes les donn\u00e9es additionnelles fournies lors de la cr\u00e9ation d&rsquo;un compte personnel.<\/li>\n<li>Nom, pr\u00e9nom, adresse de livraison, num\u00e9ro de t\u00e9l\u00e9phone, adresse e-mail, informations relatives au produit choisi et achet\u00e9, ainsi que des informations li\u00e9es au mode de paiement s\u00e9lectionn\u00e9, telles que le type de carte de cr\u00e9dit\/d\u00e9bit, le num\u00e9ro de carte, la date d&rsquo;expiration, etc. Cela est n\u00e9cessaire pour effectuer l&rsquo;achat du produit choisi et remplir les obligations l\u00e9gales et contractuelles associ\u00e9es.<\/li>\n<li>Adresse e-mail, date de naissance et informations li\u00e9es au sexe biologique, requises lors de l&rsquo;inscription \u00e0 la newsletter.<\/li>\n<li>Nom, pr\u00e9nom, lieu et date de naissance, adresse, num\u00e9ros de t\u00e9l\u00e9phone, adresse e-mail, lors de l&rsquo;envoi d&rsquo;une candidature.<\/li>\n<li>Nom, pr\u00e9nom, adresse e-mail, num\u00e9ro de t\u00e9l\u00e9phone, num\u00e9ro de commande, et toutes les donn\u00e9es suppl\u00e9mentaires fournies lors de la soumission du formulaire de demande ou lors de la communication t\u00e9l\u00e9phonique pour solliciter de l&rsquo;aide ou b\u00e9n\u00e9ficier du service client.<\/li>\n<\/ul>\n<p>\u00a0<\/p>\n<p><strong>IMPORTNANT\u00a0:<\/strong> <em>VB<\/em> s\u2019engage \u00e0 prot\u00e9ger vos Donn\u00e9es personnelles, que vous avez bien voulu lui confier.<\/p>\n<p>\u00a0<\/p>\n<ol start=\"4\">\n<li>FINALIT\u00c9S ET NATURE DE LA MISE \u00c0 DISPOSITION<\/li>\n<\/ol>\n<p>Conform\u00e9ment \u00e0 l\u2019article 9 de la loi n\u00b0 18-07, la collecte des Donn\u00e9es des utilisateurs doit \u00eatre r\u00e9alis\u00e9e pour des finalit\u00e9s sp\u00e9cifiques, explicites et l\u00e9gitimes. Chez VB, vos donn\u00e9es seront trait\u00e9es dans le cadre des objectifs suivants :<\/p>\n<ul>\n<li>Faciliter votre navigation sur le site, recueillir des informations statistiques anonymes sur votre utilisation, assurer le bon fonctionnement du site et \u00e9tablir la responsabilit\u00e9 en cas de d\u00e9lits informatiques.<\/li>\n<li>G\u00e9rer la commande des produits que vous avez s\u00e9lectionn\u00e9s et respecter toutes les obligations l\u00e9gales et contractuelles qui y sont associ\u00e9es.<\/li>\n<li>Fournir un service client, incluant la gestion des demandes, des r\u00e9clamations, ainsi que des retours \u00e9ventuels.<\/li>\n<li>Permettre l&rsquo;inscription \u00e0 la Newsletter et l&rsquo;envoi de communications \u00e0 caract\u00e8re informatif et promotionnel sur les produits, services et \u00e9v\u00e9nements de l&rsquo;entit\u00e9 VICTORY BRANDS, bas\u00e9 sur le consentement explicite.<\/li>\n<li>Envoyer des communications \u00e0 caract\u00e8re commercial et promotionnel sur des produits similaires \u00e0 ceux d\u00e9j\u00e0 achet\u00e9s.<\/li>\n<li>Analyser les int\u00e9r\u00eats, les comportements d&rsquo;achat et les pr\u00e9f\u00e9rences de l&rsquo;utilisateur afin de personnaliser l&rsquo;offre de produits et services.<\/li>\n<li>Inscrire l&rsquo;utilisateur dans l&rsquo;espace personnel \u00ab\u00a0Mon compte,\u00a0\u00bb cr\u00e9er le profil correspondant et permettre l&rsquo;utilisation des services r\u00e9serv\u00e9s aux utilisateurs inscrits.<\/li>\n<li>Exercer et d\u00e9fendre les droits du responsable du traitement dans toutes les instances, y compris judiciaires, administratives, dans les proc\u00e9dures d&rsquo;arbitrage et\/ou de m\u00e9diation, ainsi que dans les proc\u00e9dures de conciliation.<\/li>\n<\/ul>\n<p>\u00a0<\/p>\n<p><strong>NOTE\u00a0<\/strong>: Pour ne plus recevoir la Newsletter, il est possible de se d\u00e9sabonner en cliquant sur le bouton \u00ab\u00a0supprimer l&rsquo;inscription\/se d\u00e9sabonner\u00a0\u00bb en bas de chaque communication.<\/p>\n<p>\u00a0<\/p>\n<ol start=\"5\">\n<li>COOKIES<\/li>\n<\/ol>\n<p>Avec votre accord, nous utilisons des cookies ou des technologies \u00e9quivalentes pour enregistrer, acc\u00e9der et traiter des donn\u00e9es personnelles, telles que vos visites sur ce site Web, les adresses IP et les identifiants de cookies. Des informations plus d\u00e9taill\u00e9es sur les types de cookies utilis\u00e9s par <em>VB<\/em> sont disponibles dans notre Politique relative aux cookies.<\/p>\n<p>\u00a0<\/p>\n<ol start=\"6\">\n<li>MODALIT\u00c9 DE TRAITEMENT<\/li>\n<\/ol>\n<p>Dans le cadre des objectifs \u00e9nonc\u00e9s au point 4 (FINALITES) pr\u00e9c\u00e9dent, les donn\u00e9es seront principalement trait\u00e9es au moyen de processus \u00e9lectroniques et automatis\u00e9s, ainsi que sous forme papier, en stricte conformit\u00e9 avec les r\u00e9glementations en vigueur concernant le traitement des donn\u00e9es, et en mettant en place des mesures de s\u00e9curit\u00e9 appropri\u00e9es.<\/p>\n<p>Le traitement des donn\u00e9es est supervis\u00e9 par le personnel de VB, notamment les employ\u00e9s, les administrateurs syst\u00e8me et les collaborateurs d\u00e9sign\u00e9s \u00e0 cet effet. Ils sont sp\u00e9cialement form\u00e9s et sensibilis\u00e9s \u00e0 l&rsquo;importance de garantir la s\u00e9curit\u00e9 et la confidentialit\u00e9 des donn\u00e9es, tout en veillant \u00e0 pr\u00e9venir les risques de perte, de destruction et d&rsquo;acc\u00e8s non autoris\u00e9 aux donn\u00e9es, en accord avec les dispositions de l&rsquo;article 38 de la loi n\u00b018-07, qui \u00e9nonce les obligations du responsable du traitement.<\/p>\n<p>\u00a0<\/p>\n<ol start=\"7\">\n<li>COMMUNICATION DES DONN\u00c9ES<\/li>\n<\/ol>\n<p>Conform\u00e9ment \u00e0 l&rsquo;article 6 de la loi n\u00b018-07, VB s&rsquo;engage \u00e0 maintenir la plus stricte confidentialit\u00e9 des donn\u00e9es collect\u00e9es et garantit qu&rsquo;elles ne seront pas partag\u00e9es avec des tiers non autoris\u00e9s. Cependant, dans le cadre pr\u00e9cis des objectifs \u00e9nonc\u00e9s au point 4 (FINALITES) pr\u00e9c\u00e9dent, les donn\u00e9es peuvent \u00eatre communiqu\u00e9es \u00e0 :<\/p>\n<ul>\n<li>Des entit\u00e9s externes \u00e0 VB agissant en tant que responsables de traitement ind\u00e9pendants ou sous-traitants. Cela peut inclure, par exemple, des \u00e9tablissements financiers, des fournisseurs de services Internet, des entreprises de transport, des agences de marketing, des entit\u00e9s responsables de l&rsquo;infrastructure informatique, de sa gestion et de sa maintenance, des soci\u00e9t\u00e9s charg\u00e9es de la s\u00e9curit\u00e9 du syst\u00e8me et des contr\u00f4les anti-fraude, des entreprises g\u00e9rant le site, des conseillers fiscaux, des centres d&rsquo;appels, et des entreprises g\u00e9rant des points de vente physiques.<\/li>\n<\/ul>\n<p>\u00a0<\/p>\n<ul>\n<li>Des entit\u00e9s autoris\u00e9es par la loi ou la r\u00e9glementation alg\u00e9rienne, telles que les autorit\u00e9s publiques comp\u00e9tentes et le pouvoir judiciaire, par exemple.<\/li>\n<\/ul>\n<p>\u00a0<\/p>\n<ol start=\"8\">\n<li>DUR\u00c9E DE CONSERVATION DES DONN\u00c9ES<\/li>\n<\/ol>\n<p><em>VB <\/em>conservera les donn\u00e9es de ses utilisateurs pour la p\u00e9riode strictement n\u00e9cessaire \u00e0 la r\u00e9alisation des objectifs respectifs pour lesquels ces donn\u00e9es ont \u00e9t\u00e9 collect\u00e9es. La dur\u00e9e de conservation des donn\u00e9es est d\u00e9finie en fonction des finalit\u00e9s suivantes :<\/p>\n<ul>\n<li>Pour les achats de produits, les donn\u00e9es sont conserv\u00e9es pendant toute la dur\u00e9e de la relation, et en tout \u00e9tat de cause, jusqu&rsquo;\u00e0 la prescription des droits d\u00e9coulant de cette relation.<\/li>\n<\/ul>\n<p>\u00a0<\/p>\n<ul>\n<li>Pour le service client, les donn\u00e9es sont conserv\u00e9es aussi longtemps que n\u00e9cessaire pour atteindre l&rsquo;objectif initial.<\/li>\n<\/ul>\n<p>\u00a0<\/p>\n<ul>\n<li>Pour la newsletter, les donn\u00e9es sont conserv\u00e9es tant que l&rsquo;utilisateur n&rsquo;a pas r\u00e9voqu\u00e9 son consentement.<\/li>\n<\/ul>\n<p>\u00a0<\/p>\n<ul>\n<li>Pour l&rsquo;espace personnel, les donn\u00e9es sont conserv\u00e9es jusqu&rsquo;\u00e0 ce que l&rsquo;utilisateur demande la fermeture de son profil, ce qui peut \u00eatre fait \u00e0 tout moment.<\/li>\n<\/ul>\n<p>\u00a0<\/p>\n<ul>\n<li>Pour le Programme de Fid\u00e9lit\u00e9, les donn\u00e9es sont conserv\u00e9es pendant toute la dur\u00e9e de la participation au programme cr\u00e9\u00e9 par VB, et en tout \u00e9tat de cause, jusqu&rsquo;\u00e0 la limitation des droits d\u00e9coulant de cette relation.<\/li>\n<\/ul>\n<p>Il est cependant important de noter que les utilisateurs ont le droit de r\u00e9voquer leur consentement pour ces traitements et le droit de s&rsquo;opposer au traitement. De plus, cela n&rsquo;affecte en rien le respect des obligations de conservation sp\u00e9cifiques \u00e9tablies par la loi ou l&rsquo;exercice du droit de la d\u00e9fense en cas de litige.<\/p>\n<p>\u00a0<\/p>\n<ol start=\"9\">\n<li>DROITS DE L&rsquo;UTILISATEUR<\/li>\n<\/ol>\n<p>Concernant les donn\u00e9es, les utilisateurs ont la possibilit\u00e9 de faire des demandes \u00e0 VB conform\u00e9ment aux proc\u00e9dures \u00e9tablies dans le r\u00e8glement. En vertu des dispositions et des limitations pr\u00e9vues par la loi n\u00b018-07, les utilisateurs jouissent des droits suivants :<\/p>\n<ul>\n<li>Le droit d&rsquo;acc\u00e9der \u00e0 leurs donn\u00e9es.<\/li>\n<\/ul>\n<p>\u00a0<\/p>\n<ul>\n<li>Le droit de rectifier les donn\u00e9es inexactes et de compl\u00e9ter les donn\u00e9es incompl\u00e8tes.<\/li>\n<\/ul>\n<p>\u00a0<\/p>\n<ul>\n<li>Le droit de supprimer les donn\u00e9es dans les cas pr\u00e9vus, par exemple lorsque ces donn\u00e9es ne sont plus n\u00e9cessaires aux fins \u00e9nonc\u00e9es ci-dessus ou lorsqu&rsquo;elles ne sont pas trait\u00e9es conform\u00e9ment au r\u00e8glement.<\/li>\n<\/ul>\n<p>\u00a0<\/p>\n<ul>\n<li>Le droit de limiter le traitement, notamment lorsque l&rsquo;exactitude des donn\u00e9es est contest\u00e9e et qu&rsquo;il est n\u00e9cessaire de v\u00e9rifier leur exactitude.<\/li>\n<\/ul>\n<p>\u00a0<\/p>\n<ul>\n<li>Le droit \u00e0 la portabilit\u00e9, c&rsquo;est-\u00e0-dire le droit de recevoir les donn\u00e9es dans un format couramment utilis\u00e9 et lisible par un dispositif automatique, et de transf\u00e9rer ces donn\u00e9es \u00e0 un autre responsable du traitement.<\/li>\n<\/ul>\n<p>\u00a0<\/p>\n<ul>\n<li>Le droit de s&rsquo;opposer au traitement.<\/li>\n<\/ul>\n<p>\u00a0<\/p>\n<ul>\n<li>Le droit de r\u00e9voquer leur consentement \u00e0 tout moment, sans que cela n&rsquo;affecte la l\u00e9galit\u00e9 du traitement effectu\u00e9 avant la r\u00e9vocation.<\/li>\n<\/ul>\n<p>Tous les droits \u00e9num\u00e9r\u00e9s ci-dessus peuvent \u00eatre exerc\u00e9s en contactant VB par courrier \u00e9lectronique \u00e0 l&rsquo;adresse <a href=\"mailto:victorybrands@gmail.com\">victorybrands@gmail.com<\/a> ou par t\u00e9l\u00e9phone au num\u00e9ro suivant : +213770000000.<\/p>\n<p>\u00a0<\/p>\n<ol start=\"10\">\n<li>CONTESTATION<\/li>\n<\/ol>\n<p>Dans le cas o\u00f9 l&rsquo;utilisateur consid\u00e8re que le traitement de ses donn\u00e9es enfreint les dispositions de la loi mentionn\u00e9e pr\u00e9c\u00e9demment, il a le droit de d\u00e9poser une r\u00e9clamation aupr\u00e8s de l&rsquo;autorit\u00e9 de contr\u00f4le de la protection des donn\u00e9es, en conformit\u00e9 avec l&rsquo;article 25, paragraphe 4 de la loi n\u00b018-07. Cette autorit\u00e9 est charg\u00e9e de surveiller et de garantir la conformit\u00e9 des traitements de donn\u00e9es avec la r\u00e9glementation en vigueur.<\/p>\n<p>\u00a0<\/p>\n<ol start=\"11\">\n<li>CONTACTS<\/li>\n<\/ol>\n<p>En cas de questions, des remarques \u00e0 formuler ou des informations \u00e0 partager qui pourraient contribuer \u00e0 am\u00e9liorer nos services en mati\u00e8re de protection des donn\u00e9es personnelles, n&rsquo;h\u00e9sitez pas \u00e0 nous contacter.<\/p>\n<p>Vous pouvez nous joindre par e-mail \u00e0 l&rsquo;adresse suivante : <a href=\"mailto:victorybrands@gmail.com\">victorybrands@gmail.com<\/a> ou par t\u00e9l\u00e9phone au num\u00e9ro : +213770XXXXXX.<\/p>\n<p>Votre feedback est pr\u00e9cieux pour nous.<\/p>\n<p>\u00a0<\/p>\n<p>__________________________________________________________________________________<\/p>\n<p><strong>MERCI.<\/strong><\/p>\n<p><strong>__________________________________________________________________________________<\/strong><\/p>\n<p>\u00a0<\/p>\t\t\t\t\t\t\t\t<\/div>\n\t\t\t\t<\/div>\n\t\t\t\t\t<\/div>\n\t\t<\/div>\n\t\t\t\t\t<\/div>\n\t\t<\/section>\n\t\t\t\t<\/div>\n\t\t","protected":false},"excerpt":{"rendered":"<p>POLITIQUE DE CONFIDENTIALIT\u00c9 Publi\u00e9 le 29 ao\u00fbt 2023 \u00e0 13 :10. \u00a0 \u00a0 La pr\u00e9sente politique de confidentialit\u00e9 a pour<\/p>\n","protected":false},"author":1,"featured_media":0,"parent":0,"menu_order":0,"comment_status":"closed","ping_status":"open","template":"","meta":{"footnotes":""},"class_list":["post-3","page","type-page","status-publish","hentry"],"_links":{"self":[{"href":"https:\/\/victorybrandsdz.com\/index.php\/wp-json\/wp\/v2\/pages\/3","targetHints":{"allow":["GET"]}}],"collection":[{"href":"https:\/\/victorybrandsdz.com\/index.php\/wp-json\/wp\/v2\/pages"}],"about":[{"href":"https:\/\/victorybrandsdz.com\/index.php\/wp-json\/wp\/v2\/types\/page"}],"author":[{"embeddable":true,"href":"https:\/\/victorybrandsdz.com\/index.php\/wp-json\/wp\/v2\/users\/1"}],"replies":[{"embeddable":true,"href":"https:\/\/victorybrandsdz.com\/index.php\/wp-json\/wp\/v2\/comments?post=3"}],"version-history":[{"count":4,"href":"https:\/\/victorybrandsdz.com\/index.php\/wp-json\/wp\/v2\/pages\/3\/revisions"}],"predecessor-version":[{"id":36866,"href":"https:\/\/victorybrandsdz.com\/index.php\/wp-json\/wp\/v2\/pages\/3\/revisions\/36866"}],"wp:attachment":[{"href":"https:\/\/victorybrandsdz.com\/index.php\/wp-json\/wp\/v2\/media?parent=3"}],"curies":[{"name":"wp","href":"https:\/\/api.w.org\/{rel}","templated":true}]}}