{"id":19471,"date":"2023-12-05T11:49:38","date_gmt":"2023-12-05T10:49:38","guid":{"rendered":"http:\/\/victorybrandsdz.com\/?page_id=19471"},"modified":"2023-12-05T12:09:10","modified_gmt":"2023-12-05T11:09:10","slug":"politique-relative-aux-cookies","status":"publish","type":"page","link":"https:\/\/victorybrandsdz.com\/index.php\/politique-relative-aux-cookies\/","title":{"rendered":"POLITIQUE RELATIVE AUX COOKIES"},"content":{"rendered":"\t\t<div data-elementor-type=\"wp-page\" data-elementor-id=\"19471\" class=\"elementor elementor-19471\">\n\t\t\t\t\t\t<section class=\"wd-negative-gap elementor-section elementor-top-section elementor-element elementor-element-ded190f elementor-section-boxed elementor-section-height-default elementor-section-height-default\" data-id=\"ded190f\" data-element_type=\"section\">\n\t\t\t\t\t\t<div class=\"elementor-container elementor-column-gap-default\">\n\t\t\t\t\t<div class=\"elementor-column elementor-col-100 elementor-top-column elementor-element elementor-element-1dc7b98\" data-id=\"1dc7b98\" data-element_type=\"column\">\n\t\t\t<div class=\"elementor-widget-wrap elementor-element-populated\">\n\t\t\t\t\t\t<div class=\"elementor-element elementor-element-3fdeb33 elementor-widget elementor-widget-wd_text_block\" data-id=\"3fdeb33\" data-element_type=\"widget\" data-widget_type=\"wd_text_block.default\">\n\t\t\t\t<div class=\"elementor-widget-container\">\n\t\t\t\t\t\t\t<div class=\"wd-text-block reset-last-child text-left\">\n\t\t\t\n\t\t\t<p><strong>POLITIQUE RELATIVE AUX COOKIES<\/strong><\/p><p>Publi\u00e9 le 21 septembre 2023 \u00e0 10 :59.<\/p><p><strong>\u00a0<\/strong><\/p><p>\u00a0<\/p><p>Les pr\u00e9sentes informations ont pour but de vous expliquer le fonctionnement des cookies et des technologies similaires qui sont install\u00e9s ou, en tout cas, pr\u00e9sents sur le domaine <a href=\"http:\/\/www.victorybrandz.com\">www.victorybrandz.com<\/a> (ci-apr\u00e8s d\u00e9nomm\u00e9 le \"Site\"), g\u00e9r\u00e9 par VICTORY BRANDS, dont le si\u00e8ge est situ\u00e9 \u00e0 Alger, n\u00b042, (ci-apr\u00e8s d\u00e9nomm\u00e9 \"VICTORY BRANDS\") (Num\u00e9ro d'identification fiscale et num\u00e9ro de TVA 03796760365).<\/p><p>Pour toute information ou demande relative \u00e0 l'utilisation de cookies sur ce Site, l'utilisateur peut contacter VICTORY BRANDS par e-mail \u00e0 l'adresse <a href=\"mailto:victorybrands@gmail.com\">victorybrands@gmail.com<\/a><\/p><p>\u00a0<\/p><p>\u00a0<\/p><p><strong>QU'EST-CE QU'UN COOKIE ?<\/strong><\/p><p>Les cookies sont de petits fichiers texte que les sites web visit\u00e9s par l'utilisateur envoient \u00e0 son terminal (g\u00e9n\u00e9ralement le navigateur) et qui sont stock\u00e9s pour \u00eatre renvoy\u00e9s aux m\u00eames sites lors de la prochaine visite de l'utilisateur. Les cookies peuvent \u00eatre install\u00e9s \u00e0 partir du site visit\u00e9 par l'utilisateur (cookies propri\u00e9taires) ou \u00e0 partir d'autres sites (cookies tiers). Cela se produit car le site visit\u00e9 par l'utilisateur peut contenir des \u00e9l\u00e9ments (images, cartes, sons, liens vers des pages Web d'autres domaines, etc.) qui r\u00e9sident sur des serveurs autres que celui du site visit\u00e9.<\/p><p>\u00a0<\/p><p><strong>TYPE DE COOKIES PR\u00c9SENTS SUR LE SITE<\/strong><\/p><p>En fonction de leur finalit\u00e9, les cookies sont divis\u00e9s en deux grandes cat\u00e9gories : les cookies techniques et les cookies de profilage.<\/p><ul><li>Les cookies techniques sont utilis\u00e9s uniquement pour transmettre une communication sur un r\u00e9seau de communications \u00e9lectroniques, ou dans la mesure strictement n\u00e9cessaire au prestataire d'un service de la soci\u00e9t\u00e9 de l'information explicitement demand\u00e9 par l'abonn\u00e9 ou l'utilisateur pour fournir ce service. Ils ne sont pas utilis\u00e9s \u00e0 d'autres fins et sont normalement install\u00e9s directement \u00e0 partir du site visit\u00e9 par l'utilisateur. Ces cookies peuvent notamment permettre une navigation et une utilisation normales du site, ainsi qu'une navigation en fonction de crit\u00e8res s\u00e9lectionn\u00e9s pour am\u00e9liorer le service rendu. Le consentement pr\u00e9alable de l'utilisateur n'est pas requis pour l'installation de ces cookies.<\/li><\/ul><p>\u00a0<\/p><ul><li>Les cookies analytiques sont utilis\u00e9s directement par le gestionnaire du site pour collecter des informations agr\u00e9g\u00e9es sur le nombre d'utilisateurs et la mani\u00e8re dont ils visitent le site. Ces cookies permettent au gestionnaire du site de comprendre comment les utilisateurs interagissent avec le contenu du site afin d'optimiser les services.<\/li><\/ul><p>\u00a0<\/p><ul><li>Les cookies de profilage, quant \u00e0 eux, sont con\u00e7us pour cr\u00e9er des profils d'utilisateurs et sont utilis\u00e9s pour envoyer des messages publicitaires en fonction des pr\u00e9f\u00e9rences exprim\u00e9es par l'utilisateur lors de sa navigation. Le consentement pr\u00e9alable de l'utilisateur est requis pour l'installation de ce type de cookies. Enfin, en fonction de leur dur\u00e9e, les cookies sont divis\u00e9s en cookies persistants, qui restent stock\u00e9s sur l'appareil de l'utilisateur jusqu'\u00e0 leur expiration, sauf suppression par l'utilisateur, et les cookies de session, qui disparaissent \u00e0 la fermeture du navigateur et ont donc une dur\u00e9e limit\u00e9e.<\/li><\/ul><p>\u00a0<\/p><p>Le Site <em>VB<\/em> utilise :<\/p><ul><li>Les cookies techniques de navigation (propri\u00e9taires et tiers) pour permettre \u00e0 l'utilisateur de naviguer normalement sur le Site, assurer son bon fonctionnement et l'utilisation de ses fonctions de base.<\/li><\/ul><p>\u00a0<\/p><ul><li>Les cookies analytiques (de tiers) pour collecter des informations sur l'utilisation du Site et effectuer des analyses statistiques. Le Site utilise un service qui ne permet pas l'identification de l'utilisateur, ce qui fait que les donn\u00e9es collect\u00e9es sont trait\u00e9es sous forme totalement agr\u00e9g\u00e9e et anonymis\u00e9e.<\/li><\/ul><p>\u00a0<\/p><p><strong>GESTION DES PR\u00c9F\u00c9RENCES EN MATI\u00c8RE DE COOKIES ET NATURE DE LA DISPOSITION<\/strong><\/p><p>Lors de la premi\u00e8re visite sur n'importe quelle page du Site, une banni\u00e8re contenant des informations r\u00e9capitulatives sur les cookies du Site est affich\u00e9e. En cliquant sur le bouton \"Tout autoriser\", l'utilisateur consent \u00e0 l'installation de tous les cookies sur le Site. En cliquant sur le bouton \"Autoriser les cookies techniques\", l'utilisateur poursuit sa navigation sans cookies autres que les cookies techniques pour lesquels le consentement n'est pas requis. En cliquant sur le bouton \"Param\u00e8tres des cookies\", l'utilisateur peut exprimer et enregistrer ses pr\u00e9f\u00e9rences pour chaque type de cookie sur le Site. Ces choix sont stock\u00e9s et enregistr\u00e9s gr\u00e2ce \u00e0 l'utilisation d'un \"cookie technique\" sp\u00e9cial, qui permet \u00e0 l'utilisateur d'acc\u00e9der directement au Site - lors de visites ult\u00e9rieures - sans avoir \u00e0 donner \u00e0 nouveau son consentement \u00e0 l'utilisation de ces cookies. En tout \u00e9tat de cause, l'utilisateur est toujours autoris\u00e9 \u00e0 modifier et \u00e0 g\u00e9rer les pr\u00e9f\u00e9rences exprim\u00e9es pour les cookies, en bloquant leur installation ou en r\u00e9voquant le consentement initialement donn\u00e9, en cliquant sur le lien du paragraphe pr\u00e9c\u00e9dent. En proc\u00e9dant ainsi, l'utilisateur peut v\u00e9rifier l'\u00e9tat actif ou inactif de chaque type de cookie sur le Site et g\u00e9rer les consentements associ\u00e9s. En plus de la gestion des consentements et des pr\u00e9f\u00e9rences concernant les cookies, l'utilisateur peut \u00e9galement obtenir des informations sur la d\u00e9sactivation des cookies tiers via le m\u00eame lien.<\/p><p>\u00a0<\/p><p><strong>MODALIT\u00c9S DE MODIFICATION DES PARAM\u00c8TRES DU NAVIGATEUR POUR LES COOKIES<\/strong><\/p><p>L'utilisateur a la possibilit\u00e9 \u00e0 tout moment de d\u00e9sactiver, d'activer ou de supprimer les cookies en utilisant les param\u00e8tres de son navigateur. Cependant, il est important de noter que certaines fonctionnalit\u00e9s du Site pourraient ne pas fonctionner correctement apr\u00e8s une telle d\u00e9sactivation. Voici les m\u00e9thodes propos\u00e9es par les principaux navigateurs :<\/p><p>\u00a0<\/p><ul><li>Chrome\u00a0: <a href=\"https:\/\/support.google.com\/chrome\/answer\/95647?hl=fr\">https:\/\/support.google.com\/chrome\/answer\/95647?hl=fr<\/a><\/li><li>Firefox\u00a0: <a href=\"https:\/\/support.mozilla.org\/fr\/kb\/activer-desactiver-cookies-preferences\">https:\/\/support.mozilla.org\/fr\/kb\/activer-desactiver-cookies-preferences<\/a><\/li><li>Microsoft Edge\u00a0: <a href=\"https:\/\/support.microsoft.com\/fr-fr\/windows\/microsoft-edge-browsing-data-and-privacy-bb8174ba-9d73-dcf2-9b4a-c582b4e640dd\">https:\/\/support.microsoft.com\/fr-fr\/windows\/microsoft-edge-browsing-data-and-privacy-bb8174ba-9d73-dcf2-9b4a-c582b4e640dd<\/a><\/li><li>Opera\u00a0: <a href=\"https:\/\/help.opera.com\/en\/latest\/security-and-privacy\/#clearBrowsingData\">https:\/\/help.opera.com\/en\/latest\/security-and-privacy\/#clearBrowsingData<\/a><\/li><li>Safari\u00a0: <a href=\"https:\/\/support.apple.com\/fr-fr\/guide\/safari\/manage-cookies-and-website-data-sfri11471\/mac\">https:\/\/support.apple.com\/fr-fr\/guide\/safari\/manage-cookies-and-website-data-sfri11471\/mac<\/a><\/li><\/ul><p>Il est \u00e0 noter qu'apr\u00e8s avoir effectu\u00e9 ces modifications, certaines fonctionnalit\u00e9s du Site pourraient ne pas \u00eatre correctement ex\u00e9cut\u00e9es.<\/p><p>\u00a0<\/p><p><strong>CONTACTS POUR PLUS D\u2019INFORMATIONS<\/strong><\/p><p>Pour des informations plus d\u00e9taill\u00e9es sur le traitement des donn\u00e9es personnelles par VICTORY BRANDS, veuillez-vous r\u00e9f\u00e9rer \u00e0 la <strong><u>Politique de confidentialit\u00e9<\/u><\/strong> sp\u00e9cifique.<\/p><p>\u00a0<\/p><p><strong>__________________________________________________________________________________<\/strong><\/p><p><strong>MERCI.<\/strong><\/p><p><strong>__________________________________________________________________________________<\/strong><\/p><p>\u00a0<\/p>\n\t\t\t\t\t<\/div>\n\t\t\t\t\t\t<\/div>\n\t\t\t\t<\/div>\n\t\t\t\t\t<\/div>\n\t\t<\/div>\n\t\t\t\t\t<\/div>\n\t\t<\/section>\n\t\t\t\t<\/div>\n\t\t","protected":false},"excerpt":{"rendered":"<p>POLITIQUE RELATIVE AUX COOKIES Publi\u00e9 le 21 septembre 2023 \u00e0 10 :59. \u00a0 \u00a0 Les pr\u00e9sentes informations ont pour but<\/p>\n","protected":false},"author":1,"featured_media":0,"parent":0,"menu_order":0,"comment_status":"closed","ping_status":"closed","template":"","meta":{"footnotes":""},"class_list":["post-19471","page","type-page","status-publish","hentry"],"_links":{"self":[{"href":"https:\/\/victorybrandsdz.com\/index.php\/wp-json\/wp\/v2\/pages\/19471","targetHints":{"allow":["GET"]}}],"collection":[{"href":"https:\/\/victorybrandsdz.com\/index.php\/wp-json\/wp\/v2\/pages"}],"about":[{"href":"https:\/\/victorybrandsdz.com\/index.php\/wp-json\/wp\/v2\/types\/page"}],"author":[{"embeddable":true,"href":"https:\/\/victorybrandsdz.com\/index.php\/wp-json\/wp\/v2\/users\/1"}],"replies":[{"embeddable":true,"href":"https:\/\/victorybrandsdz.com\/index.php\/wp-json\/wp\/v2\/comments?post=19471"}],"version-history":[{"count":5,"href":"https:\/\/victorybrandsdz.com\/index.php\/wp-json\/wp\/v2\/pages\/19471\/revisions"}],"predecessor-version":[{"id":36865,"href":"https:\/\/victorybrandsdz.com\/index.php\/wp-json\/wp\/v2\/pages\/19471\/revisions\/36865"}],"wp:attachment":[{"href":"https:\/\/victorybrandsdz.com\/index.php\/wp-json\/wp\/v2\/media?parent=19471"}],"curies":[{"name":"wp","href":"https:\/\/api.w.org\/{rel}","templated":true}]}}