{"id":19303,"date":"2023-11-15T08:27:03","date_gmt":"2023-11-15T07:27:03","guid":{"rendered":"http:\/\/victorybrandsdz.com\/?page_id=19303"},"modified":"2023-11-15T10:27:29","modified_gmt":"2023-11-15T09:27:29","slug":"qui-sommes-nous","status":"publish","type":"page","link":"https:\/\/victorybrandsdz.com\/index.php\/qui-sommes-nous\/","title":{"rendered":"Qui sommes nous ?"},"content":{"rendered":"\t\t<div data-elementor-type=\"wp-page\" data-elementor-id=\"19303\" class=\"elementor elementor-19303\">\n\t\t\t\t\t\t<section class=\"elementor-section elementor-top-section elementor-element elementor-element-bafae2c elementor-section-stretched elementor-section-boxed elementor-section-height-default elementor-section-height-default\" data-id=\"bafae2c\" data-element_type=\"section\" data-settings=\"{&quot;stretch_section&quot;:&quot;section-stretched&quot;}\">\n\t\t\t\t\t\t<div class=\"elementor-container elementor-column-gap-default\">\n\t\t\t\t\t<div class=\"elementor-column elementor-col-50 elementor-top-column elementor-element elementor-element-00b3935\" data-id=\"00b3935\" data-element_type=\"column\">\n\t\t\t<div class=\"elementor-widget-wrap elementor-element-populated\">\n\t\t\t\t\t\t<div class=\"elementor-element elementor-element-fb1701b elementor-widget elementor-widget-wd_text_block\" data-id=\"fb1701b\" data-element_type=\"widget\" data-widget_type=\"wd_text_block.default\">\n\t\t\t\t<div class=\"elementor-widget-container\">\n\t\t\t\t\t\t\t<div class=\"wd-text-block reset-last-child text-left\">\n\t\t\t\n\t\t\t<p>Chez Victory Brands, notre passion pour la mode et le sport se refl\u00e8te dans notre engagement \u00e0 offrir une exp\u00e9rience shopping exceptionnelle. Nous sommes une entreprise sp\u00e9cialis\u00e9e dans la distribution de chaussures et de v\u00eatements de sport et de mode pour femmes, hommes et enfants. Notre mission est simple : fournir \u00e0 nos clients actuels et potentiels un assortiment diversifi\u00e9 tout en mettant en avant les derni\u00e8res collections des grandes marques de sport telles qu'Adidas, Reebok, Puma, New Balance, et bien d'autres.<\/p>\n\t\t\t\t\t<\/div>\n\t\t\t\t\t\t<\/div>\n\t\t\t\t<\/div>\n\t\t\t\t\t<\/div>\n\t\t<\/div>\n\t\t\t\t<div class=\"elementor-column elementor-col-50 elementor-top-column elementor-element elementor-element-0e58eca\" data-id=\"0e58eca\" data-element_type=\"column\">\n\t\t\t<div class=\"elementor-widget-wrap elementor-element-populated\">\n\t\t\t\t\t\t<div class=\"elementor-element elementor-element-727e7c0 elementor-widget elementor-widget-wd_image_or_svg\" data-id=\"727e7c0\" data-element_type=\"widget\" data-widget_type=\"wd_image_or_svg.default\">\n\t\t\t\t<div class=\"elementor-widget-container\">\n\t\t\t\t\t\n\t\t<div class=\"wd-image text-left\">\n\t\t\t\t\t\t\t\t<img loading=\"lazy\" decoding=\"async\" width=\"768\" height=\"768\" src=\"https:\/\/victorybrandsdz.com\/wp-content\/uploads\/2023\/10\/Categorie-Femme.webp\" class=\"attachment-full size-full\" alt=\"\" srcset=\"https:\/\/victorybrandsdz.com\/wp-content\/uploads\/2023\/10\/Categorie-Femme.webp 768w, https:\/\/victorybrandsdz.com\/wp-content\/uploads\/2023\/10\/Categorie-Femme-430x430.webp 430w, https:\/\/victorybrandsdz.com\/wp-content\/uploads\/2023\/10\/Categorie-Femme-150x150.webp 150w, https:\/\/victorybrandsdz.com\/wp-content\/uploads\/2023\/10\/Categorie-Femme-700x700.webp 700w, https:\/\/victorybrandsdz.com\/wp-content\/uploads\/2023\/10\/Categorie-Femme-300x300.webp 300w\" sizes=\"auto, (max-width: 768px) 100vw, 768px\" \/>\t\t\t\t\t<\/div>\n\n\t\t\t\t\t\t<\/div>\n\t\t\t\t<\/div>\n\t\t\t\t\t<\/div>\n\t\t<\/div>\n\t\t\t\t\t<\/div>\n\t\t<\/section>\n\t\t\t\t<section class=\"elementor-section elementor-top-section elementor-element elementor-element-048ff39 elementor-section-stretched elementor-section-boxed elementor-section-height-default elementor-section-height-default\" data-id=\"048ff39\" data-element_type=\"section\" data-settings=\"{&quot;stretch_section&quot;:&quot;section-stretched&quot;,&quot;background_background&quot;:&quot;classic&quot;}\">\n\t\t\t\t\t\t<div class=\"elementor-container elementor-column-gap-default\">\n\t\t\t\t\t<div class=\"elementor-column elementor-col-100 elementor-top-column elementor-element elementor-element-d9814c1\" data-id=\"d9814c1\" data-element_type=\"column\">\n\t\t\t<div class=\"elementor-widget-wrap elementor-element-populated\">\n\t\t\t\t\t\t<div class=\"elementor-element elementor-element-6c85596 wd-width-100 elementor-widget elementor-widget-wd_title\" data-id=\"6c85596\" data-element_type=\"widget\" data-widget_type=\"wd_title.default\">\n\t\t\t\t<div class=\"elementor-widget-container\">\n\t\t\t\t\t\t\t<div class=\"title-wrapper wd-set-mb reset-last-child wd-title-color-black wd-title-style-default wd-title-size-medium text-left\">\n\n\t\t\t\n\t\t\t<div class=\"liner-continer\">\n\t\t\t\t<h3 class=\"woodmart-title-container title wd-fontsize-xl\">Le meilleurs pour nos clients<\/h3> \n\t\t\t\t\t\t\t<\/div>\n\n\t\t\t\t\t\t\t<div class=\"title-after_title reset-last-child wd-fontsize-s\">\n\t\t\t\t\t<p>Ce que nous offrons<\/p>\t\t\t\t<\/div>\n\t\t\t\t\t<\/div>\n\t\t\t\t\t\t<\/div>\n\t\t\t\t<\/div>\n\t\t\t\t\t<\/div>\n\t\t<\/div>\n\t\t\t\t\t<\/div>\n\t\t<\/section>\n\t\t\t\t<section class=\"elementor-section elementor-top-section elementor-element elementor-element-7b4c610 elementor-section-stretched elementor-section-boxed elementor-section-height-default elementor-section-height-default\" data-id=\"7b4c610\" data-element_type=\"section\" data-settings=\"{&quot;stretch_section&quot;:&quot;section-stretched&quot;,&quot;background_background&quot;:&quot;classic&quot;}\">\n\t\t\t\t\t\t<div class=\"elementor-container elementor-column-gap-default\">\n\t\t\t\t\t<div class=\"elementor-column elementor-col-50 elementor-top-column elementor-element elementor-element-2cef504\" data-id=\"2cef504\" data-element_type=\"column\">\n\t\t\t<div class=\"elementor-widget-wrap elementor-element-populated\">\n\t\t\t\t\t\t<div class=\"elementor-element elementor-element-c3cb166 elementor-widget elementor-widget-wd_image_or_svg\" data-id=\"c3cb166\" data-element_type=\"widget\" data-widget_type=\"wd_image_or_svg.default\">\n\t\t\t\t<div class=\"elementor-widget-container\">\n\t\t\t\t\t\n\t\t<div class=\"wd-image text-left\">\n\t\t\t\t\t\t\t\t<img loading=\"lazy\" decoding=\"async\" width=\"768\" height=\"768\" src=\"https:\/\/victorybrandsdz.com\/wp-content\/uploads\/2023\/10\/Categorie-Enfants.webp\" class=\"attachment-full size-full\" alt=\"\" srcset=\"https:\/\/victorybrandsdz.com\/wp-content\/uploads\/2023\/10\/Categorie-Enfants.webp 768w, https:\/\/victorybrandsdz.com\/wp-content\/uploads\/2023\/10\/Categorie-Enfants-430x430.webp 430w, https:\/\/victorybrandsdz.com\/wp-content\/uploads\/2023\/10\/Categorie-Enfants-150x150.webp 150w, https:\/\/victorybrandsdz.com\/wp-content\/uploads\/2023\/10\/Categorie-Enfants-700x700.webp 700w, https:\/\/victorybrandsdz.com\/wp-content\/uploads\/2023\/10\/Categorie-Enfants-300x300.webp 300w\" sizes=\"auto, (max-width: 768px) 100vw, 768px\" \/>\t\t\t\t\t<\/div>\n\n\t\t\t\t\t\t<\/div>\n\t\t\t\t<\/div>\n\t\t\t\t\t<\/div>\n\t\t<\/div>\n\t\t\t\t<div class=\"elementor-column elementor-col-50 elementor-top-column elementor-element elementor-element-bd60231\" data-id=\"bd60231\" data-element_type=\"column\">\n\t\t\t<div class=\"elementor-widget-wrap elementor-element-populated\">\n\t\t\t\t\t\t<div class=\"elementor-element elementor-element-c4b1cb9 elementor-widget elementor-widget-wd_text_block\" data-id=\"c4b1cb9\" data-element_type=\"widget\" data-widget_type=\"wd_text_block.default\">\n\t\t\t\t<div class=\"elementor-widget-container\">\n\t\t\t\t\t\t\t<div class=\"wd-text-block reset-last-child text-left\">\n\t\t\t\n\t\t\t<p>Que vous soyez un passionn\u00e9 de sneakers ou \u00e0 la recherche des derni\u00e8res tendances en mati\u00e8re de mode sportive, chez Victory Brands, nous avons ce qu'il vous faut. Notre s\u00e9lection soigneusement choisie allie qualit\u00e9, style et fonctionnalit\u00e9 pour r\u00e9pondre \u00e0 vos besoins sp\u00e9cifiques.<\/p><p>Nous comprenons que la diversit\u00e9 va au-del\u00e0 des choix de produits. C'est pourquoi nous nous effor\u00e7ons de rendre la mode accessible \u00e0 tous, en proposant des prix abordables pour les petits budgets, ainsi que des tarifs raisonnables pour les amateurs de mode et de sneakers.<\/p><p>Vous pouvez explorer notre gamme compl\u00e8te soit en ligne, sur notre site e-commerce convivial, soit en vous rendant dans notre boutique physique situ\u00e9e au Boulevard des 20 m\u00e8tres \u00e0 Blida. Notre \u00e9quipe d\u00e9vou\u00e9e est l\u00e0 pour vous offrir un service personnalis\u00e9, vous guider dans vos choix et rendre votre exp\u00e9rience shopping inoubliable.<\/p>\n\t\t\t\t\t<\/div>\n\t\t\t\t\t\t<\/div>\n\t\t\t\t<\/div>\n\t\t\t\t\t<\/div>\n\t\t<\/div>\n\t\t\t\t\t<\/div>\n\t\t<\/section>\n\t\t\t\t<section class=\"elementor-section elementor-top-section elementor-element elementor-element-4bb8a47 elementor-section-stretched elementor-section-boxed elementor-section-height-default elementor-section-height-default\" data-id=\"4bb8a47\" data-element_type=\"section\" data-settings=\"{&quot;stretch_section&quot;:&quot;section-stretched&quot;,&quot;background_background&quot;:&quot;classic&quot;}\">\n\t\t\t\t\t\t<div class=\"elementor-container elementor-column-gap-default\">\n\t\t\t\t\t<div class=\"elementor-column elementor-col-100 elementor-top-column elementor-element elementor-element-b5fee59\" data-id=\"b5fee59\" data-element_type=\"column\">\n\t\t\t<div class=\"elementor-widget-wrap elementor-element-populated\">\n\t\t\t\t\t\t<div class=\"elementor-element elementor-element-22e50e4 wd-width-100 elementor-widget elementor-widget-wd_title\" data-id=\"22e50e4\" data-element_type=\"widget\" data-widget_type=\"wd_title.default\">\n\t\t\t\t<div class=\"elementor-widget-container\">\n\t\t\t\t\t\t\t<div class=\"title-wrapper wd-set-mb reset-last-child wd-title-color-black wd-title-style-default wd-title-size-medium text-left\">\n\n\t\t\t\n\t\t\t<div class=\"liner-continer\">\n\t\t\t\t<h3 class=\"woodmart-title-container title wd-fontsize-xl\">Pour vous les retailers<\/h3> \n\t\t\t\t\t\t\t<\/div>\n\n\t\t\t\t\t\t\t<div class=\"title-after_title reset-last-child wd-fontsize-s\">\n\t\t\t\t\t<p>N'h\u00e9sitez pas \u00e0 prendre contact avec nous<\/p>\t\t\t\t<\/div>\n\t\t\t\t\t<\/div>\n\t\t\t\t\t\t<\/div>\n\t\t\t\t<\/div>\n\t\t\t\t\t<\/div>\n\t\t<\/div>\n\t\t\t\t\t<\/div>\n\t\t<\/section>\n\t\t\t\t<section class=\"elementor-section elementor-top-section elementor-element elementor-element-2932544 elementor-section-stretched elementor-section-boxed elementor-section-height-default elementor-section-height-default\" data-id=\"2932544\" data-element_type=\"section\" data-settings=\"{&quot;stretch_section&quot;:&quot;section-stretched&quot;}\">\n\t\t\t\t\t\t<div class=\"elementor-container elementor-column-gap-default\">\n\t\t\t\t\t<div class=\"elementor-column elementor-col-50 elementor-top-column elementor-element elementor-element-2087e59\" data-id=\"2087e59\" data-element_type=\"column\">\n\t\t\t<div class=\"elementor-widget-wrap elementor-element-populated\">\n\t\t\t\t\t\t<div class=\"elementor-element elementor-element-e0b3e3a elementor-widget elementor-widget-wd_text_block\" data-id=\"e0b3e3a\" data-element_type=\"widget\" data-widget_type=\"wd_text_block.default\">\n\t\t\t\t<div class=\"elementor-widget-container\">\n\t\t\t\t\t\t\t<div class=\"wd-text-block reset-last-child text-left\">\n\t\t\t\n\t\t\t<p>Chez Victory Brands, nous sommes fiers d'offrir non seulement des produits de qualit\u00e9, mais aussi une possibilit\u00e9 d'achat en gros pour les commer\u00e7ants souhaitant faire de la revente en l'\u00e9tat. Nous croyons en la construction de partenariats solides et en fournissant des solutions adapt\u00e9es aux besoins de nos clients professionnels.<\/p><p>Merci de faire partie de la communaut\u00e9 Victory Brands. Chez nous, chaque client est un partenaire dans notre qu\u00eate de la victoire dans le monde de la mode et du sport<\/p>\n\t\t\t\t\t<\/div>\n\t\t\t\t\t\t<\/div>\n\t\t\t\t<\/div>\n\t\t\t\t\t<\/div>\n\t\t<\/div>\n\t\t\t\t<div class=\"elementor-column elementor-col-50 elementor-top-column elementor-element elementor-element-ed7a6e2\" data-id=\"ed7a6e2\" data-element_type=\"column\">\n\t\t\t<div class=\"elementor-widget-wrap elementor-element-populated\">\n\t\t\t\t\t\t<div class=\"elementor-element elementor-element-3d2ae40 elementor-widget elementor-widget-wd_image_or_svg\" data-id=\"3d2ae40\" data-element_type=\"widget\" data-widget_type=\"wd_image_or_svg.default\">\n\t\t\t\t<div class=\"elementor-widget-container\">\n\t\t\t\t\t\n\t\t<div class=\"wd-image text-left\">\n\t\t\t\t\t\t\t\t<img loading=\"lazy\" decoding=\"async\" width=\"768\" height=\"768\" src=\"https:\/\/victorybrandsdz.com\/wp-content\/uploads\/2023\/10\/Banner-VCB-Mobile.webp\" class=\"attachment-full size-full\" alt=\"\" srcset=\"https:\/\/victorybrandsdz.com\/wp-content\/uploads\/2023\/10\/Banner-VCB-Mobile.webp 768w, https:\/\/victorybrandsdz.com\/wp-content\/uploads\/2023\/10\/Banner-VCB-Mobile-430x430.webp 430w, https:\/\/victorybrandsdz.com\/wp-content\/uploads\/2023\/10\/Banner-VCB-Mobile-150x150.webp 150w, https:\/\/victorybrandsdz.com\/wp-content\/uploads\/2023\/10\/Banner-VCB-Mobile-700x700.webp 700w, https:\/\/victorybrandsdz.com\/wp-content\/uploads\/2023\/10\/Banner-VCB-Mobile-300x300.webp 300w\" sizes=\"auto, (max-width: 768px) 100vw, 768px\" \/>\t\t\t\t\t<\/div>\n\n\t\t\t\t\t\t<\/div>\n\t\t\t\t<\/div>\n\t\t\t\t\t<\/div>\n\t\t<\/div>\n\t\t\t\t\t<\/div>\n\t\t<\/section>\n\t\t\t\t<section class=\"elementor-section elementor-top-section elementor-element elementor-element-21d8efb elementor-section-stretched elementor-section-boxed elementor-section-height-default elementor-section-height-default\" data-id=\"21d8efb\" data-element_type=\"section\" data-settings=\"{&quot;stretch_section&quot;:&quot;section-stretched&quot;,&quot;background_background&quot;:&quot;classic&quot;}\">\n\t\t\t\t\t\t<div class=\"elementor-container elementor-column-gap-default\">\n\t\t\t\t\t<div class=\"elementor-column elementor-col-100 elementor-top-column elementor-element elementor-element-76c69b7\" data-id=\"76c69b7\" data-element_type=\"column\">\n\t\t\t<div class=\"elementor-widget-wrap elementor-element-populated\">\n\t\t\t\t\t\t<div class=\"elementor-element elementor-element-895585b wd-width-100 elementor-widget elementor-widget-wd_title\" data-id=\"895585b\" data-element_type=\"widget\" data-widget_type=\"wd_title.default\">\n\t\t\t\t<div class=\"elementor-widget-container\">\n\t\t\t\t\t\t\t<div class=\"title-wrapper wd-set-mb reset-last-child wd-title-color-black wd-title-style-default wd-title-size-medium text-left\">\n\n\t\t\t\n\t\t\t<div class=\"liner-continer\">\n\t\t\t\t<h3 class=\"woodmart-title-container title wd-fontsize-xl\">Contactez nous<\/h3> \n\t\t\t\t\t\t\t<\/div>\n\n\t\t\t\t\t\t\t<div class=\"title-after_title reset-last-child wd-fontsize-s\">\n\t\t\t\t\t<p>Nous serons ravis de communiquer avec vous<\/p>\t\t\t\t<\/div>\n\t\t\t\t\t<\/div>\n\t\t\t\t\t\t<\/div>\n\t\t\t\t<\/div>\n\t\t\t\t\t<\/div>\n\t\t<\/div>\n\t\t\t\t\t<\/div>\n\t\t<\/section>\n\t\t\t\t<section class=\"elementor-section elementor-top-section elementor-element elementor-element-e511527 elementor-section-stretched elementor-section-boxed elementor-section-height-default elementor-section-height-default\" data-id=\"e511527\" data-element_type=\"section\" data-settings=\"{&quot;stretch_section&quot;:&quot;section-stretched&quot;,&quot;background_background&quot;:&quot;classic&quot;}\">\n\t\t\t\t\t\t<div class=\"elementor-container elementor-column-gap-default\">\n\t\t\t\t\t<div class=\"elementor-column elementor-col-50 elementor-top-column elementor-element elementor-element-717d623\" data-id=\"717d623\" data-element_type=\"column\">\n\t\t\t<div class=\"elementor-widget-wrap elementor-element-populated\">\n\t\t\t\t\t\t<div class=\"elementor-element elementor-element-2ee1b7f elementor-widget elementor-widget-wd_image_or_svg\" data-id=\"2ee1b7f\" data-element_type=\"widget\" data-widget_type=\"wd_image_or_svg.default\">\n\t\t\t\t<div class=\"elementor-widget-container\">\n\t\t\t\t\t\n\t\t<div class=\"wd-image text-left\">\n\t\t\t\t\t\t\t\t<img loading=\"lazy\" decoding=\"async\" width=\"832\" height=\"1320\" src=\"https:\/\/victorybrandsdz.com\/wp-content\/uploads\/2023\/11\/C003-Banner-001-Mobile.webp\" class=\"attachment-full size-full\" alt=\"\" srcset=\"https:\/\/victorybrandsdz.com\/wp-content\/uploads\/2023\/11\/C003-Banner-001-Mobile.webp 832w, https:\/\/victorybrandsdz.com\/wp-content\/uploads\/2023\/11\/C003-Banner-001-Mobile-430x682.webp 430w, https:\/\/victorybrandsdz.com\/wp-content\/uploads\/2023\/11\/C003-Banner-001-Mobile-150x238.webp 150w, https:\/\/victorybrandsdz.com\/wp-content\/uploads\/2023\/11\/C003-Banner-001-Mobile-700x1111.webp 700w, https:\/\/victorybrandsdz.com\/wp-content\/uploads\/2023\/11\/C003-Banner-001-Mobile-189x300.webp 189w, https:\/\/victorybrandsdz.com\/wp-content\/uploads\/2023\/11\/C003-Banner-001-Mobile-504x800.webp 504w, https:\/\/victorybrandsdz.com\/wp-content\/uploads\/2023\/11\/C003-Banner-001-Mobile-768x1218.webp 768w\" sizes=\"auto, (max-width: 832px) 100vw, 832px\" \/>\t\t\t\t\t<\/div>\n\n\t\t\t\t\t\t<\/div>\n\t\t\t\t<\/div>\n\t\t\t\t\t<\/div>\n\t\t<\/div>\n\t\t\t\t<div class=\"elementor-column elementor-col-50 elementor-top-column elementor-element elementor-element-34ac41f\" data-id=\"34ac41f\" data-element_type=\"column\">\n\t\t\t<div class=\"elementor-widget-wrap elementor-element-populated\">\n\t\t\t\t\t\t<div class=\"elementor-element elementor-element-c02beeb wd-cf7 elementor-widget elementor-widget-wd_contact_form_7\" data-id=\"c02beeb\" data-element_type=\"widget\" data-widget_type=\"wd_contact_form_7.default\">\n\t\t\t\t<div class=\"elementor-widget-container\">\n\t\t\t\t\t\n<div class=\"wpcf7 no-js\" id=\"wpcf7-f19314-o1\" lang=\"fr-FR\" dir=\"ltr\" data-wpcf7-id=\"19314\">\n<div class=\"screen-reader-response\"><p role=\"status\" aria-live=\"polite\" aria-atomic=\"true\"><\/p> <ul><\/ul><\/div>\n<form action=\"\/index.php\/wp-json\/wp\/v2\/pages\/19303#wpcf7-f19314-o1\" method=\"post\" class=\"wpcf7-form init\" aria-label=\"Formulaire de contact\" novalidate=\"novalidate\" data-status=\"init\">\n<fieldset class=\"hidden-fields-container\"><input type=\"hidden\" name=\"_wpcf7\" value=\"19314\" \/><input type=\"hidden\" name=\"_wpcf7_version\" value=\"6.1.4\" \/><input type=\"hidden\" name=\"_wpcf7_locale\" value=\"fr_FR\" \/><input type=\"hidden\" name=\"_wpcf7_unit_tag\" value=\"wpcf7-f19314-o1\" \/><input type=\"hidden\" name=\"_wpcf7_container_post\" value=\"0\" \/><input type=\"hidden\" name=\"_wpcf7_posted_data_hash\" value=\"\" \/>\n<\/fieldset>\n<p><label> Votre nom<br \/>\n<span class=\"wpcf7-form-control-wrap\" data-name=\"your-name\"><input size=\"40\" maxlength=\"400\" class=\"wpcf7-form-control wpcf7-text wpcf7-validates-as-required\" autocomplete=\"name\" aria-required=\"true\" aria-invalid=\"false\" value=\"\" type=\"text\" name=\"your-name\" \/><\/span> <\/label>\n<\/p>\n<p><label> Votre e-mail<br \/>\n<span class=\"wpcf7-form-control-wrap\" data-name=\"your-email\"><input size=\"40\" maxlength=\"400\" class=\"wpcf7-form-control wpcf7-email wpcf7-validates-as-required wpcf7-text wpcf7-validates-as-email\" autocomplete=\"email\" aria-required=\"true\" aria-invalid=\"false\" value=\"\" type=\"email\" name=\"your-email\" \/><\/span> <\/label>\n<\/p>\n<p><label> Objet<br \/>\n<span class=\"wpcf7-form-control-wrap\" data-name=\"your-subject\"><input size=\"40\" maxlength=\"400\" class=\"wpcf7-form-control wpcf7-text wpcf7-validates-as-required\" aria-required=\"true\" aria-invalid=\"false\" value=\"\" type=\"text\" name=\"your-subject\" \/><\/span> <\/label>\n<\/p>\n<p><label> Votre message (facultatif)<br \/>\n<span class=\"wpcf7-form-control-wrap\" data-name=\"your-message\"><textarea cols=\"40\" rows=\"10\" maxlength=\"2000\" class=\"wpcf7-form-control wpcf7-textarea\" aria-invalid=\"false\" name=\"your-message\"><\/textarea><\/span> <\/label>\n<\/p>\n<p><input class=\"wpcf7-form-control wpcf7-submit has-spinner\" type=\"submit\" value=\"Envoyer\" \/>\n<\/p><div class=\"wpcf7-response-output\" aria-hidden=\"true\"><\/div>\n<\/form>\n<\/div>\n\t\t\t\t<\/div>\n\t\t\t\t<\/div>\n\t\t\t\t\t<\/div>\n\t\t<\/div>\n\t\t\t\t\t<\/div>\n\t\t<\/section>\n\t\t\t\t<\/div>\n\t\t","protected":false},"excerpt":{"rendered":"<p>Chez Victory Brands, notre passion pour la mode et le sport se refl\u00e8te dans notre engagement \u00e0 offrir une exp\u00e9rience<\/p>\n","protected":false},"author":1,"featured_media":0,"parent":0,"menu_order":0,"comment_status":"closed","ping_status":"closed","template":"","meta":{"footnotes":""},"class_list":["post-19303","page","type-page","status-publish","hentry"],"_links":{"self":[{"href":"https:\/\/victorybrandsdz.com\/index.php\/wp-json\/wp\/v2\/pages\/19303","targetHints":{"allow":["GET"]}}],"collection":[{"href":"https:\/\/victorybrandsdz.com\/index.php\/wp-json\/wp\/v2\/pages"}],"about":[{"href":"https:\/\/victorybrandsdz.com\/index.php\/wp-json\/wp\/v2\/types\/page"}],"author":[{"embeddable":true,"href":"https:\/\/victorybrandsdz.com\/index.php\/wp-json\/wp\/v2\/users\/1"}],"replies":[{"embeddable":true,"href":"https:\/\/victorybrandsdz.com\/index.php\/wp-json\/wp\/v2\/comments?post=19303"}],"version-history":[{"count":48,"href":"https:\/\/victorybrandsdz.com\/index.php\/wp-json\/wp\/v2\/pages\/19303\/revisions"}],"predecessor-version":[{"id":36864,"href":"https:\/\/victorybrandsdz.com\/index.php\/wp-json\/wp\/v2\/pages\/19303\/revisions\/36864"}],"wp:attachment":[{"href":"https:\/\/victorybrandsdz.com\/index.php\/wp-json\/wp\/v2\/media?parent=19303"}],"curies":[{"name":"wp","href":"https:\/\/api.w.org\/{rel}","templated":true}]}}